{"id":68537,"date":"2025-11-26T00:48:41","date_gmt":"2025-11-25T23:48:41","guid":{"rendered":"https:\/\/kstoryespana.com\/product\/anua-peach-77-niacin-essence-toner\/"},"modified":"2026-05-03T20:50:54","modified_gmt":"2026-05-03T18:50:54","slug":"anua-peach-77-niacin-essence-toner","status":"publish","type":"product","link":"https:\/\/kstoryespana.com\/es\/product\/anua-peach-77-niacin-essence-toner\/","title":{"rendered":"Anua Peach 77% Niacin Essence Toner"},"excerpt":{"rendered":"<p>Descripci\u00f3n: Anua Peach 77% Niacin Essence Toner es un t\u00f3nico iluminador e hidratante que combina las funciones de t\u00f3nico y esencia para proporcionar un cuidado integral a la piel. Con un 77% de extracto de melocot\u00f3n, hidrata en profundidad, mejora la textura cut\u00e1nea y deja un acabado luminoso y radiante. Su sistema Peach Melting Peel\u2122exfolia [&hellip;]<\/p>\n","protected":false},"featured_media":0,"template":"","meta":[],"product_brand":[4535],"product_cat":[4403],"product_tag":[],"class_list":{"0":"post-68537","1":"product","2":"type-product","3":"status-publish","5":"product_brand-stock-in-spain","6":"product_cat-kstoryespana","8":"first","9":"instock","10":"taxable","11":"shipping-taxable","12":"purchasable","13":"product-type-simple"},"jetpack_sharing_enabled":true,"_links":{"self":[{"href":"https:\/\/kstoryespana.com\/es\/wp-json\/wp\/v2\/product\/68537","targetHints":{"allow":["GET"]}}],"collection":[{"href":"https:\/\/kstoryespana.com\/es\/wp-json\/wp\/v2\/product"}],"about":[{"href":"https:\/\/kstoryespana.com\/es\/wp-json\/wp\/v2\/types\/product"}],"wp:attachment":[{"href":"https:\/\/kstoryespana.com\/es\/wp-json\/wp\/v2\/media?parent=68537"}],"wp:term":[{"taxonomy":"product_brand","embeddable":true,"href":"https:\/\/kstoryespana.com\/es\/wp-json\/wp\/v2\/product_brand?post=68537"},{"taxonomy":"product_cat","embeddable":true,"href":"https:\/\/kstoryespana.com\/es\/wp-json\/wp\/v2\/product_cat?post=68537"},{"taxonomy":"product_tag","embeddable":true,"href":"https:\/\/kstoryespana.com\/es\/wp-json\/wp\/v2\/product_tag?post=68537"}],"curies":[{"name":"wp","href":"https:\/\/api.w.org\/{rel}","templated":true}]}}