{"id":68536,"date":"2025-11-26T00:48:41","date_gmt":"2025-11-25T23:48:41","guid":{"rendered":"https:\/\/kstoryespana.com\/product\/anua-peach-77-niacin-enriched-cream\/"},"modified":"2026-05-03T21:40:23","modified_gmt":"2026-05-03T19:40:23","slug":"anua-peach-77-niacin-enriched-cream","status":"publish","type":"product","link":"https:\/\/kstoryespana.com\/es\/product\/anua-peach-77-niacin-enriched-cream\/","title":{"rendered":"Anua Peach 77% Niacin Enriched Cream"},"excerpt":{"rendered":"<p>Descripci\u00f3n: Anua Peach 77% Niacin Enriched Cream es una crema facial ligera e intensamente hidratante, formulada con un 77% de extracto de melocot\u00f3n, rico en vitaminas y antioxidantes que nutren y revitalizan la piel. Su combinaci\u00f3n de niacinamida (vitamina B3), ceramidas, pantenol y \u00e1cido hialur\u00f3nico ayuda a hidratar en profundidad, mejorar la elasticidad, reducir las [&hellip;]<\/p>\n","protected":false},"featured_media":0,"template":"","meta":[],"product_brand":[4535],"product_cat":[4403],"product_tag":[],"class_list":{"0":"post-68536","1":"product","2":"type-product","3":"status-publish","5":"product_brand-stock-in-spain","6":"product_cat-kstoryespana","8":"first","9":"instock","10":"taxable","11":"shipping-taxable","12":"purchasable","13":"product-type-simple"},"jetpack_sharing_enabled":true,"_links":{"self":[{"href":"https:\/\/kstoryespana.com\/es\/wp-json\/wp\/v2\/product\/68536","targetHints":{"allow":["GET"]}}],"collection":[{"href":"https:\/\/kstoryespana.com\/es\/wp-json\/wp\/v2\/product"}],"about":[{"href":"https:\/\/kstoryespana.com\/es\/wp-json\/wp\/v2\/types\/product"}],"wp:attachment":[{"href":"https:\/\/kstoryespana.com\/es\/wp-json\/wp\/v2\/media?parent=68536"}],"wp:term":[{"taxonomy":"product_brand","embeddable":true,"href":"https:\/\/kstoryespana.com\/es\/wp-json\/wp\/v2\/product_brand?post=68536"},{"taxonomy":"product_cat","embeddable":true,"href":"https:\/\/kstoryespana.com\/es\/wp-json\/wp\/v2\/product_cat?post=68536"},{"taxonomy":"product_tag","embeddable":true,"href":"https:\/\/kstoryespana.com\/es\/wp-json\/wp\/v2\/product_tag?post=68536"}],"curies":[{"name":"wp","href":"https:\/\/api.w.org\/{rel}","templated":true}]}}