{"id":68535,"date":"2025-11-26T00:48:40","date_gmt":"2025-11-25T23:48:40","guid":{"rendered":"https:\/\/kstoryespana.com\/product\/anua-peach-77-niacin-conditioning-milk\/"},"modified":"2026-05-03T20:50:54","modified_gmt":"2026-05-03T18:50:54","slug":"anua-peach-77-niacin-conditioning-milk","status":"publish","type":"product","link":"https:\/\/kstoryespana.com\/es\/product\/anua-peach-77-niacin-conditioning-milk\/","title":{"rendered":"Anua Peach 77% Niacin Conditioning Milk"},"excerpt":{"rendered":"<p>Descripci\u00f3n: Anua Peach 77% Niacin Conditioning Milk es una emulsi\u00f3n facial ligera y refrescante que hidrata, fortalece y revitaliza la piel con un 77% de extracto de melocot\u00f3n y un 2% de niacinamida. Su f\u00f3rmula rica en antioxidantes y vitaminas mejora la barrera cut\u00e1nea, proporcionando luminosidad, firmeza e hidrataci\u00f3n duradera sin obstruir los poros. Gracias [&hellip;]<\/p>\n","protected":false},"featured_media":0,"template":"","meta":[],"product_brand":[],"product_cat":[4403],"product_tag":[],"class_list":{"0":"post-68535","1":"product","2":"type-product","3":"status-publish","5":"product_cat-kstoryespana","7":"first","8":"instock","9":"taxable","10":"shipping-taxable","11":"purchasable","12":"product-type-simple"},"jetpack_sharing_enabled":true,"_links":{"self":[{"href":"https:\/\/kstoryespana.com\/es\/wp-json\/wp\/v2\/product\/68535","targetHints":{"allow":["GET"]}}],"collection":[{"href":"https:\/\/kstoryespana.com\/es\/wp-json\/wp\/v2\/product"}],"about":[{"href":"https:\/\/kstoryespana.com\/es\/wp-json\/wp\/v2\/types\/product"}],"wp:attachment":[{"href":"https:\/\/kstoryespana.com\/es\/wp-json\/wp\/v2\/media?parent=68535"}],"wp:term":[{"taxonomy":"product_brand","embeddable":true,"href":"https:\/\/kstoryespana.com\/es\/wp-json\/wp\/v2\/product_brand?post=68535"},{"taxonomy":"product_cat","embeddable":true,"href":"https:\/\/kstoryespana.com\/es\/wp-json\/wp\/v2\/product_cat?post=68535"},{"taxonomy":"product_tag","embeddable":true,"href":"https:\/\/kstoryespana.com\/es\/wp-json\/wp\/v2\/product_tag?post=68535"}],"curies":[{"name":"wp","href":"https:\/\/api.w.org\/{rel}","templated":true}]}}