{"id":68532,"date":"2025-11-26T00:48:38","date_gmt":"2025-11-25T23:48:38","guid":{"rendered":"https:\/\/kstoryespana.com\/product\/anua-heartleaf-80-moisture-soothing-ampoule\/"},"modified":"2026-05-03T21:40:21","modified_gmt":"2026-05-03T19:40:21","slug":"anua-heartleaf-80-moisture-soothing-ampoule","status":"publish","type":"product","link":"https:\/\/kstoryespana.com\/es\/product\/anua-heartleaf-80-moisture-soothing-ampoule\/","title":{"rendered":"Anua Heartleaf 80% Moisture Soothing Ampoule"},"excerpt":{"rendered":"<p>Descripci\u00f3n: Anua Heartleaf 80% Moisture Soothing Ampoule es una ampolla hidratante y calmante formulada con un 80% de extracto de Houttuynia Cordata, un ingrediente reconocido por sus propiedades antiinflamatorias y protectoras. Su textura ligera y acuosa se absorbe r\u00e1pidamente sin dejar sensaci\u00f3n pegajosa, proporcionando hidrataci\u00f3n profunda, alivio inmediato a la piel irritada y fortalecimiento de [&hellip;]<\/p>\n","protected":false},"featured_media":0,"template":"","meta":[],"product_brand":[4535],"product_cat":[4403],"product_tag":[],"class_list":{"0":"post-68532","1":"product","2":"type-product","3":"status-publish","5":"product_brand-stock-in-spain","6":"product_cat-kstoryespana","8":"first","9":"instock","10":"taxable","11":"shipping-taxable","12":"purchasable","13":"product-type-simple"},"jetpack_sharing_enabled":true,"_links":{"self":[{"href":"https:\/\/kstoryespana.com\/es\/wp-json\/wp\/v2\/product\/68532","targetHints":{"allow":["GET"]}}],"collection":[{"href":"https:\/\/kstoryespana.com\/es\/wp-json\/wp\/v2\/product"}],"about":[{"href":"https:\/\/kstoryespana.com\/es\/wp-json\/wp\/v2\/types\/product"}],"wp:attachment":[{"href":"https:\/\/kstoryespana.com\/es\/wp-json\/wp\/v2\/media?parent=68532"}],"wp:term":[{"taxonomy":"product_brand","embeddable":true,"href":"https:\/\/kstoryespana.com\/es\/wp-json\/wp\/v2\/product_brand?post=68532"},{"taxonomy":"product_cat","embeddable":true,"href":"https:\/\/kstoryespana.com\/es\/wp-json\/wp\/v2\/product_cat?post=68532"},{"taxonomy":"product_tag","embeddable":true,"href":"https:\/\/kstoryespana.com\/es\/wp-json\/wp\/v2\/product_tag?post=68532"}],"curies":[{"name":"wp","href":"https:\/\/api.w.org\/{rel}","templated":true}]}}