{"id":68527,"date":"2025-11-26T00:48:33","date_gmt":"2025-11-25T23:48:33","guid":{"rendered":"https:\/\/kstoryespana.com\/product\/anua-bha-2-gentle-exfoliating-toner\/"},"modified":"2026-05-03T21:40:21","modified_gmt":"2026-05-03T19:40:21","slug":"anua-bha-2-gentle-exfoliating-toner","status":"publish","type":"product","link":"https:\/\/kstoryespana.com\/es\/product\/anua-bha-2-gentle-exfoliating-toner\/","title":{"rendered":"Anua BHA 2% Gentle Exfoliating Toner"},"excerpt":{"rendered":"<p>Descripci\u00f3n: El Anua BHA 2% Gentle Exfoliating Toner es un t\u00f3nico exfoliante suave dise\u00f1ado para eliminar impurezas, c\u00e9lulas muertas y exceso de grasa sin irritar la piel. Formulado con un 2% de BHA (\u00e1cido salic\u00edlico) y 6 tipos de ceramidas, ayuda a destapar los poros, reducir la textura irregular y fortalecer la barrera cut\u00e1nea. Su [&hellip;]<\/p>\n","protected":false},"featured_media":0,"template":"","meta":[],"product_brand":[4535],"product_cat":[4403],"product_tag":[],"class_list":{"0":"post-68527","1":"product","2":"type-product","3":"status-publish","5":"product_brand-stock-in-spain","6":"product_cat-kstoryespana","8":"first","9":"instock","10":"taxable","11":"shipping-taxable","12":"purchasable","13":"product-type-simple"},"jetpack_sharing_enabled":true,"_links":{"self":[{"href":"https:\/\/kstoryespana.com\/es\/wp-json\/wp\/v2\/product\/68527","targetHints":{"allow":["GET"]}}],"collection":[{"href":"https:\/\/kstoryespana.com\/es\/wp-json\/wp\/v2\/product"}],"about":[{"href":"https:\/\/kstoryespana.com\/es\/wp-json\/wp\/v2\/types\/product"}],"wp:attachment":[{"href":"https:\/\/kstoryespana.com\/es\/wp-json\/wp\/v2\/media?parent=68527"}],"wp:term":[{"taxonomy":"product_brand","embeddable":true,"href":"https:\/\/kstoryespana.com\/es\/wp-json\/wp\/v2\/product_brand?post=68527"},{"taxonomy":"product_cat","embeddable":true,"href":"https:\/\/kstoryespana.com\/es\/wp-json\/wp\/v2\/product_cat?post=68527"},{"taxonomy":"product_tag","embeddable":true,"href":"https:\/\/kstoryespana.com\/es\/wp-json\/wp\/v2\/product_tag?post=68527"}],"curies":[{"name":"wp","href":"https:\/\/api.w.org\/{rel}","templated":true}]}}