{"id":66138,"date":"2025-11-10T21:16:01","date_gmt":"2025-11-10T20:16:01","guid":{"rendered":"https:\/\/kstoryespana.com\/product\/ateez-8room-7th-anniversary-pop-up-official-md-7-year-celebration-newsletter\/"},"modified":"2026-05-03T20:49:32","modified_gmt":"2026-05-03T18:49:32","slug":"ateez-8room-7th-anniversary-pop-up-official-md-7-year-celebration-newsletter","status":"publish","type":"product","link":"https:\/\/kstoryespana.com\/es\/product\/ateez-8room-7th-anniversary-pop-up-official-md-7-year-celebration-newsletter\/","title":{"rendered":"ATEEZ - 8ROOM 7TH ANNIVERSARY POP-UP BOLET\u00cdN OFICIAL DE CELEBRACI\u00d3N DE LOS 7 A\u00d1OS DE MD"},"excerpt":{"rendered":"<p>Release date: January 19th, 2026 ATEEZ &#8211; 8ROOM 7TH ANNIVERSARY POP-UP OFFICIAL MD 7-YEAR CELEBRATION NEWSLETTER<\/p>","protected":false},"featured_media":71201,"template":"","meta":[],"product_brand":[],"product_cat":[7226,4403],"product_tag":[7245],"class_list":{"0":"post-66138","1":"product","2":"type-product","3":"status-publish","4":"has-post-thumbnail","6":"product_cat-merch-2","7":"product_cat-kstoryespana","8":"product_tag-ateez","10":"first","11":"instock","12":"taxable","13":"shipping-taxable","14":"purchasable","15":"product-type-variable"},"jetpack_sharing_enabled":true,"_links":{"self":[{"href":"https:\/\/kstoryespana.com\/es\/wp-json\/wp\/v2\/product\/66138","targetHints":{"allow":["GET"]}}],"collection":[{"href":"https:\/\/kstoryespana.com\/es\/wp-json\/wp\/v2\/product"}],"about":[{"href":"https:\/\/kstoryespana.com\/es\/wp-json\/wp\/v2\/types\/product"}],"wp:featuredmedia":[{"embeddable":true,"href":"https:\/\/kstoryespana.com\/es\/wp-json\/wp\/v2\/media\/71201"}],"wp:attachment":[{"href":"https:\/\/kstoryespana.com\/es\/wp-json\/wp\/v2\/media?parent=66138"}],"wp:term":[{"taxonomy":"product_brand","embeddable":true,"href":"https:\/\/kstoryespana.com\/es\/wp-json\/wp\/v2\/product_brand?post=66138"},{"taxonomy":"product_cat","embeddable":true,"href":"https:\/\/kstoryespana.com\/es\/wp-json\/wp\/v2\/product_cat?post=66138"},{"taxonomy":"product_tag","embeddable":true,"href":"https:\/\/kstoryespana.com\/es\/wp-json\/wp\/v2\/product_tag?post=66138"}],"curies":[{"name":"wp","href":"https:\/\/api.w.org\/{rel}","templated":true}]}}