{"id":65989,"date":"2025-11-10T21:15:02","date_gmt":"2025-11-10T20:15:02","guid":{"rendered":"https:\/\/kstoryespana.com\/product\/poster-373-375-p1harmony-sad-song-7th-mini-album\/"},"modified":"2026-05-03T22:48:52","modified_gmt":"2026-05-03T20:48:52","slug":"poster-373-375-p1harmony-cancion-triste-7o-mini-album","status":"publish","type":"product","link":"https:\/\/kstoryespana.com\/es\/product\/poster-373-375-p1harmony-sad-song-7th-mini-album\/","title":{"rendered":"[POSTER 373-375] P1HARMONY &#8211; SAD SONG 7TH MINI ALBUM"},"content":{"rendered":"<div style=\"text-align: center;\"><\/div>\n<ul>\n<ul>\n<li><strong><strong>[POSTER] P1HARMONY &#8211; SAD SONG 7TH MINI ALBUM<\/strong><\/strong><\/li>\n<li>\n<strong>Unfolded<\/strong>\n<\/li>\n<li>\n<p><img decoding=\"async\" src=\"https:\/\/choicemusicla.com\/cdn\/shop\/files\/P1Harmony_7th_Mini_Album_SAD_SONG_Official_Poster_-_Photo_Concept_S.webp?v=1727982313&#038;width=1424\" alt=\"P1Harmony 7th Mini Album SAD SONG Official Poster - Photo Concept S\"><\/p>\n<p><img decoding=\"async\" src=\"https:\/\/choicemusicla.com\/cdn\/shop\/files\/P1Harmony_7th_Mini_Album_SAD_SONG_Official_Poster_-_Photo_Concept_D.webp?v=1727982314&#038;width=1409\" alt=\"P1Harmony 7th Mini Album SAD SONG Official Poster - Photo Concept D\"><\/p>\n<p><img decoding=\"async\" src=\"https:\/\/m.media-amazon.com\/images\/I\/613D5mIe+gL._UF1000,1000_QL80_.jpg\" alt=\"P1Harmony SAD SONG 7th Mini \u00e1lbum con seguimiento P1H (versi\u00f3n aleatoria  est\u00e1ndar) : Amazon.com.mx: Hogar y Cocina\"><\/p>\n<\/li>\n<\/ul>\n<\/ul>\n","protected":false},"excerpt":{"rendered":"<p>[POSTER] P1HARMONY &#8211; SAD SONG 7TH MINI ALBUM Unfolded<\/p>\n","protected":false},"featured_media":78428,"template":"","meta":[],"product_brand":[4535],"product_cat":[8489,4403],"product_tag":[7801,8262],"class_list":{"0":"post-65989","1":"product","2":"type-product","3":"status-publish","4":"has-post-thumbnail","6":"product_brand-stock-in-spain","7":"product_cat-poster","8":"product_cat-kstoryespana","9":"product_tag-p1harmony","10":"product_tag-poster","12":"first","13":"instock","14":"taxable","15":"shipping-taxable","16":"purchasable","17":"product-type-variable"},"jetpack_sharing_enabled":true,"_links":{"self":[{"href":"https:\/\/kstoryespana.com\/es\/wp-json\/wp\/v2\/product\/65989","targetHints":{"allow":["GET"]}}],"collection":[{"href":"https:\/\/kstoryespana.com\/es\/wp-json\/wp\/v2\/product"}],"about":[{"href":"https:\/\/kstoryespana.com\/es\/wp-json\/wp\/v2\/types\/product"}],"wp:featuredmedia":[{"embeddable":true,"href":"https:\/\/kstoryespana.com\/es\/wp-json\/wp\/v2\/media\/78428"}],"wp:attachment":[{"href":"https:\/\/kstoryespana.com\/es\/wp-json\/wp\/v2\/media?parent=65989"}],"wp:term":[{"taxonomy":"product_brand","embeddable":true,"href":"https:\/\/kstoryespana.com\/es\/wp-json\/wp\/v2\/product_brand?post=65989"},{"taxonomy":"product_cat","embeddable":true,"href":"https:\/\/kstoryespana.com\/es\/wp-json\/wp\/v2\/product_cat?post=65989"},{"taxonomy":"product_tag","embeddable":true,"href":"https:\/\/kstoryespana.com\/es\/wp-json\/wp\/v2\/product_tag?post=65989"}],"curies":[{"name":"wp","href":"https:\/\/api.w.org\/{rel}","templated":true}]}}