{"id":65698,"date":"2025-11-10T21:06:54","date_gmt":"2025-11-10T20:06:54","guid":{"rendered":"https:\/\/kstoryespana.com\/product\/vt-cosmetics-reedle-shot-700\/"},"modified":"2026-05-03T20:49:00","modified_gmt":"2026-05-03T18:49:00","slug":"vt-cosmetics-reedle-shot-700","status":"publish","type":"product","link":"https:\/\/kstoryespana.com\/es\/product\/vt-cosmetics-reedle-shot-700\/","title":{"rendered":"VT COSMETICS Reedle Shot 700"},"excerpt":{"rendered":"<p>Descripci\u00f3n: VT Cosmetics Reedle Shot 700 es un suero de microagujas de \u00faltima generaci\u00f3n dise\u00f1ado para mejorar la textura, elasticidad y luminosidad de la piel. Con micropart\u00edculas de Cica Reedle derivadas del s\u00edlice natural, este tratamiento nocturno potencia la absorci\u00f3n de ingredientes activos como \u00e1cido hialur\u00f3nico, Centella Asi\u00e1tica y extracto de prop\u00f3leos, proporcionando una hidrataci\u00f3n [&hellip;]<\/p>\n","protected":false},"featured_media":0,"template":"","meta":[],"product_brand":[4535],"product_cat":[4403],"product_tag":[],"class_list":{"0":"post-65698","1":"product","2":"type-product","3":"status-publish","5":"product_brand-stock-in-spain","6":"product_cat-kstoryespana","8":"first","9":"instock","10":"taxable","11":"shipping-taxable","12":"purchasable","13":"product-type-simple"},"jetpack_sharing_enabled":true,"_links":{"self":[{"href":"https:\/\/kstoryespana.com\/es\/wp-json\/wp\/v2\/product\/65698","targetHints":{"allow":["GET"]}}],"collection":[{"href":"https:\/\/kstoryespana.com\/es\/wp-json\/wp\/v2\/product"}],"about":[{"href":"https:\/\/kstoryespana.com\/es\/wp-json\/wp\/v2\/types\/product"}],"wp:attachment":[{"href":"https:\/\/kstoryespana.com\/es\/wp-json\/wp\/v2\/media?parent=65698"}],"wp:term":[{"taxonomy":"product_brand","embeddable":true,"href":"https:\/\/kstoryespana.com\/es\/wp-json\/wp\/v2\/product_brand?post=65698"},{"taxonomy":"product_cat","embeddable":true,"href":"https:\/\/kstoryespana.com\/es\/wp-json\/wp\/v2\/product_cat?post=65698"},{"taxonomy":"product_tag","embeddable":true,"href":"https:\/\/kstoryespana.com\/es\/wp-json\/wp\/v2\/product_tag?post=65698"}],"curies":[{"name":"wp","href":"https:\/\/api.w.org\/{rel}","templated":true}]}}