{"id":65696,"date":"2025-11-10T21:06:53","date_gmt":"2025-11-10T20:06:53","guid":{"rendered":"https:\/\/kstoryespana.com\/product\/vt-cosmetics-reedle-shot-100-2-step-mask\/"},"modified":"2026-05-03T20:48:59","modified_gmt":"2026-05-03T18:48:59","slug":"vt-cosmetics-reedle-shot-100-2-step-mask","status":"publish","type":"product","link":"https:\/\/kstoryespana.com\/es\/product\/vt-cosmetics-reedle-shot-100-2-step-mask\/","title":{"rendered":"VT COSMETICS Reedle Shot 100 2-Step Mask"},"excerpt":{"rendered":"<p>Descripci\u00f3n: VT Cosmetics Reedle Shot 100 2-Step Mask es una mascarilla avanzada de doble paso que proporciona un tratamiento intensivo para mejorar la firmeza, la hidrataci\u00f3n y la luminosidad de la piel desde la comodidad de tu hogar. El paso 1 contiene microagujas CICA de tama\u00f1o ultrafino que favorecen la absorci\u00f3n profunda de los ingredientes [&hellip;]<\/p>\n","protected":false},"featured_media":0,"template":"","meta":[],"product_brand":[],"product_cat":[],"product_tag":[],"class_list":{"0":"post-65696","1":"product","2":"type-product","3":"status-publish","6":"first","7":"instock","8":"taxable","9":"shipping-taxable","10":"product-type-simple"},"jetpack_sharing_enabled":true,"_links":{"self":[{"href":"https:\/\/kstoryespana.com\/es\/wp-json\/wp\/v2\/product\/65696","targetHints":{"allow":["GET"]}}],"collection":[{"href":"https:\/\/kstoryespana.com\/es\/wp-json\/wp\/v2\/product"}],"about":[{"href":"https:\/\/kstoryespana.com\/es\/wp-json\/wp\/v2\/types\/product"}],"wp:attachment":[{"href":"https:\/\/kstoryespana.com\/es\/wp-json\/wp\/v2\/media?parent=65696"}],"wp:term":[{"taxonomy":"product_brand","embeddable":true,"href":"https:\/\/kstoryespana.com\/es\/wp-json\/wp\/v2\/product_brand?post=65696"},{"taxonomy":"product_cat","embeddable":true,"href":"https:\/\/kstoryespana.com\/es\/wp-json\/wp\/v2\/product_cat?post=65696"},{"taxonomy":"product_tag","embeddable":true,"href":"https:\/\/kstoryespana.com\/es\/wp-json\/wp\/v2\/product_tag?post=65696"}],"curies":[{"name":"wp","href":"https:\/\/api.w.org\/{rel}","templated":true}]}}