{"id":65692,"date":"2025-11-10T21:06:50","date_gmt":"2025-11-10T20:06:50","guid":{"rendered":"https:\/\/kstoryespana.com\/product\/vt-cosmetics-pro-cica-centella-asiatica-tiger-clear-spot-patch\/"},"modified":"2026-05-03T20:48:59","modified_gmt":"2026-05-03T18:48:59","slug":"vt-cosmetics-pro-cica-centella-asiatica-tiger-clear-spot-patch","status":"publish","type":"product","link":"https:\/\/kstoryespana.com\/es\/product\/vt-cosmetics-pro-cica-centella-asiatica-tiger-clear-spot-patch\/","title":{"rendered":"VT COSMETICS Pro Cica Centella Asiatica Tiger Clear Spot Patch"},"excerpt":{"rendered":"<p>Descripci\u00f3n: Los VT Pro Cica Centella Asiatica Tiger Clear Spot Patch son parches localizados dise\u00f1ados para calmar y proteger zonas sensibles o irritadas de la piel provocado por la aparici\u00f3n de acn\u00e9. Est\u00e1n formulados con extracto de centella asi\u00e1tica, un ingrediente reconocido por sus propiedades calmantes y reparadoras, ideal para reducir la inflamaci\u00f3n y favorecer [&hellip;]<\/p>\n","protected":false},"featured_media":0,"template":"","meta":[],"product_brand":[],"product_cat":[4403],"product_tag":[],"class_list":{"0":"post-65692","1":"product","2":"type-product","3":"status-publish","5":"product_cat-kstoryespana","7":"first","8":"outofstock","9":"taxable","10":"shipping-taxable","11":"purchasable","12":"product-type-simple"},"jetpack_sharing_enabled":true,"_links":{"self":[{"href":"https:\/\/kstoryespana.com\/es\/wp-json\/wp\/v2\/product\/65692","targetHints":{"allow":["GET"]}}],"collection":[{"href":"https:\/\/kstoryespana.com\/es\/wp-json\/wp\/v2\/product"}],"about":[{"href":"https:\/\/kstoryespana.com\/es\/wp-json\/wp\/v2\/types\/product"}],"wp:attachment":[{"href":"https:\/\/kstoryespana.com\/es\/wp-json\/wp\/v2\/media?parent=65692"}],"wp:term":[{"taxonomy":"product_brand","embeddable":true,"href":"https:\/\/kstoryespana.com\/es\/wp-json\/wp\/v2\/product_brand?post=65692"},{"taxonomy":"product_cat","embeddable":true,"href":"https:\/\/kstoryespana.com\/es\/wp-json\/wp\/v2\/product_cat?post=65692"},{"taxonomy":"product_tag","embeddable":true,"href":"https:\/\/kstoryespana.com\/es\/wp-json\/wp\/v2\/product_tag?post=65692"}],"curies":[{"name":"wp","href":"https:\/\/api.w.org\/{rel}","templated":true}]}}