{"id":65683,"date":"2025-11-10T21:06:43","date_gmt":"2025-11-10T20:06:43","guid":{"rendered":"https:\/\/kstoryespana.com\/product\/vt-cosmetics-cica-reti-a-cream-0-05\/"},"modified":"2026-05-03T20:48:59","modified_gmt":"2026-05-03T18:48:59","slug":"vt-cosmetics-cica-reti-a-cream-0-05","status":"publish","type":"product","link":"https:\/\/kstoryespana.com\/es\/product\/vt-cosmetics-cica-reti-a-cream-0-05\/","title":{"rendered":"VT COSMETICS Cica Reti-A Cream 0.05"},"excerpt":{"rendered":"<p>Descripci\u00f3n: VT Cosmetics Cica Reti-A Cream 0.05 es una crema facial avanzada con retinol de nueva generaci\u00f3n (0,05%) que ayuda a reducir visiblemente las arrugas, el tama\u00f1o de los poros y el exceso de sebo. Su f\u00f3rmula est\u00e1 enriquecida con el complejo calmante CICAHYALON\u2122 (Centella Asi\u00e1tica + 3 tipos de \u00e1cido hialur\u00f3nico), niacinamida y bakuchiol, [&hellip;]<\/p>\n","protected":false},"featured_media":0,"template":"","meta":[],"product_brand":[],"product_cat":[4403],"product_tag":[],"class_list":{"0":"post-65683","1":"product","2":"type-product","3":"status-publish","5":"product_cat-kstoryespana","7":"first","8":"instock","9":"taxable","10":"shipping-taxable","11":"purchasable","12":"product-type-simple"},"jetpack_sharing_enabled":true,"_links":{"self":[{"href":"https:\/\/kstoryespana.com\/es\/wp-json\/wp\/v2\/product\/65683","targetHints":{"allow":["GET"]}}],"collection":[{"href":"https:\/\/kstoryespana.com\/es\/wp-json\/wp\/v2\/product"}],"about":[{"href":"https:\/\/kstoryespana.com\/es\/wp-json\/wp\/v2\/types\/product"}],"wp:attachment":[{"href":"https:\/\/kstoryespana.com\/es\/wp-json\/wp\/v2\/media?parent=65683"}],"wp:term":[{"taxonomy":"product_brand","embeddable":true,"href":"https:\/\/kstoryespana.com\/es\/wp-json\/wp\/v2\/product_brand?post=65683"},{"taxonomy":"product_cat","embeddable":true,"href":"https:\/\/kstoryespana.com\/es\/wp-json\/wp\/v2\/product_cat?post=65683"},{"taxonomy":"product_tag","embeddable":true,"href":"https:\/\/kstoryespana.com\/es\/wp-json\/wp\/v2\/product_tag?post=65683"}],"curies":[{"name":"wp","href":"https:\/\/api.w.org\/{rel}","templated":true}]}}