{"id":65681,"date":"2025-11-10T21:06:42","date_gmt":"2025-11-10T20:06:42","guid":{"rendered":"https:\/\/kstoryespana.com\/product\/vt-cosmetics-cica-daily-soothing-mask\/"},"modified":"2026-05-03T20:48:59","modified_gmt":"2026-05-03T18:48:59","slug":"vt-cosmetics-cica-daily-soothing-mask","status":"publish","type":"product","link":"https:\/\/kstoryespana.com\/es\/product\/vt-cosmetics-cica-daily-soothing-mask\/","title":{"rendered":"VT COSMETICS Cica Daily Soothing Mask"},"excerpt":{"rendered":"<p>Descripci\u00f3n:\u00a0VT Cica Daily Soothing Mask\u00a0es un set de mascarillas calmantes dise\u00f1adas para el cuidado diario de pieles sensibles e irritadas. Con una f\u00f3rmula rica en Cicahyalon\u2122 (centella asi\u00e1tica, prop\u00f3leo y \u00e1cido hialur\u00f3nico), estas mascarillas proporcionan hidrataci\u00f3n profunda, alivian enrojecimientos y fortalecen la barrera cut\u00e1nea. Su tejido ultrafino de 0.02\u202fmm se adhiere perfectamente al rostro, maximizando [&hellip;]<\/p>\n","protected":false},"featured_media":0,"template":"","meta":[],"product_brand":[],"product_cat":[4403],"product_tag":[],"class_list":{"0":"post-65681","1":"product","2":"type-product","3":"status-publish","5":"product_cat-kstoryespana","7":"first","8":"instock","9":"taxable","10":"shipping-taxable","11":"purchasable","12":"product-type-simple"},"jetpack_sharing_enabled":true,"_links":{"self":[{"href":"https:\/\/kstoryespana.com\/es\/wp-json\/wp\/v2\/product\/65681","targetHints":{"allow":["GET"]}}],"collection":[{"href":"https:\/\/kstoryespana.com\/es\/wp-json\/wp\/v2\/product"}],"about":[{"href":"https:\/\/kstoryespana.com\/es\/wp-json\/wp\/v2\/types\/product"}],"wp:attachment":[{"href":"https:\/\/kstoryespana.com\/es\/wp-json\/wp\/v2\/media?parent=65681"}],"wp:term":[{"taxonomy":"product_brand","embeddable":true,"href":"https:\/\/kstoryespana.com\/es\/wp-json\/wp\/v2\/product_brand?post=65681"},{"taxonomy":"product_cat","embeddable":true,"href":"https:\/\/kstoryespana.com\/es\/wp-json\/wp\/v2\/product_cat?post=65681"},{"taxonomy":"product_tag","embeddable":true,"href":"https:\/\/kstoryespana.com\/es\/wp-json\/wp\/v2\/product_tag?post=65681"}],"curies":[{"name":"wp","href":"https:\/\/api.w.org\/{rel}","templated":true}]}}