{"id":65671,"date":"2025-11-10T21:06:35","date_gmt":"2025-11-10T20:06:35","guid":{"rendered":"https:\/\/kstoryespana.com\/product\/vt-cosmetic-cica-cream\/"},"modified":"2026-05-03T20:48:59","modified_gmt":"2026-05-03T18:48:59","slug":"vt-cosmetic-cica-cream","status":"publish","type":"product","link":"https:\/\/kstoryespana.com\/es\/product\/vt-cosmetic-cica-cream\/","title":{"rendered":"VT COSMETIC Cica Cream"},"excerpt":{"rendered":"<p>Descripci\u00f3n:\u00a0VT Cica Cream es una crema facial en gel ligera, ideal para pieles sensibles, mixtas y deshidratadas que sufren irritaci\u00f3n y enrojecimiento. Enriquecida con el complejo CICALIO\u2122 (Centella Asiatica, Asiaticoside, Madecassoside, \u00c1cido Asi\u00e1tico y Extracto de Pr\u00f3polis Verde), esta crema calma, regenera y refuerza la barrera cut\u00e1nea mientras hidrata intensamente sin dejar sensaci\u00f3n grasa. Su [&hellip;]<\/p>\n","protected":false},"featured_media":0,"template":"","meta":[],"product_brand":[4535],"product_cat":[4403],"product_tag":[8227],"class_list":{"0":"post-65671","1":"product","2":"type-product","3":"status-publish","5":"product_brand-stock-in-spain","6":"product_cat-kstoryespana","7":"product_tag-vt","9":"first","10":"instock","11":"taxable","12":"shipping-taxable","13":"purchasable","14":"product-type-simple"},"jetpack_sharing_enabled":true,"_links":{"self":[{"href":"https:\/\/kstoryespana.com\/es\/wp-json\/wp\/v2\/product\/65671","targetHints":{"allow":["GET"]}}],"collection":[{"href":"https:\/\/kstoryespana.com\/es\/wp-json\/wp\/v2\/product"}],"about":[{"href":"https:\/\/kstoryespana.com\/es\/wp-json\/wp\/v2\/types\/product"}],"wp:attachment":[{"href":"https:\/\/kstoryespana.com\/es\/wp-json\/wp\/v2\/media?parent=65671"}],"wp:term":[{"taxonomy":"product_brand","embeddable":true,"href":"https:\/\/kstoryespana.com\/es\/wp-json\/wp\/v2\/product_brand?post=65671"},{"taxonomy":"product_cat","embeddable":true,"href":"https:\/\/kstoryespana.com\/es\/wp-json\/wp\/v2\/product_cat?post=65671"},{"taxonomy":"product_tag","embeddable":true,"href":"https:\/\/kstoryespana.com\/es\/wp-json\/wp\/v2\/product_tag?post=65671"}],"curies":[{"name":"wp","href":"https:\/\/api.w.org\/{rel}","templated":true}]}}