{"id":65432,"date":"2025-11-10T21:04:23","date_gmt":"2025-11-10T20:04:23","guid":{"rendered":"https:\/\/kstoryespana.com\/product\/tocobo-cica-calming-aqua-pads\/"},"modified":"2026-05-03T20:48:47","modified_gmt":"2026-05-03T18:48:47","slug":"tocobo-cica-calming-aqua-pads","status":"publish","type":"product","link":"https:\/\/kstoryespana.com\/es\/product\/tocobo-cica-calming-aqua-pads\/","title":{"rendered":"TOCOBO Cica Calming Aqua Pads"},"excerpt":{"rendered":"<p>Descripci\u00f3n:\u00a0TOCOBO Cica Calming Aqua Pads son almohadillas t\u00f3nicas hipoalerg\u00e9nicas dise\u00f1adas para calmar, hidratar y suavizar la piel en un solo paso. Formuladas con Centella Asi\u00e1tica fermentada, Extracto de Hoja de Aloe Ferox y un complejo de \u00c1cido Hialur\u00f3nico, proporcionan alivio inmediato a pieles sensibles, irritadas o reactivas. Su dise\u00f1o de doble cara permite una exfoliaci\u00f3n [&hellip;]<\/p>\n","protected":false},"featured_media":0,"template":"","meta":[],"product_brand":[4535],"product_cat":[4403],"product_tag":[8222],"class_list":{"0":"post-65432","1":"product","2":"type-product","3":"status-publish","5":"product_brand-stock-in-spain","6":"product_cat-kstoryespana","7":"product_tag-tocobo","9":"first","10":"instock","11":"taxable","12":"shipping-taxable","13":"purchasable","14":"product-type-simple"},"jetpack_sharing_enabled":true,"_links":{"self":[{"href":"https:\/\/kstoryespana.com\/es\/wp-json\/wp\/v2\/product\/65432","targetHints":{"allow":["GET"]}}],"collection":[{"href":"https:\/\/kstoryespana.com\/es\/wp-json\/wp\/v2\/product"}],"about":[{"href":"https:\/\/kstoryespana.com\/es\/wp-json\/wp\/v2\/types\/product"}],"wp:attachment":[{"href":"https:\/\/kstoryespana.com\/es\/wp-json\/wp\/v2\/media?parent=65432"}],"wp:term":[{"taxonomy":"product_brand","embeddable":true,"href":"https:\/\/kstoryespana.com\/es\/wp-json\/wp\/v2\/product_brand?post=65432"},{"taxonomy":"product_cat","embeddable":true,"href":"https:\/\/kstoryespana.com\/es\/wp-json\/wp\/v2\/product_cat?post=65432"},{"taxonomy":"product_tag","embeddable":true,"href":"https:\/\/kstoryespana.com\/es\/wp-json\/wp\/v2\/product_tag?post=65432"}],"curies":[{"name":"wp","href":"https:\/\/api.w.org\/{rel}","templated":true}]}}