{"id":65291,"date":"2025-11-10T21:03:09","date_gmt":"2025-11-10T20:03:09","guid":{"rendered":"https:\/\/kstoryespana.com\/product\/skin1004-madagascar-centella-toning-toner\/"},"modified":"2026-04-20T23:57:35","modified_gmt":"2026-04-20T21:57:35","slug":"skin1004-madagascar-centella-toning-toner","status":"publish","type":"product","link":"https:\/\/kstoryespana.com\/es\/product\/skin1004-madagascar-centella-toning-toner\/","title":{"rendered":"SKIN1004 Madagascar Centella Toning Toner"},"content":{"rendered":"<p data-start=\"128\" data-end=\"489\"><strong data-start=\"128\" data-end=\"143\">Descripci\u00f3n<\/strong>: SKIN1004 Madagascar Centella Toning Toner es un t\u00f3nico facial de uso diario que exfolia suavemente mientras calma e hidrata la piel. Formulado con un 84% de extracto de Centella Asi\u00e1tica de Madagascar y PHA (Gluconolactona), elimina las c\u00e9lulas muertas sin causar irritaci\u00f3n, lo que lo convierte en una opci\u00f3n ideal para pieles sensibles. El PHA, con una estructura molecular m\u00e1s grande que los AHA, act\u00faa m\u00e1s lentamente sobre la piel para una exfoliaci\u00f3n suave pero eficaz. Adem\u00e1s, est\u00e1 enriquecido con \u00e1cido hialur\u00f3nico y niacinamida para mejorar la textura, unificar el tono y aportar hidrataci\u00f3n profunda. No contiene alcohol ni siliconas.<\/p>\n<p data-start=\"797\" data-end=\"962\"><strong data-start=\"797\" data-end=\"812\">Modo de uso<\/strong>:<br data-start=\"813\" data-end=\"816\">Aplicar una cantidad adecuada sobre un disco de algod\u00f3n o directamente en las manos. Distribuir suavemente por el rostro hasta su total absorci\u00f3n.<\/p>\n<p data-start=\"964\" data-end=\"1050\"><strong data-start=\"964\" data-end=\"972\">Apto<\/strong>: Todo tipo de pieles, especialmente pieles sensibles o con textura irregular.<\/p>\n<p data-start=\"1052\" data-end=\"1072\"><strong data-start=\"1052\" data-end=\"1064\">Cantidad<\/strong>: 210 ml<\/p>\n<p data-start=\"1074\" data-end=\"1330\"><strong data-start=\"1074\" data-end=\"1090\">Ingredientes<\/strong>:<br data-start=\"1091\" data-end=\"1094\">Aqua, Dipropylene Glycol, Centella Asiatica Extract, 1,2-Hexanediol, Niacinamide, Gluconolactone, Hyaluronic Acid, Adenosine, Dipotassium Glycyrrhizate, Carbomer, Sodium Citrate, Disodium EDTA, Betaine, Ethylhexylglycerin, Tromethamine.<\/p>","protected":false},"excerpt":{"rendered":"<p>Descripci\u00f3n: SKIN1004 Madagascar Centella Toning Toner es un t\u00f3nico facial de uso diario que exfolia suavemente mientras calma e hidrata la piel. Formulado con un 84% de extracto de Centella Asi\u00e1tica de Madagascar y PHA (Gluconolactona), elimina las c\u00e9lulas muertas sin causar irritaci\u00f3n, lo que lo convierte en una opci\u00f3n ideal para pieles sensibles. El [&hellip;]<\/p>\n","protected":false},"featured_media":0,"comment_status":"open","ping_status":"closed","template":"","meta":[],"product_brand":[4536],"product_cat":[4403],"product_tag":[8165],"class_list":{"0":"post-65291","1":"product","2":"type-product","3":"status-publish","5":"product_brand-stock-in-korea","6":"product_cat-kstoryespana","7":"product_tag-skin1004","9":"first","10":"outofstock","11":"taxable","12":"shipping-taxable","13":"purchasable","14":"product-type-simple"},"jetpack_sharing_enabled":true,"_links":{"self":[{"href":"https:\/\/kstoryespana.com\/es\/wp-json\/wp\/v2\/product\/65291","targetHints":{"allow":["GET"]}}],"collection":[{"href":"https:\/\/kstoryespana.com\/es\/wp-json\/wp\/v2\/product"}],"about":[{"href":"https:\/\/kstoryespana.com\/es\/wp-json\/wp\/v2\/types\/product"}],"replies":[{"embeddable":true,"href":"https:\/\/kstoryespana.com\/es\/wp-json\/wp\/v2\/comments?post=65291"}],"wp:attachment":[{"href":"https:\/\/kstoryespana.com\/es\/wp-json\/wp\/v2\/media?parent=65291"}],"wp:term":[{"taxonomy":"product_brand","embeddable":true,"href":"https:\/\/kstoryespana.com\/es\/wp-json\/wp\/v2\/product_brand?post=65291"},{"taxonomy":"product_cat","embeddable":true,"href":"https:\/\/kstoryespana.com\/es\/wp-json\/wp\/v2\/product_cat?post=65291"},{"taxonomy":"product_tag","embeddable":true,"href":"https:\/\/kstoryespana.com\/es\/wp-json\/wp\/v2\/product_tag?post=65291"}],"curies":[{"name":"wp","href":"https:\/\/api.w.org\/{rel}","templated":true}]}}