{"id":65290,"date":"2025-11-10T21:03:09","date_gmt":"2025-11-10T20:03:09","guid":{"rendered":"https:\/\/kstoryespana.com\/product\/skin1004-madagascar-centella-probio-cica-essence-toner\/"},"modified":"2026-04-20T23:57:35","modified_gmt":"2026-04-20T21:57:35","slug":"skin1004-madagascar-centella-probio-cica-essence-toner","status":"publish","type":"product","link":"https:\/\/kstoryespana.com\/es\/product\/skin1004-madagascar-centella-probio-cica-essence-toner\/","title":{"rendered":"SKIN1004 Madagascar Centella Probio-Cica Essence Toner"},"content":{"rendered":"<p data-start=\"89\" data-end=\"541\"><strong data-start=\"89\" data-end=\"104\">Descripci\u00f3n<\/strong>: SKIN1004 Madagascar Centella Probio-Cica Essence Toner es un t\u00f3nico facial en formato esencia dise\u00f1ado para reparar la barrera cut\u00e1nea da\u00f1ada, hidratar en profundidad y prevenir el envejecimiento prematuro. Enriquecido con extracto fermentado de centella asi\u00e1tica de Madagascar, TECA, ceramidas, probi\u00f3ticos y 5 tipos de \u00e1cido hialur\u00f3nico, este producto proporciona una hidrataci\u00f3n multicapa y calma eficazmente la piel sensible. Su textura ligera se absorbe r\u00e1pidamente sin dejar sensaci\u00f3n pegajosa, formando una capa protectora que mantiene la piel hidratada, suave y luminosa. Apto incluso para pieles sensibles, gracias a su f\u00f3rmula sin fragancias ni colorantes artificiales y con test de irritaci\u00f3n cut\u00e1nea superado.<\/p>\n<p data-start=\"836\" data-end=\"1005\"><strong data-start=\"836\" data-end=\"851\">Modo de uso<\/strong>:<br data-start=\"852\" data-end=\"855\">Aplicar una cantidad adecuada sobre un algod\u00f3n o directamente en la palma de la mano y distribuir suavemente sobre el rostro hasta su total absorci\u00f3n.<\/p>\n<p data-start=\"1007\" data-end=\"1086\"><strong data-start=\"1007\" data-end=\"1015\">Apto<\/strong>: Todo tipo de pieles, especialmente pieles sensibles, secas o maduras.<\/p>\n<p data-start=\"1088\" data-end=\"1108\"><strong data-start=\"1088\" data-end=\"1100\">Cantidad<\/strong>: 210 ml<\/p>\n<p data-start=\"1110\" data-end=\"1913\"><strong data-start=\"1110\" data-end=\"1126\">Ingredientes<\/strong>: Centella Asiatica Extract, Water, Butylene Glycol, Glycerin, Polypropanediol, Lactobacillus\/Centella Asiatica Extract Ferment Filtrate, Polyglyceryl-10 Laurate, Potassium Acrylates\/C10-30 Alkyl Acrylate Crosspolymer, Trehalose, Panthenol, Ethylhexylglycerin, Sodium Citrate, Xanthan Gum, Tromethamine, Dipotassium Glycyrrhizate, Caprylic\/Capric Triglyceride, Sodium Phytate, Citric Acid, Hydrogenated Lecithin, Polyglyceryl-10 Myristate, Ceramide NP, Sodium Hyaluronate Crosspolymer, Sucrose Distearate, Madecassic Acid, Asiaticoside, Hydrolyzed Glycosaminoglycans, Lauric Acid, Asiatic Acid, Phytosterols, Sodium Hyaluronate, Betaine, Hydroxystearic Acid, Benzyl Glycol, Hydrolyzed Hyaluronic Acid, Macadamia Ternifolia Seed Oil, Hyaluronic Acid, Raspberry Ketone, Phytosphingosine.<\/p>","protected":false},"excerpt":{"rendered":"<p>Descripci\u00f3n: SKIN1004 Madagascar Centella Probio-Cica Essence Toner es un t\u00f3nico facial en formato esencia dise\u00f1ado para reparar la barrera cut\u00e1nea da\u00f1ada, hidratar en profundidad y prevenir el envejecimiento prematuro. Enriquecido con extracto fermentado de centella asi\u00e1tica de Madagascar, TECA, ceramidas, probi\u00f3ticos y 5 tipos de \u00e1cido hialur\u00f3nico, este producto proporciona una hidrataci\u00f3n multicapa y calma [&hellip;]<\/p>\n","protected":false},"featured_media":0,"template":"","meta":[],"product_brand":[4536],"product_cat":[4403],"product_tag":[8165],"class_list":{"0":"post-65290","1":"product","2":"type-product","3":"status-publish","5":"product_brand-stock-in-korea","6":"product_cat-kstoryespana","7":"product_tag-skin1004","9":"first","10":"instock","11":"taxable","12":"shipping-taxable","13":"purchasable","14":"product-type-simple"},"jetpack_sharing_enabled":true,"_links":{"self":[{"href":"https:\/\/kstoryespana.com\/es\/wp-json\/wp\/v2\/product\/65290","targetHints":{"allow":["GET"]}}],"collection":[{"href":"https:\/\/kstoryespana.com\/es\/wp-json\/wp\/v2\/product"}],"about":[{"href":"https:\/\/kstoryespana.com\/es\/wp-json\/wp\/v2\/types\/product"}],"wp:attachment":[{"href":"https:\/\/kstoryespana.com\/es\/wp-json\/wp\/v2\/media?parent=65290"}],"wp:term":[{"taxonomy":"product_brand","embeddable":true,"href":"https:\/\/kstoryespana.com\/es\/wp-json\/wp\/v2\/product_brand?post=65290"},{"taxonomy":"product_cat","embeddable":true,"href":"https:\/\/kstoryespana.com\/es\/wp-json\/wp\/v2\/product_cat?post=65290"},{"taxonomy":"product_tag","embeddable":true,"href":"https:\/\/kstoryespana.com\/es\/wp-json\/wp\/v2\/product_tag?post=65290"}],"curies":[{"name":"wp","href":"https:\/\/api.w.org\/{rel}","templated":true}]}}