{"id":65088,"date":"2025-11-10T21:01:40","date_gmt":"2025-11-10T20:01:40","guid":{"rendered":"https:\/\/kstoryespana.com\/product\/round-lab-soybean-nourishing-toner\/"},"modified":"2026-04-20T23:57:25","modified_gmt":"2026-04-20T21:57:25","slug":"round-lab-soybean-nourishing-toner","status":"publish","type":"product","link":"https:\/\/kstoryespana.com\/es\/product\/round-lab-soybean-nourishing-toner\/","title":{"rendered":"Round Lab Soybean Nourishing Toner"},"content":{"rendered":"<p data-start=\"167\" data-end=\"189\"><strong data-start=\"172\" data-end=\"187\">Descripci\u00f3n: <\/strong>Round Lab Soybean Nourishing Toner es un t\u00f3nico facial nutritivo de textura lechosa dise\u00f1ado para revitalizar la piel apagada, \u00e1spera o con signos visibles de envejecimiento. Formulado con extracto de soja negra procedente de la regi\u00f3n de Jeongseon (Corea del Sur), rica en minerales y antioxidantes, este t\u00f3nico ayuda a reponer la hidrataci\u00f3n, suavizar la textura y devolver la elasticidad a la piel.<\/p>\n<p class=\"\" data-start=\"601\" data-end=\"960\">Contiene ceramidas que fortalecen la barrera cut\u00e1nea, evitando la p\u00e9rdida de humedad y protegiendo contra agentes externos, mientras que la adenosina act\u00faa como un potente agente antiedad que suaviza las l\u00edneas de expresi\u00f3n. En un solo paso, este t\u00f3nico equilibra el pH tras la limpieza, hidrata profundamente y deja la piel firme, nutrida y radiante.<\/p>\n<p class=\"\" data-start=\"962\" data-end=\"1112\">Su f\u00f3rmula libre de fragancias artificiales, aceites esenciales, parabenos, alcohol y siliconas lo hace ideal incluso para pieles sensibles o maduras.<\/p>\n<p data-start=\"1477\" data-end=\"1499\"><strong data-start=\"1482\" data-end=\"1497\">Modo de uso<\/strong><\/p>\n<ol data-start=\"1500\" data-end=\"1808\">\n<li class=\"\" data-start=\"1500\" data-end=\"1600\">\n<p class=\"\" data-start=\"1503\" data-end=\"1600\">Despu\u00e9s de la limpieza, aplica una cantidad adecuada sobre la palma de la mano o en un algod\u00f3n.<\/p>\n<\/li>\n<li class=\"\" data-start=\"1601\" data-end=\"1686\">\n<p class=\"\" data-start=\"1604\" data-end=\"1686\">Distribuye suavemente por todo el rostro, evitando el contorno de ojos y labios.<\/p>\n<\/li>\n<li class=\"\" data-start=\"1687\" data-end=\"1765\">\n<p class=\"\" data-start=\"1690\" data-end=\"1765\">Da ligeros toques con las yemas de los dedos hasta su completa absorci\u00f3n.<\/p>\n<\/li>\n<li class=\"\" data-start=\"1766\" data-end=\"1808\">\n<p class=\"\" data-start=\"1769\" data-end=\"1808\">Contin\u00faa con tu s\u00e9rum o crema habitual.<\/p>\n<\/li>\n<\/ol>\n<p data-start=\"1815\" data-end=\"1838\"><strong data-start=\"1820\" data-end=\"1836\">Tipo de piel: <\/strong>Todo tipo de pieles<\/p>\n<p data-start=\"1815\" data-end=\"1838\"><strong data-start=\"1936\" data-end=\"1946\">Tama\u00f1o:<\/strong>\u00a0300 ml<\/p>\n<p data-start=\"1815\" data-end=\"1838\"><strong data-start=\"2500\" data-end=\"2516\">Ingredientes: <\/strong>Water, Propanediol, Butylene Glycol, 1,2-Hexanediol, Glycerin, Glycine Max Seed Extract, Ceramide NP, Chondrus Crispus Extract, Saccharum Officinarum Extract, Sodium Hyaluronate, Panthenol, Pentylene Glycol, Diphenyl Dimethicone, Triethylhexanoin, Caprylyl Glycol, Hydrogenated Lecithin, Ethylhexylglycerin, Adenosine, Tromethamine, Caprylic\/Capric Triglyceride, Dextrin, Dipotassium Glycyrrhizate, Carbomer, Disodium EDTA, Theobroma Cacao Seed Extract.<\/p>","protected":false},"excerpt":{"rendered":"<p>Descripci\u00f3n: Round Lab Soybean Nourishing Toner es un t\u00f3nico facial nutritivo de textura lechosa dise\u00f1ado para revitalizar la piel apagada, \u00e1spera o con signos visibles de envejecimiento. Formulado con extracto de soja negra procedente de la regi\u00f3n de Jeongseon (Corea del Sur), rica en minerales y antioxidantes, este t\u00f3nico ayuda a reponer la hidrataci\u00f3n, suavizar [&hellip;]<\/p>\n","protected":false},"featured_media":0,"template":"","meta":[],"product_brand":[4536],"product_cat":[4403],"product_tag":[8216],"class_list":{"0":"post-65088","1":"product","2":"type-product","3":"status-publish","5":"product_brand-stock-in-korea","6":"product_cat-kstoryespana","7":"product_tag-round","9":"first","10":"outofstock","11":"taxable","12":"shipping-taxable","13":"purchasable","14":"product-type-simple"},"jetpack_sharing_enabled":true,"_links":{"self":[{"href":"https:\/\/kstoryespana.com\/es\/wp-json\/wp\/v2\/product\/65088","targetHints":{"allow":["GET"]}}],"collection":[{"href":"https:\/\/kstoryespana.com\/es\/wp-json\/wp\/v2\/product"}],"about":[{"href":"https:\/\/kstoryespana.com\/es\/wp-json\/wp\/v2\/types\/product"}],"wp:attachment":[{"href":"https:\/\/kstoryespana.com\/es\/wp-json\/wp\/v2\/media?parent=65088"}],"wp:term":[{"taxonomy":"product_brand","embeddable":true,"href":"https:\/\/kstoryespana.com\/es\/wp-json\/wp\/v2\/product_brand?post=65088"},{"taxonomy":"product_cat","embeddable":true,"href":"https:\/\/kstoryespana.com\/es\/wp-json\/wp\/v2\/product_cat?post=65088"},{"taxonomy":"product_tag","embeddable":true,"href":"https:\/\/kstoryespana.com\/es\/wp-json\/wp\/v2\/product_tag?post=65088"}],"curies":[{"name":"wp","href":"https:\/\/api.w.org\/{rel}","templated":true}]}}