{"id":65087,"date":"2025-11-10T21:01:40","date_gmt":"2025-11-10T20:01:40","guid":{"rendered":"https:\/\/kstoryespana.com\/product\/round-lab-soybean-cream\/"},"modified":"2026-04-20T23:57:25","modified_gmt":"2026-04-20T21:57:25","slug":"round-lab-soybean-cream","status":"publish","type":"product","link":"https:\/\/kstoryespana.com\/es\/product\/round-lab-soybean-cream\/","title":{"rendered":"Round Lab Soybean Cream"},"content":{"rendered":"<p data-end=\"204\" data-start=\"182\"><strong data-end=\"202\" data-start=\"187\">Descripci\u00f3n: <\/strong>Soybean Nourishing Cream de Round Lab es la soluci\u00f3n perfecta para revitalizar, nutrir y fortalecer la piel. Enriquecida con extracto de soja negra (Yakkong) cultivada en Jeongseon, una regi\u00f3n conocida por su aire puro y ma\u00f1anas fr\u00edas, esta crema aprovecha al m\u00e1ximo los beneficios tradicionales de la medicina oriental.<\/p>\n<p class=\"\" data-end=\"965\" data-start=\"588\">El extracto de soja negra contiene 19,5 veces m\u00e1s antocianinas e isoflavonas que las sojas comunes, brindando potentes efectos antioxidantes, antiinflamatorios y anti-envejecimiento. Formulada con ceramidas, esta crema restaura la barrera cut\u00e1nea, mejora la elasticidad, reduce visiblemente las arrugas y proporciona una hidrataci\u00f3n intensa y duradera durante 24 horas.<\/p>\n<p class=\"\" data-end=\"1177\" data-start=\"967\">Su textura tipo b\u00e1lsamo cremoso se adhiere c\u00f3modamente a la piel sin dejar sensaci\u00f3n grasa, siendo ideal para pieles maduras, secas o sensibilizadas por el estr\u00e9s o factores externos como el sol o el clima.<\/p>\n<p class=\"\" data-end=\"1177\" data-start=\"967\">\u00a0<\/p>\n<p data-end=\"1517\" data-start=\"1495\"><strong data-end=\"1515\" data-start=\"1500\">Modo de uso: <\/strong>Despu\u00e9s de aplicar el t\u00f3nico y el s\u00e9rum, toma una cantidad adecuada de crema y apl\u00edcala uniformemente sobre el rostro y el cuello. Masajea suavemente hasta su total absorci\u00f3n. Recomendada para uso diario, ma\u00f1ana y noche.<\/p>\n<p data-end=\"1517\" data-start=\"1495\"><strong data-end=\"1770\" data-start=\"1754\">Tipo de piel: <\/strong>Piel seca,\u00a0madura,\u00a0apagada o deshidratada<\/p>\n<p data-end=\"1517\" data-start=\"1495\"><strong data-end=\"1910\" data-start=\"1900\">Tama\u00f1o:\u00a0<\/strong>80 ml<\/p>\n<p data-end=\"1517\" data-start=\"1495\"><strong data-end=\"1962\" data-start=\"1933\">Ingredientes: <\/strong>Water, Glycerin, Ethylhexyl Stearate, Hydrogenated Polyisobutene, Polyglyceryl-3 Distearate, Diisostearyl Malate, Caprylic\/\u200bCapric Triglycerides, Butylene Glycol, Vinyl Dimethicone, Hydrogenated Coco-Glycerides, 1,2-Hexanediol, Glycine Max Seed Extract (10,000Ppm), Ceramide NP, Melia Azadirachta (Neem) Flower Extract, Melia Azadirachta (Neem) Leaf Extract, Panthenol, Curcuma Longa (Turmeric) Root Extract, Ocimum Sanctum (Holy Basil) Leaf Extract, Corallina Officinalis (Algae) Extract, Glyceryl Stearate, Pentylene Glycol, Hydroxyethylacrylate\/\u200bSodium Acryloyldimethyl Taurate Copolymer, Boron Nitride, Palmitic Acid, Hydroxyacetophenone, Stearic Acid, Glyceryl Stearate Citrate, Dipotassium Glycyrrhizate, Ethylhexylglycerin, Hydrogenated Lecithin, Adenosine, Tromethamine, Sorbitan Isostearate, Dextrin, Cetearyl Alcohol, Xanthan Gum, Carbomer, Disodium EDTA, Theobroma Cacao (Cocoa) Seed Extract<\/p>","protected":false},"excerpt":{"rendered":"<p>Descripci\u00f3n: Soybean Nourishing Cream de Round Lab es la soluci\u00f3n perfecta para revitalizar, nutrir y fortalecer la piel. Enriquecida con extracto de soja negra (Yakkong) cultivada en Jeongseon, una regi\u00f3n conocida por su aire puro y ma\u00f1anas fr\u00edas, esta crema aprovecha al m\u00e1ximo los beneficios tradicionales de la medicina oriental. El extracto de soja negra [&hellip;]<\/p>\n","protected":false},"featured_media":0,"template":"","meta":[],"product_brand":[4536],"product_cat":[4403],"product_tag":[8216],"class_list":{"0":"post-65087","1":"product","2":"type-product","3":"status-publish","5":"product_brand-stock-in-korea","6":"product_cat-kstoryespana","7":"product_tag-round","9":"first","10":"instock","11":"taxable","12":"shipping-taxable","13":"purchasable","14":"product-type-simple"},"jetpack_sharing_enabled":true,"_links":{"self":[{"href":"https:\/\/kstoryespana.com\/es\/wp-json\/wp\/v2\/product\/65087","targetHints":{"allow":["GET"]}}],"collection":[{"href":"https:\/\/kstoryespana.com\/es\/wp-json\/wp\/v2\/product"}],"about":[{"href":"https:\/\/kstoryespana.com\/es\/wp-json\/wp\/v2\/types\/product"}],"wp:attachment":[{"href":"https:\/\/kstoryespana.com\/es\/wp-json\/wp\/v2\/media?parent=65087"}],"wp:term":[{"taxonomy":"product_brand","embeddable":true,"href":"https:\/\/kstoryespana.com\/es\/wp-json\/wp\/v2\/product_brand?post=65087"},{"taxonomy":"product_cat","embeddable":true,"href":"https:\/\/kstoryespana.com\/es\/wp-json\/wp\/v2\/product_cat?post=65087"},{"taxonomy":"product_tag","embeddable":true,"href":"https:\/\/kstoryespana.com\/es\/wp-json\/wp\/v2\/product_tag?post=65087"}],"curies":[{"name":"wp","href":"https:\/\/api.w.org\/{rel}","templated":true}]}}