{"id":65086,"date":"2025-11-10T21:01:39","date_gmt":"2025-11-10T20:01:39","guid":{"rendered":"https:\/\/kstoryespana.com\/product\/round-lab-birch-juice-moisturizing-toner\/"},"modified":"2026-04-20T23:57:25","modified_gmt":"2026-04-20T21:57:25","slug":"round-lab-birch-juice-moisturizing-toner","status":"publish","type":"product","link":"https:\/\/kstoryespana.com\/es\/product\/round-lab-birch-juice-moisturizing-toner\/","title":{"rendered":"Round Lab Birch Juice Moisturizing Toner"},"content":{"rendered":"<p><strong>Descripci\u00f3n <\/strong>:\u00a0Es un t\u00f3nico que hidrata y calma su piel con sus activos hidratantes de bajo peso molecular que llegan en las capas m\u00e1s profundas de la piel y brinda una reparaci\u00f3n completa de la barrera cut\u00e1nea.<\/p>\n<p>El extracto de salvia de abedul rico en amino\u00e1cidos, vitaminas, minerales y prote\u00ednas alimentan la piel transformando su aspecto en una piel saludable y luminosa. Adem\u00e1s regula la producci\u00f3n de sebo, por eso es ideal para el cuidado de pieles mixtas tambi\u00e9n.<\/p>\n<p><strong>Modo de uso <\/strong>:\u00a0Aplique con las manos el o los discos de algod\u00f3n empapados de producto a la cara y d\u00e9 toquecitos hasta que se absorba. Puede aplicarse varias veces si es necesario.<\/p>\n<p><strong>Apto <\/strong>: Para todo tipo de pieles, piel sensible.<\/p>\n<p><strong>Tama\u00f1o<\/strong> : 300ml \/ 10.14 fl. oz.<\/p>\n<p><strong>Ingredientes <\/strong>: Aqua, Glycerin, Propanediol, Glycereth-26, Pentylene Glycol, Betula Alba Juice (10,000Ppm), 1,2-Hexanediol, Chondrus Crispus Extract, Saccharum Officinarum Extract, Sodium Hyaluronate<span style=\"font-weight: 400;\" data-mce-fragment=\"1\">, Hyaluronic Acid, Panthenol, Tromethamine, Dipotassium Glycyrrhizate, Glyceryl Caprylate, Glyceryl Glucoside, Butylene Glycol, Ascorbic Acid, Carbomer, Xanthan Gum, Disodium EDTA<\/span><\/p>","protected":false},"excerpt":{"rendered":"<p>Descripci\u00f3n :\u00a0Es un t\u00f3nico que hidrata y calma su piel con sus activos hidratantes de bajo peso molecular que llegan en las capas m\u00e1s profundas de la piel y brinda una reparaci\u00f3n completa de la barrera cut\u00e1nea. El extracto de salvia de abedul rico en amino\u00e1cidos, vitaminas, minerales y prote\u00ednas alimentan la piel transformando su [&hellip;]<\/p>\n","protected":false},"featured_media":0,"comment_status":"open","ping_status":"closed","template":"","meta":[],"product_brand":[4536],"product_cat":[4403],"product_tag":[8216],"class_list":{"0":"post-65086","1":"product","2":"type-product","3":"status-publish","5":"product_brand-stock-in-korea","6":"product_cat-kstoryespana","7":"product_tag-round","9":"first","10":"instock","11":"taxable","12":"shipping-taxable","13":"purchasable","14":"product-type-simple"},"jetpack_sharing_enabled":true,"_links":{"self":[{"href":"https:\/\/kstoryespana.com\/es\/wp-json\/wp\/v2\/product\/65086","targetHints":{"allow":["GET"]}}],"collection":[{"href":"https:\/\/kstoryespana.com\/es\/wp-json\/wp\/v2\/product"}],"about":[{"href":"https:\/\/kstoryespana.com\/es\/wp-json\/wp\/v2\/types\/product"}],"replies":[{"embeddable":true,"href":"https:\/\/kstoryespana.com\/es\/wp-json\/wp\/v2\/comments?post=65086"}],"wp:attachment":[{"href":"https:\/\/kstoryespana.com\/es\/wp-json\/wp\/v2\/media?parent=65086"}],"wp:term":[{"taxonomy":"product_brand","embeddable":true,"href":"https:\/\/kstoryespana.com\/es\/wp-json\/wp\/v2\/product_brand?post=65086"},{"taxonomy":"product_cat","embeddable":true,"href":"https:\/\/kstoryespana.com\/es\/wp-json\/wp\/v2\/product_cat?post=65086"},{"taxonomy":"product_tag","embeddable":true,"href":"https:\/\/kstoryespana.com\/es\/wp-json\/wp\/v2\/product_tag?post=65086"}],"curies":[{"name":"wp","href":"https:\/\/api.w.org\/{rel}","templated":true}]}}