{"id":65085,"date":"2025-11-10T21:01:38","date_gmt":"2025-11-10T20:01:38","guid":{"rendered":"https:\/\/kstoryespana.com\/product\/round-lab-birch-juice-moisturizing-tone-up-sunscreen\/"},"modified":"2026-04-20T23:57:25","modified_gmt":"2026-04-20T21:57:25","slug":"round-lab-birch-juice-moisturizing-tone-up-sunscreen","status":"publish","type":"product","link":"https:\/\/kstoryespana.com\/es\/product\/round-lab-birch-juice-moisturizing-tone-up-sunscreen\/","title":{"rendered":"Round Lab Birch Juice Moisturizing Tone-Up Sunscreen"},"content":{"rendered":"<p data-start=\"152\" data-end=\"668\"><strong data-start=\"152\" data-end=\"167\">Descripci\u00f3n<\/strong>: Protege tu piel mientras le das un toque de luminosidad natural con <em data-start=\"239\" data-end=\"294\">Round Lab Birch Juice Moisturizing Tone-Up Sun Screen<\/em>. Este protector solar con color combina una alta protecci\u00f3n UVA\/UVB SPF50+ PA++++ con una f\u00f3rmula ligera e hidratante. Enriquecido con savia de abedul, niacinamida y alanto\u00edna, hidrata, calma y unifica el tono de la piel con un acabado rosado natural. Su textura acuosa se absorbe f\u00e1cilmente sin dejar sensaci\u00f3n grasa o pegajosa, siendo ideal incluso para pieles sensibles.<\/p>\n<p data-start=\"670\" data-end=\"944\"><strong data-start=\"670\" data-end=\"685\">Modo de uso<\/strong>: Utiliza como \u00faltimo paso de tu rutina de cuidado facial por la ma\u00f1ana. Aplica una cantidad adecuada de producto sobre el rostro y otras zonas expuestas al sol. Masajea suavemente hasta su completa absorci\u00f3n. Reaplica cada 2-3 horas si est\u00e1s al aire libre.<\/p>\n<p data-start=\"946\" data-end=\"1027\"><strong data-start=\"946\" data-end=\"954\">Apto<\/strong>: Todo tipo de piel, especialmente pieles sensibles, mixtas o apagadas.<\/p>\n<p data-start=\"1029\" data-end=\"1050\"><strong data-start=\"1029\" data-end=\"1041\">Cantidad<\/strong>: 50 ml<\/p>\n<p data-start=\"1052\" data-end=\"1917\"><strong data-start=\"1052\" data-end=\"1068\">Ingredientes<\/strong>: Water, Zinc Oxide, Cyclohexasiloxane, Butyloctyl Salicylate, Propanediol, Propylheptyl Caprylate, Isododecane, Caprylyl Methicone, Lauryl Polyglyceryl-3 Polydimethylsiloxyethyl Dimethicone, Methyl Methacrylate Crosspolymer, Methyl Trimethicone, Adansonia Digitata Seed Extract (1,045ppm), Cryptomeria Japonica Leaf Extract, Nelumbo Nucifera Leaf Extract, Saccharomyces Ferment Filtrate, Glyceryl Glucoside, Sodium Hyaluronate, Hyaluronic Acid, Glycerin, Butylene Glycol, Triethoxycaprylylsilane, Artemisia Annua Extract, Anthemis Nobilis Flower Oil, Pinus Sylvestris Leaf Oil, Ethylhexylglycerin, Ascorbic Acid, Tocopherol, Glyceryl Caprylate, Caprylyl Glycol, Polymethylsilsesquioxane, Lauryl Polyglyceryl-3 Polydimethylsiloxyethyl Dimethicone, 1,2-Hexanediol, Polyglyceryl-2 Dipolyhydroxystearate, Disteardimonium Hectorite, Magnesium Sulfate.<\/p>","protected":false},"excerpt":{"rendered":"<p>Descripci\u00f3n: Protege tu piel mientras le das un toque de luminosidad natural con Round Lab Birch Juice Moisturizing Tone-Up Sun Screen. Este protector solar con color combina una alta protecci\u00f3n UVA\/UVB SPF50+ PA++++ con una f\u00f3rmula ligera e hidratante. Enriquecido con savia de abedul, niacinamida y alanto\u00edna, hidrata, calma y unifica el tono de la [&hellip;]<\/p>\n","protected":false},"featured_media":0,"template":"","meta":[],"product_brand":[4536],"product_cat":[4403],"product_tag":[8216],"class_list":{"0":"post-65085","1":"product","2":"type-product","3":"status-publish","5":"product_brand-stock-in-korea","6":"product_cat-kstoryespana","7":"product_tag-round","9":"first","10":"instock","11":"taxable","12":"shipping-taxable","13":"purchasable","14":"product-type-simple"},"jetpack_sharing_enabled":true,"_links":{"self":[{"href":"https:\/\/kstoryespana.com\/es\/wp-json\/wp\/v2\/product\/65085","targetHints":{"allow":["GET"]}}],"collection":[{"href":"https:\/\/kstoryespana.com\/es\/wp-json\/wp\/v2\/product"}],"about":[{"href":"https:\/\/kstoryespana.com\/es\/wp-json\/wp\/v2\/types\/product"}],"wp:attachment":[{"href":"https:\/\/kstoryespana.com\/es\/wp-json\/wp\/v2\/media?parent=65085"}],"wp:term":[{"taxonomy":"product_brand","embeddable":true,"href":"https:\/\/kstoryespana.com\/es\/wp-json\/wp\/v2\/product_brand?post=65085"},{"taxonomy":"product_cat","embeddable":true,"href":"https:\/\/kstoryespana.com\/es\/wp-json\/wp\/v2\/product_cat?post=65085"},{"taxonomy":"product_tag","embeddable":true,"href":"https:\/\/kstoryespana.com\/es\/wp-json\/wp\/v2\/product_tag?post=65085"}],"curies":[{"name":"wp","href":"https:\/\/api.w.org\/{rel}","templated":true}]}}