{"id":65084,"date":"2025-11-10T21:01:37","date_gmt":"2025-11-10T20:01:37","guid":{"rendered":"https:\/\/kstoryespana.com\/product\/round-lab-birch-juice-moisturizing-sunscreen\/"},"modified":"2026-04-20T23:57:25","modified_gmt":"2026-04-20T21:57:25","slug":"round-lab-birch-juice-moisturizing-sunscreen","status":"publish","type":"product","link":"https:\/\/kstoryespana.com\/es\/product\/round-lab-birch-juice-moisturizing-sunscreen\/","title":{"rendered":"Round lab Birch Juice Moisturizing Sunscreen"},"content":{"rendered":"<p data-mce-fragment=\"1\"><strong data-mce-fragment=\"1\">Descripci\u00f3n :\u00a0<\/strong><span style=\"font-weight: 400;\" data-mce-fragment=\"1\">La crema solar hidratante Round Lab Birch Juice es un protector solar qu\u00edmico que ofrece protecci\u00f3n contra los rayos UVA y UVB. Dado que este protector solar es rico en \u00e1cido hialur\u00f3nico, tambi\u00e9n funciona como un producto para la hidrataci\u00f3n. No solo repone la piel seca e irritada con humedad sino tambi\u00e9n protege la piel de los da\u00f1inos rayos UV con SPF50+, PA++++.<\/span><\/p>\n<p data-mce-fragment=\"1\"><strong data-mce-fragment=\"1\">Modo de uso :\u00a0<\/strong><span style=\"font-weight: 400;\" data-mce-fragment=\"1\">Aplique uniformemente en las zonas expuestas al sol.\u00a0<\/span><\/p>\n<p data-mce-fragment=\"1\"><strong data-mce-fragment=\"1\">Apto :\u00a0<\/strong><span style=\"font-weight: 400;\" data-mce-fragment=\"1\">Todo tipo de piel\u00a0<\/span><\/p>\n<p data-mce-fragment=\"1\"><strong data-mce-fragment=\"1\">Tama\u00f1o :\u00a0<\/strong><span style=\"font-weight: 400;\" data-mce-fragment=\"1\">50ml<\/span><\/p>\n<p data-mce-fragment=\"1\"><strong data-mce-fragment=\"1\">Ingredientes :\u00a0<\/strong><span style=\"font-weight: 400;\" data-mce-fragment=\"1\">Water, Dibutyl Adipate, Propanediol, Diethylamino Hydroxybenzoyl Hexyl Benzoate, Polymethylsilsesquioxane, Ethylhexyl Triazone, Niacinamide, Methylene Bis-Benzotriazolyl Tetramethylbutylphenol, Cocoa-Caprylate\/Caprate, Caprylyl Methicone, Diethylhexyl Butamido Triazone, Glycerin, 1,2-Hexanediol, Butylene Glycol, Birch Sap (1,425ppm), Sodium Hyaluronate, Hyaluronic Acid, Glyceryl Glucoside, Dipotassium Glycyrrhizate, Allantoin, Portulaca Oleracea Extract, Artemisia Annua Extract, Pinus Sylvestris Leaf Extract, Anthemis Nobilis (Chamomile) Flower Oil, Acrylate\/C10-30 Alkyl Acrylate Crosspolymer, Sodium Stearoyl Glutamate, Polyacrylate Crosspolymer-6, Ethylhexylglycerin, Ascorbic Acid, Adenosine, Pentylene Glycol, Behenyl Alcohol, Poly C10-30 Alkyl Acrylate, Polyglyceryl-3 Methylglucose Distearate, Decyl Glucoside, Tromethamine, Xanthan Gum, t-Butyl Alcohol, Tocopherol, Carbomer<\/span><\/p>","protected":false},"excerpt":{"rendered":"<p>Descripci\u00f3n :\u00a0La crema solar hidratante Round Lab Birch Juice es un protector solar qu\u00edmico que ofrece protecci\u00f3n contra los rayos UVA y UVB. Dado que este protector solar es rico en \u00e1cido hialur\u00f3nico, tambi\u00e9n funciona como un producto para la hidrataci\u00f3n. No solo repone la piel seca e irritada con humedad sino tambi\u00e9n protege la [&hellip;]<\/p>\n","protected":false},"featured_media":0,"comment_status":"open","ping_status":"closed","template":"","meta":[],"product_brand":[4536],"product_cat":[4403],"product_tag":[8216],"class_list":{"0":"post-65084","1":"product","2":"type-product","3":"status-publish","5":"product_brand-stock-in-korea","6":"product_cat-kstoryespana","7":"product_tag-round","9":"first","10":"instock","11":"taxable","12":"shipping-taxable","13":"purchasable","14":"product-type-simple"},"jetpack_sharing_enabled":true,"_links":{"self":[{"href":"https:\/\/kstoryespana.com\/es\/wp-json\/wp\/v2\/product\/65084","targetHints":{"allow":["GET"]}}],"collection":[{"href":"https:\/\/kstoryespana.com\/es\/wp-json\/wp\/v2\/product"}],"about":[{"href":"https:\/\/kstoryespana.com\/es\/wp-json\/wp\/v2\/types\/product"}],"replies":[{"embeddable":true,"href":"https:\/\/kstoryespana.com\/es\/wp-json\/wp\/v2\/comments?post=65084"}],"wp:attachment":[{"href":"https:\/\/kstoryespana.com\/es\/wp-json\/wp\/v2\/media?parent=65084"}],"wp:term":[{"taxonomy":"product_brand","embeddable":true,"href":"https:\/\/kstoryespana.com\/es\/wp-json\/wp\/v2\/product_brand?post=65084"},{"taxonomy":"product_cat","embeddable":true,"href":"https:\/\/kstoryespana.com\/es\/wp-json\/wp\/v2\/product_cat?post=65084"},{"taxonomy":"product_tag","embeddable":true,"href":"https:\/\/kstoryespana.com\/es\/wp-json\/wp\/v2\/product_tag?post=65084"}],"curies":[{"name":"wp","href":"https:\/\/api.w.org\/{rel}","templated":true}]}}