{"id":65082,"date":"2025-11-10T21:01:36","date_gmt":"2025-11-10T20:01:36","guid":{"rendered":"https:\/\/kstoryespana.com\/product\/round-lab-birch-juice-moisturizing-cream\/"},"modified":"2026-04-20T23:57:25","modified_gmt":"2026-04-20T21:57:25","slug":"round-lab-birch-juice-moisturizing-cream","status":"publish","type":"product","link":"https:\/\/kstoryespana.com\/es\/product\/round-lab-birch-juice-moisturizing-cream\/","title":{"rendered":"Round Lab Birch Juice Moisturizing Cream"},"content":{"rendered":"<p><strong>Descripci\u00f3n <\/strong>:\u00a0Es una crema hidratante que contiene el extracto de salvia de abedul lleno de \u00e1cido hialur\u00f3nico, el cual proporciona mucha hidrataci\u00f3n y al mismo tiempo regula la producci\u00f3n de sebo de la piel para restaurar el equilibrio humedad-aceite.<\/p>\n<p>Conlleva tambi\u00e9n varios extractos de plantas, como los de semillas de lupino y aloe vera, que ayudan a cuidar la piel a largo plazo y que le proporcionan importantes nutrientes. Por otro lado, la vitamina C de esta crema mejora continuamente las manchas de pigmento, creando una tez uniforme y radiante.<\/p>\n<p><strong>Modo de uso<\/strong> :\u00a0En el \u00faltimo paso de la\u00a0 rutina de belleza, aplique suavemente una cantidad suficiente sobre la piel, exti\u00e9ndola como si creara una barrera.<\/p>\n<p><strong>Apto<\/strong> : Para todo tipo de pieles, piel sensible<\/p>\n<p><strong>Tama\u00f1o<\/strong> : 80ml \/ 2.7 fl. oz.<\/p>\n<p><strong>Ingredientes <\/strong>: Aqua, Glycerin, Isononyl Isononanoate, Isododecane, 1,2-Hexanediol, Pentylene Glycol, Polydecene, Betula Platyphylla Japonica Juice, Jojoba Esters, Panthenol, Glyceryl Glucoside, Acacia Senegal Gum, Hydrolyzed Hibiscus Esculentus Extract, Sodium Hyaluronate, Hyaluronic Acid, Lupinus Albus Seed Extract, Moringa Pterygosperma Seed Extract, Melia Azadirachta Leaf Extract, Melia Azadirachta Flower Extract, Coccinia Indica Fruit Extract, Aloe Barbadensis Flower Extract, Solanum Melongena (Eggplant) Fruit Extract, Ocimum Sanctum Leaf Extract, Corallina Officinalis Extract, Curcuma Longa (Turmeric) Root Extract, Ascorbic Acid, Pentaerythrityl Tetraethylhexanoate, Ammonium Acryloyldimethyltaurate\/\u200bVP Copolymer, Polyglyceryl-3 Methylglucose Distearate, Acrylates\/\u200bC10-30 Alkyl Acrylate Crosspolymer, Tromethamine, Glyceryl Acrylate\/\u200bAcrylic Acid Copolymer, Ethylhexylglycerin, Agar, Dipotassium Glycyrrhizate, Glyceryl Caprylate, Butylene Glycol, Disodium EDTA<\/p>","protected":false},"excerpt":{"rendered":"<p>Descripci\u00f3n :\u00a0Es una crema hidratante que contiene el extracto de salvia de abedul lleno de \u00e1cido hialur\u00f3nico, el cual proporciona mucha hidrataci\u00f3n y al mismo tiempo regula la producci\u00f3n de sebo de la piel para restaurar el equilibrio humedad-aceite. Conlleva tambi\u00e9n varios extractos de plantas, como los de semillas de lupino y aloe vera, que [&hellip;]<\/p>\n","protected":false},"featured_media":0,"comment_status":"open","ping_status":"closed","template":"","meta":[],"product_brand":[4536],"product_cat":[4403],"product_tag":[8216],"class_list":{"0":"post-65082","1":"product","2":"type-product","3":"status-publish","5":"product_brand-stock-in-korea","6":"product_cat-kstoryespana","7":"product_tag-round","9":"first","10":"instock","11":"taxable","12":"shipping-taxable","13":"purchasable","14":"product-type-simple"},"jetpack_sharing_enabled":true,"_links":{"self":[{"href":"https:\/\/kstoryespana.com\/es\/wp-json\/wp\/v2\/product\/65082","targetHints":{"allow":["GET"]}}],"collection":[{"href":"https:\/\/kstoryespana.com\/es\/wp-json\/wp\/v2\/product"}],"about":[{"href":"https:\/\/kstoryespana.com\/es\/wp-json\/wp\/v2\/types\/product"}],"replies":[{"embeddable":true,"href":"https:\/\/kstoryespana.com\/es\/wp-json\/wp\/v2\/comments?post=65082"}],"wp:attachment":[{"href":"https:\/\/kstoryespana.com\/es\/wp-json\/wp\/v2\/media?parent=65082"}],"wp:term":[{"taxonomy":"product_brand","embeddable":true,"href":"https:\/\/kstoryespana.com\/es\/wp-json\/wp\/v2\/product_brand?post=65082"},{"taxonomy":"product_cat","embeddable":true,"href":"https:\/\/kstoryespana.com\/es\/wp-json\/wp\/v2\/product_cat?post=65082"},{"taxonomy":"product_tag","embeddable":true,"href":"https:\/\/kstoryespana.com\/es\/wp-json\/wp\/v2\/product_tag?post=65082"}],"curies":[{"name":"wp","href":"https:\/\/api.w.org\/{rel}","templated":true}]}}