{"id":65036,"date":"2025-11-10T21:01:12","date_gmt":"2025-11-10T20:01:12","guid":{"rendered":"https:\/\/kstoryespana.com\/product\/purito-seoul-wonder-releaf-centella-cream-unscented\/"},"modified":"2026-04-20T23:57:21","modified_gmt":"2026-04-20T21:57:21","slug":"purito-seoul-wonder-releaf-centella-cream-unscented","status":"publish","type":"product","link":"https:\/\/kstoryespana.com\/es\/product\/purito-seoul-wonder-releaf-centella-cream-unscented\/","title":{"rendered":"Purito Seoul Wonder Releaf Centella Cream Unscented"},"content":{"rendered":"<p class=\"\" data-start=\"51\" data-end=\"609\"><strong data-start=\"51\" data-end=\"67\">Descripci\u00f3n: <\/strong>Purito Seoul Wonder Releaf Centella Cream Unscented es una crema facial calmante sin perfume, ideal para pieles sensibles que necesitan alivio e hidrataci\u00f3n profunda. Reformulada y reenvasada para adaptarse mejor a las necesidades modernas del cuidado de la piel, esta crema est\u00e1 enriquecida con extracto de centella asi\u00e1tica coreana, escualano y ceramida NP. Su textura ligera pero nutritiva ayuda a calmar las rojeces, reforzar la barrera cut\u00e1nea y mantener la piel suave y equilibrada, sin obstruir los poros ni causar irritaciones.<\/p>\n<p class=\"\" data-start=\"611\" data-end=\"864\"><strong data-start=\"611\" data-end=\"627\">Modo de uso: <\/strong>Despu\u00e9s de la limpieza y el t\u00f3nico, aplica una cantidad adecuada de la crema sobre el rostro y cuello. Masajea suavemente hasta su completa absorci\u00f3n. \u00dasala por la ma\u00f1ana y por la noche como \u00faltimo paso de tu rutina de cuidado facial.<\/p>\n<p class=\"\" data-start=\"866\" data-end=\"965\"><strong data-start=\"866\" data-end=\"875\">Apto:<\/strong> Para todo tipo de pieles, especialmente pieles sensibles o con tendencia a la irritaci\u00f3n.<\/p>\n<p class=\"\" data-start=\"967\" data-end=\"984\"><strong data-start=\"967\" data-end=\"978\">Tama\u00f1o:<\/strong> 50 ml<\/p>\n<p class=\"\" data-start=\"986\" data-end=\"1717\"><strong data-start=\"986\" data-end=\"1003\">Ingredientes: <\/strong>water, caprylic\/capric triglyceride, macadamia ternifolia seed oil, squalane, butylene glycol, cetearyl alcohol, glycerin, centella asiatica extract, niacinamide, 1,2-hexanediol, potassium cetyl phosphate, behenic acid, betaine, tromethamine, butyrospermum parkii butter, hydrogenated lecithin, palmitic acid, stearic acid, caprylyl glycol, candida bombicola\/glucose\/methyl rapeseedate ferment, carbomer, xanthan gum, hydroxyethylcellulose, oryza sativa germ oil, cocos nucifera oil, sodium carbomer, adenosine, asiaticoside, asiatic acid, phytosphingosine, ceramide np, madecassic acid, myristic acid, arachidic acid, tremella fuciformis extract, perilla ocymoides seed extract, sodium hyaluronate, beta-glucan<\/p>","protected":false},"excerpt":{"rendered":"<p>Descripci\u00f3n: Purito Seoul Wonder Releaf Centella Cream Unscented es una crema facial calmante sin perfume, ideal para pieles sensibles que necesitan alivio e hidrataci\u00f3n profunda. Reformulada y reenvasada para adaptarse mejor a las necesidades modernas del cuidado de la piel, esta crema est\u00e1 enriquecida con extracto de centella asi\u00e1tica coreana, escualano y ceramida NP. Su [&hellip;]<\/p>\n","protected":false},"featured_media":0,"comment_status":"open","ping_status":"closed","template":"","meta":[],"product_brand":[4536],"product_cat":[4403],"product_tag":[8214],"class_list":{"0":"post-65036","1":"product","2":"type-product","3":"status-publish","5":"product_brand-stock-in-korea","6":"product_cat-kstoryespana","7":"product_tag-purito","9":"first","10":"instock","11":"taxable","12":"shipping-taxable","13":"purchasable","14":"product-type-simple"},"jetpack_sharing_enabled":true,"_links":{"self":[{"href":"https:\/\/kstoryespana.com\/es\/wp-json\/wp\/v2\/product\/65036","targetHints":{"allow":["GET"]}}],"collection":[{"href":"https:\/\/kstoryespana.com\/es\/wp-json\/wp\/v2\/product"}],"about":[{"href":"https:\/\/kstoryespana.com\/es\/wp-json\/wp\/v2\/types\/product"}],"replies":[{"embeddable":true,"href":"https:\/\/kstoryespana.com\/es\/wp-json\/wp\/v2\/comments?post=65036"}],"wp:attachment":[{"href":"https:\/\/kstoryespana.com\/es\/wp-json\/wp\/v2\/media?parent=65036"}],"wp:term":[{"taxonomy":"product_brand","embeddable":true,"href":"https:\/\/kstoryespana.com\/es\/wp-json\/wp\/v2\/product_brand?post=65036"},{"taxonomy":"product_cat","embeddable":true,"href":"https:\/\/kstoryespana.com\/es\/wp-json\/wp\/v2\/product_cat?post=65036"},{"taxonomy":"product_tag","embeddable":true,"href":"https:\/\/kstoryespana.com\/es\/wp-json\/wp\/v2\/product_tag?post=65036"}],"curies":[{"name":"wp","href":"https:\/\/api.w.org\/{rel}","templated":true}]}}