{"id":65035,"date":"2025-11-10T21:01:11","date_gmt":"2025-11-10T20:01:11","guid":{"rendered":"https:\/\/kstoryespana.com\/product\/purito-seoul-timeless-bloom-retinol-spot-cream\/"},"modified":"2026-04-20T23:57:21","modified_gmt":"2026-04-20T21:57:21","slug":"purito-seoul-timeless-bloom-retinol-spot-cream","status":"publish","type":"product","link":"https:\/\/kstoryespana.com\/es\/product\/purito-seoul-timeless-bloom-retinol-spot-cream\/","title":{"rendered":"Purito Seoul Timeless Bloom Retinol Spot Cream"},"content":{"rendered":"<p data-start=\"173\" data-end=\"686\"><strong data-start=\"173\" data-end=\"188\">Descripci\u00f3n<\/strong>: Purito Seoul Timeless Bloom Retinol Spot Cream es una crema puntual de textura cremosa que combate eficazmente los signos del envejecimiento. Con un 0.1% de retinol puro, bakuchiol de origen vegetal y extracto de hortensia coreana de Jeju, esta f\u00f3rmula 4 en 1 reduce visiblemente las arrugas, mejora la elasticidad, afina la textura de la piel y reduce la apariencia de los poros. Adem\u00e1s, est\u00e1 enriquecida con ingredientes naturales como el t\u00e9 verde y la c\u00farcuma para calmar e iluminar la piel.<\/p>\n<p data-start=\"688\" data-end=\"1239\"><strong data-start=\"688\" data-end=\"718\">Caracter\u00edsticas destacadas<\/strong>:<br data-start=\"719\" data-end=\"722\">\u2714\ufe0f <strong data-start=\"725\" data-end=\"757\">Reducci\u00f3n potente de arrugas<\/strong>: Su f\u00f3rmula suave pero eficaz es ideal incluso para quienes usan retinol por primera vez.<br data-start=\"847\" data-end=\"850\">\u2714\ufe0f <strong data-start=\"853\" data-end=\"887\">Sinergia con hortensia coreana<\/strong>: Act\u00faa junto al retinol para maximizar los efectos antiedad.<br data-start=\"948\" data-end=\"951\">\u2714\ufe0f <strong data-start=\"954\" data-end=\"985\">Apto para todo tipo de piel<\/strong>: Dermatol\u00f3gicamente testado e hipoalerg\u00e9nico, sin causar irritaci\u00f3n.<br data-start=\"1054\" data-end=\"1057\">\u2714\ufe0f <strong data-start=\"1060\" data-end=\"1084\" data-is-only-node=\"\">0.1% de retinol puro<\/strong>: Concentraci\u00f3n ideal para obtener resultados visibles con seguridad.<br data-start=\"1153\" data-end=\"1156\">\u2714\ufe0f <strong data-start=\"1159\" data-end=\"1183\">Crema puntual 4 en 1<\/strong>: Reduce arrugas, reafirma, hidrata y mejora la textura.<\/p>\n<p data-start=\"1241\" data-end=\"1734\"><strong data-start=\"1241\" data-end=\"1256\">Modo de uso<\/strong>: Aplica una cantidad del tama\u00f1o de un guisante en las zonas deseadas (l\u00edneas finas, arrugas, textura irregular) y da suaves toques para facilitar la absorci\u00f3n.<br data-start=\"1418\" data-end=\"1421\">Empieza us\u00e1ndolo en d\u00edas alternos; una vez que la piel se haya adaptado, puedes aplicarlo diariamente.<br data-start=\"1523\" data-end=\"1526\">Debido a que el retinol es fotosensible, \u00fasalo preferentemente por la noche, despu\u00e9s de que tu rutina de cuidado facial est\u00e9 completamente absorbida. Si lo usas por la ma\u00f1ana, aplica siempre protecci\u00f3n solar.<\/p>\n<p data-start=\"1736\" data-end=\"1856\"><strong data-start=\"1736\" data-end=\"1744\">Apto<\/strong>: Todo tipo de piel, incluyendo piel sensible. Vegano, cruelty-free, sin perfumes, sin alcohol ni parabenos.<\/p>\n<p data-start=\"1858\" data-end=\"1878\"><strong data-start=\"1858\" data-end=\"1870\">Cantidad<\/strong>: 30ml<\/p>\n<p data-start=\"1880\" data-end=\"2908\"><strong data-start=\"1880\" data-end=\"1896\">Ingredientes<\/strong>: Water, Caprylic\/Capric Triglyceride, Glycerin, Cetearyl Alcohol, Propanediol, Pentaerythrityl Tetraethylhexanoate, Butylene Glycol, Hydrangea Macrophylla Leaf Extract, Bakuchiol, Hyaluronic Acid, Camellia Sinensis Leaf Extract, Sodium Hyaluronate, Retinol, Allantoin, Arachidyl Alcohol, Glyceryl Stearate, Tocopherol, Behenyl Alcohol, Carbomer, Sodium Acrylate\/Sodium Acryloyldimethyl Taurate Copolymer, Tromethamine, Cetearyl Glucoside, Caprylyl Glycol, Polyisobutene, Arachidyl Glucoside, Hydroxyacetophenone, Pentylene Glycol, Hydroxyethyl Acrylate\/Sodium Acryloyldimethyl Taurate Copolymer, Dipotassium Glycyrrhizate, Polyglyceryl-10 Laurate, Allium Sativum (Garlic) Bulb Extract, Glyceryl Stearate SE, Sorbitan Stearate, 1,2-Hexanediol, Ethylhexylglycerin, Adenosine, Disodium EDTA, Caprylyl\/Capryl Glucoside, Sorbitan Oleate, Rutin, Curcuma Longa (Turmeric) Root Extract, Vitis Vinifera (Grape) Vine Extract, Sorbitan Isostearate, Paeonia Suffruticosa Root Extract, Glucose, Sclerotium Gum, Xanthan Gum<\/p>","protected":false},"excerpt":{"rendered":"<p>Descripci\u00f3n: Purito Seoul Timeless Bloom Retinol Spot Cream es una crema puntual de textura cremosa que combate eficazmente los signos del envejecimiento. Con un 0.1% de retinol puro, bakuchiol de origen vegetal y extracto de hortensia coreana de Jeju, esta f\u00f3rmula 4 en 1 reduce visiblemente las arrugas, mejora la elasticidad, afina la textura de [&hellip;]<\/p>\n","protected":false},"featured_media":0,"comment_status":"open","ping_status":"closed","template":"","meta":[],"product_brand":[4536],"product_cat":[4403],"product_tag":[8214],"class_list":{"0":"post-65035","1":"product","2":"type-product","3":"status-publish","5":"product_brand-stock-in-korea","6":"product_cat-kstoryespana","7":"product_tag-purito","9":"first","10":"instock","11":"taxable","12":"shipping-taxable","13":"purchasable","14":"product-type-simple"},"jetpack_sharing_enabled":true,"_links":{"self":[{"href":"https:\/\/kstoryespana.com\/es\/wp-json\/wp\/v2\/product\/65035","targetHints":{"allow":["GET"]}}],"collection":[{"href":"https:\/\/kstoryespana.com\/es\/wp-json\/wp\/v2\/product"}],"about":[{"href":"https:\/\/kstoryespana.com\/es\/wp-json\/wp\/v2\/types\/product"}],"replies":[{"embeddable":true,"href":"https:\/\/kstoryespana.com\/es\/wp-json\/wp\/v2\/comments?post=65035"}],"wp:attachment":[{"href":"https:\/\/kstoryespana.com\/es\/wp-json\/wp\/v2\/media?parent=65035"}],"wp:term":[{"taxonomy":"product_brand","embeddable":true,"href":"https:\/\/kstoryespana.com\/es\/wp-json\/wp\/v2\/product_brand?post=65035"},{"taxonomy":"product_cat","embeddable":true,"href":"https:\/\/kstoryespana.com\/es\/wp-json\/wp\/v2\/product_cat?post=65035"},{"taxonomy":"product_tag","embeddable":true,"href":"https:\/\/kstoryespana.com\/es\/wp-json\/wp\/v2\/product_tag?post=65035"}],"curies":[{"name":"wp","href":"https:\/\/api.w.org\/{rel}","templated":true}]}}