{"id":65034,"date":"2025-11-10T21:01:10","date_gmt":"2025-11-10T20:01:10","guid":{"rendered":"https:\/\/kstoryespana.com\/product\/purito-seoul-mighty-bamboo-panthenol-cream\/"},"modified":"2026-04-20T23:57:21","modified_gmt":"2026-04-20T21:57:21","slug":"purito-seoul-mighty-bamboo-panthenol-cream","status":"publish","type":"product","link":"https:\/\/kstoryespana.com\/es\/product\/purito-seoul-mighty-bamboo-panthenol-cream\/","title":{"rendered":"Purito Seoul Mighty Bamboo Panthenol Cream"},"content":{"rendered":"<p data-start=\"0\" data-end=\"289\"><strong data-start=\"0\" data-end=\"16\">Descripci\u00f3n:<\/strong>\u00a0Purito Seoul Mighty Bamboo Panthenol Cream es una crema hidratante intensiva formulada con 10% de pantenol (provitamina B5) y extracto de bamb\u00fa, dos ingredientes clave que fortalecen la barrera cut\u00e1nea y proporcionan una hidrataci\u00f3n profunda y duradera.<\/p>\n<p data-start=\"291\" data-end=\"677\">Su f\u00f3rmula est\u00e1 enriquecida con niacinamida (vitamina B3), que ayuda a equilibrar la producci\u00f3n de sebo y mejorar la textura de la piel, y escualano derivado de la ca\u00f1a de az\u00facar, que aporta elasticidad y retiene la humedad sin sensaci\u00f3n grasa. Adem\u00e1s, el extracto de Centella Asi\u00e1tica calma la piel, reduce la inflamaci\u00f3n y favorece la regeneraci\u00f3n de la barrera cut\u00e1nea.<\/p>\n<p data-start=\"679\" data-end=\"945\">Gracias a su textura ligera y tipo gel, se absorbe r\u00e1pidamente sin dejar residuos grasos, lo que la hace ideal para todo tipo de piel, incluidas las pieles sensibles. Es vegana, libre de fragancias, aceites esenciales, parabenos, sulfatos, alcohol y siliconas.<\/p>\n<p data-start=\"947\" data-end=\"1201\"><strong data-start=\"947\" data-end=\"963\">Modo de uso: <\/strong>Despu\u00e9s de la limpieza y la aplicaci\u00f3n de t\u00f3nico y s\u00e9rum, toma una peque\u00f1a cantidad de la crema y apl\u00edcala uniformemente sobre el rostro y cuello, masajeando suavemente hasta su completa absorci\u00f3n. \u00dasala por la ma\u00f1ana y por la noche.<\/p>\n<p data-start=\"1203\" data-end=\"1272\"><strong data-start=\"1203\" data-end=\"1217\">Apto para: <\/strong>Todo tipo de pieles, incluidas pieles sensibles.<\/p>\n<p data-start=\"1274\" data-end=\"1293\"><strong data-start=\"1274\" data-end=\"1285\">Tama\u00f1o:<\/strong> 80 ml<\/p>\n<p data-start=\"1295\" data-end=\"1744\" data-is-last-node=\"\" data-is-only-node=\"\"><strong data-start=\"1295\" data-end=\"1312\">Ingredientes: <\/strong>Water, Panthenol, Squalane, Butylene Glycol, 1,2-Hexanediol, Niacinamide, Bambusa Vulgaris Extract, Hydrolyzed Jojoba Esters, Acrylates\/C10-30 Alkyl Acrylate Crosspolymer, Ammonium Acryloyldimethyltaurate\/VP Copolymer, Hydroxyacetophenone, Tromethamine, Dipotassium Glycyrrhizate, Ethylhexylglycerin, Xanthan Gum, Disodium EDTA, Sodium Hyaluronate, Madecassoside, Asiaticoside, Asiatic Acid, Madecassic Acid, Copper Tripeptide-1.<\/p>","protected":false},"excerpt":{"rendered":"<p>Descripci\u00f3n:\u00a0Purito Seoul Mighty Bamboo Panthenol Cream es una crema hidratante intensiva formulada con 10% de pantenol (provitamina B5) y extracto de bamb\u00fa, dos ingredientes clave que fortalecen la barrera cut\u00e1nea y proporcionan una hidrataci\u00f3n profunda y duradera. Su f\u00f3rmula est\u00e1 enriquecida con niacinamida (vitamina B3), que ayuda a equilibrar la producci\u00f3n de sebo y mejorar [&hellip;]<\/p>\n","protected":false},"featured_media":0,"comment_status":"open","ping_status":"closed","template":"","meta":[],"product_brand":[4536],"product_cat":[4403],"product_tag":[8214],"class_list":{"0":"post-65034","1":"product","2":"type-product","3":"status-publish","5":"product_brand-stock-in-korea","6":"product_cat-kstoryespana","7":"product_tag-purito","9":"first","10":"outofstock","11":"taxable","12":"shipping-taxable","13":"purchasable","14":"product-type-simple"},"jetpack_sharing_enabled":true,"_links":{"self":[{"href":"https:\/\/kstoryespana.com\/es\/wp-json\/wp\/v2\/product\/65034","targetHints":{"allow":["GET"]}}],"collection":[{"href":"https:\/\/kstoryespana.com\/es\/wp-json\/wp\/v2\/product"}],"about":[{"href":"https:\/\/kstoryespana.com\/es\/wp-json\/wp\/v2\/types\/product"}],"replies":[{"embeddable":true,"href":"https:\/\/kstoryespana.com\/es\/wp-json\/wp\/v2\/comments?post=65034"}],"wp:attachment":[{"href":"https:\/\/kstoryespana.com\/es\/wp-json\/wp\/v2\/media?parent=65034"}],"wp:term":[{"taxonomy":"product_brand","embeddable":true,"href":"https:\/\/kstoryespana.com\/es\/wp-json\/wp\/v2\/product_brand?post=65034"},{"taxonomy":"product_cat","embeddable":true,"href":"https:\/\/kstoryespana.com\/es\/wp-json\/wp\/v2\/product_cat?post=65034"},{"taxonomy":"product_tag","embeddable":true,"href":"https:\/\/kstoryespana.com\/es\/wp-json\/wp\/v2\/product_tag?post=65034"}],"curies":[{"name":"wp","href":"https:\/\/api.w.org\/{rel}","templated":true}]}}