{"id":65031,"date":"2025-11-10T21:01:07","date_gmt":"2025-11-10T20:01:07","guid":{"rendered":"https:\/\/kstoryespana.com\/product\/purito-seoul-dermide-relief-barrier-moisturizer\/"},"modified":"2026-04-20T23:57:21","modified_gmt":"2026-04-20T21:57:21","slug":"purito-seoul-dermide-relief-barrier-moisturizer","status":"publish","type":"product","link":"https:\/\/kstoryespana.com\/es\/product\/purito-seoul-dermide-relief-barrier-moisturizer\/","title":{"rendered":"Purito Seoul Dermide Relief Barrier Moisturizer"},"content":{"rendered":"<p data-start=\"65\" data-end=\"87\"><strong data-start=\"70\" data-end=\"85\">Descripci\u00f3n:\u00a0<\/strong>Purito Seoul Dermide Relief Barrier Moisturizer es una crema hidratante vegana formulada para fortalecer la barrera cut\u00e1nea y proporcionar una hidrataci\u00f3n profunda. Enriquecida con cinco tipos de ceramidas, ayuda a reducir la sensibilidad y las rojeces, restaurando el equilibrio natural de la piel. Su textura rica pero de r\u00e1pida absorci\u00f3n deja la piel suave y protegida sin sensaci\u00f3n pegajosa.<\/p>\n<p data-start=\"502\" data-end=\"867\">Su f\u00f3rmula est\u00e1 libre de fragancias artificiales, aceites esenciales, PEG y siliconas, lo que la hace ideal para pieles sensibles, secas y con tendencia a la irritaci\u00f3n. Adem\u00e1s, el pantenol y la alanto\u00edna calman la piel mientras que el escualano y el aceite de macadamia proporcionan una hidrataci\u00f3n duradera y refuerzan la elasticidad de la piel.<\/p>\n<p data-start=\"869\" data-end=\"1035\">Gracias a sus propiedades reparadoras, esta crema ayuda a prevenir la p\u00e9rdida de humedad, fortalecer la barrera protectora y reducir la sensibilidad de la piel.<\/p>\n<p data-start=\"869\" data-end=\"1035\"><strong data-start=\"1047\" data-end=\"1062\">Modo de uso: <\/strong>Despu\u00e9s de aplicar el s\u00e9rum, tomar una cantidad adecuada de crema y extender uniformemente sobre el rostro y el cuello, masajeando suavemente hasta su completa absorci\u00f3n. Para mejores resultados, usar por la ma\u00f1ana y por la noche.<\/p>\n<p data-start=\"869\" data-end=\"1035\"><strong data-start=\"1309\" data-end=\"1322\">Apto:\u00a0<\/strong>Piel seca y sensible.<\/p>\n<p data-start=\"1533\" data-end=\"1550\"><strong data-start=\"1538\" data-end=\"1548\">Tama\u00f1o: <\/strong>100ml<\/p>\n<p data-start=\"1533\" data-end=\"1550\"><strong data-start=\"1577\" data-end=\"1605\">Ingredientes: <\/strong>Water, Propanediol, Glycerin, Caprylic\/Capric Triglyceride, Hydrogenated PolyC6-14 Olefin, Behenyl Alcohol, Limnanthes Alba Seed Oil, Polyglyceryl-6 Stearate, 1,2-Hexanediol, Cetyl Alcohol, Candida\/Garcinia Cambogia Ferment, Ceramide NP, Glyceryl Stearate, Ammonium Acryloyldimethyltaurate\/VP Copolymer, Polyglyceryl-6 Behenate, Allantoin, Squalane, Caprylyl Glycol, Panthenol, Macadamia Temifolia Seed Oil, Xanthan Gum, Butyrospermum Parkii Butter, Ethylhexylglycerin, Disodium EDTA, Dipropylene glycol, Hydrogenated lecithin, Ceramide NS, Ceramide AS, Ceramide AP, Cholesterol, Ceramide EOP.<\/p>","protected":false},"excerpt":{"rendered":"<p>Descripci\u00f3n:\u00a0Purito Seoul Dermide Relief Barrier Moisturizer es una crema hidratante vegana formulada para fortalecer la barrera cut\u00e1nea y proporcionar una hidrataci\u00f3n profunda. Enriquecida con cinco tipos de ceramidas, ayuda a reducir la sensibilidad y las rojeces, restaurando el equilibrio natural de la piel. Su textura rica pero de r\u00e1pida absorci\u00f3n deja la piel suave y [&hellip;]<\/p>\n","protected":false},"featured_media":0,"comment_status":"open","ping_status":"closed","template":"","meta":[],"product_brand":[4536],"product_cat":[4403],"product_tag":[8214],"class_list":{"0":"post-65031","1":"product","2":"type-product","3":"status-publish","5":"product_brand-stock-in-korea","6":"product_cat-kstoryespana","7":"product_tag-purito","9":"first","10":"instock","11":"taxable","12":"shipping-taxable","13":"purchasable","14":"product-type-simple"},"jetpack_sharing_enabled":true,"_links":{"self":[{"href":"https:\/\/kstoryespana.com\/es\/wp-json\/wp\/v2\/product\/65031","targetHints":{"allow":["GET"]}}],"collection":[{"href":"https:\/\/kstoryespana.com\/es\/wp-json\/wp\/v2\/product"}],"about":[{"href":"https:\/\/kstoryespana.com\/es\/wp-json\/wp\/v2\/types\/product"}],"replies":[{"embeddable":true,"href":"https:\/\/kstoryespana.com\/es\/wp-json\/wp\/v2\/comments?post=65031"}],"wp:attachment":[{"href":"https:\/\/kstoryespana.com\/es\/wp-json\/wp\/v2\/media?parent=65031"}],"wp:term":[{"taxonomy":"product_brand","embeddable":true,"href":"https:\/\/kstoryespana.com\/es\/wp-json\/wp\/v2\/product_brand?post=65031"},{"taxonomy":"product_cat","embeddable":true,"href":"https:\/\/kstoryespana.com\/es\/wp-json\/wp\/v2\/product_cat?post=65031"},{"taxonomy":"product_tag","embeddable":true,"href":"https:\/\/kstoryespana.com\/es\/wp-json\/wp\/v2\/product_tag?post=65031"}],"curies":[{"name":"wp","href":"https:\/\/api.w.org\/{rel}","templated":true}]}}