{"id":64959,"date":"2025-11-10T21:00:25","date_gmt":"2025-11-10T20:00:25","guid":{"rendered":"https:\/\/kstoryespana.com\/product\/numbuzin-no-3-super-glowing-essence-toner\/"},"modified":"2026-04-20T23:57:11","modified_gmt":"2026-04-20T21:57:11","slug":"numbuzin-no-3-super-glowing-essence-toner","status":"publish","type":"product","link":"https:\/\/kstoryespana.com\/es\/product\/numbuzin-no-3-super-glowing-essence-toner\/","title":{"rendered":"numbuzin No.3 Super Glowing Essence Toner"},"content":{"rendered":"<p data-start=\"196\" data-end=\"698\"><strong data-start=\"196\" data-end=\"211\">Descripci\u00f3n<\/strong>: Un t\u00f3nico-esencia altamente concentrado que hidrata, ilumina y mejora visiblemente la textura de la piel. Con una f\u00f3rmula rica en 50 tipos de ingredientes fermentados, niacinamida y \u00e1cido hialur\u00f3nico, este t\u00f3nico revitaliza la piel opaca, fortalece la barrera cut\u00e1nea y prepara el rostro para los siguientes pasos de tu rutina. Su textura ligeramente espesa y amarillenta se absorbe r\u00e1pidamente sin dejar sensaci\u00f3n pegajosa, dejando la piel suave, el\u00e1stica y con un brillo saludable.<\/p>\n<p data-start=\"700\" data-end=\"899\"><strong data-start=\"700\" data-end=\"715\">Modo de uso<\/strong>: Despu\u00e9s de la limpieza, aplica una cantidad adecuada sobre el rostro con las manos o con un disco de algod\u00f3n. Da suaves palmaditas hasta su completa absorci\u00f3n. Usar ma\u00f1ana y noche.<\/p>\n<p data-start=\"901\" data-end=\"974\"><strong data-start=\"901\" data-end=\"909\">Apto<\/strong>: Todo tipo de piel, especialmente piel seca, opaca o sensible.<\/p>\n<p data-start=\"976\" data-end=\"998\"><strong data-start=\"976\" data-end=\"988\">Cantidad<\/strong>: 200 ml<\/p>\n<p data-start=\"1000\" data-end=\"3088\"><strong data-start=\"1000\" data-end=\"1016\">Ingredientes<\/strong>: El fabricante puede cambiar la composici\u00f3n sin notificarnos. La lista completa y actualizada de ingredientes la encontrar\u00e1s en el envase del producto.<\/p>","protected":false},"excerpt":{"rendered":"<p>Descripci\u00f3n: Un t\u00f3nico-esencia altamente concentrado que hidrata, ilumina y mejora visiblemente la textura de la piel. Con una f\u00f3rmula rica en 50 tipos de ingredientes fermentados, niacinamida y \u00e1cido hialur\u00f3nico, este t\u00f3nico revitaliza la piel opaca, fortalece la barrera cut\u00e1nea y prepara el rostro para los siguientes pasos de tu rutina. Su textura ligeramente espesa [&hellip;]<\/p>\n","protected":false},"featured_media":0,"comment_status":"open","ping_status":"closed","template":"","meta":[],"product_brand":[4536],"product_cat":[4403],"product_tag":[8211],"class_list":{"0":"post-64959","1":"product","2":"type-product","3":"status-publish","5":"product_brand-stock-in-korea","6":"product_cat-kstoryespana","7":"product_tag-numbuzin","9":"first","10":"instock","11":"taxable","12":"shipping-taxable","13":"purchasable","14":"product-type-simple"},"jetpack_sharing_enabled":true,"_links":{"self":[{"href":"https:\/\/kstoryespana.com\/es\/wp-json\/wp\/v2\/product\/64959","targetHints":{"allow":["GET"]}}],"collection":[{"href":"https:\/\/kstoryespana.com\/es\/wp-json\/wp\/v2\/product"}],"about":[{"href":"https:\/\/kstoryespana.com\/es\/wp-json\/wp\/v2\/types\/product"}],"replies":[{"embeddable":true,"href":"https:\/\/kstoryespana.com\/es\/wp-json\/wp\/v2\/comments?post=64959"}],"wp:attachment":[{"href":"https:\/\/kstoryespana.com\/es\/wp-json\/wp\/v2\/media?parent=64959"}],"wp:term":[{"taxonomy":"product_brand","embeddable":true,"href":"https:\/\/kstoryespana.com\/es\/wp-json\/wp\/v2\/product_brand?post=64959"},{"taxonomy":"product_cat","embeddable":true,"href":"https:\/\/kstoryespana.com\/es\/wp-json\/wp\/v2\/product_cat?post=64959"},{"taxonomy":"product_tag","embeddable":true,"href":"https:\/\/kstoryespana.com\/es\/wp-json\/wp\/v2\/product_tag?post=64959"}],"curies":[{"name":"wp","href":"https:\/\/api.w.org\/{rel}","templated":true}]}}