{"id":64958,"date":"2025-11-10T21:00:24","date_gmt":"2025-11-10T20:00:24","guid":{"rendered":"https:\/\/kstoryespana.com\/product\/numbuzin-no-3-skin-softening-serum\/"},"modified":"2026-04-20T23:57:10","modified_gmt":"2026-04-20T21:57:10","slug":"numbuzin-no-3-skin-softening-serum","status":"publish","type":"product","link":"https:\/\/kstoryespana.com\/es\/product\/numbuzin-no-3-skin-softening-serum\/","title":{"rendered":"numbuzin No.3 Skin Softening Serum"},"content":{"rendered":"<p data-start=\"194\" data-end=\"734\"><strong data-start=\"194\" data-end=\"209\">Descripci\u00f3n<\/strong>:\u00a0Numbuzin No.3 Skin Softening Serum es un s\u00e9rum altamente concentrado en ingredientes fermentados que fortalece la barrera cut\u00e1nea y mejora visiblemente la textura de la piel. Con un 42\u202f% de Bifida Ferment Lysate y un 21\u202f% de Galactomyces Ferment Filtrate, hidrata en profundidad, reduce la apariencia de los poros y unifica el tono. Su f\u00f3rmula ligera tambi\u00e9n contiene niacinamida, escualano, \u00e1cido hialur\u00f3nico, pantenol y adenosina para calmar, suavizar y rejuvenecer la piel, dej\u00e1ndola m\u00e1s luminosa, el\u00e1stica y uniforme.<\/p>\n<p data-start=\"736\" data-end=\"920\"><strong data-start=\"736\" data-end=\"751\">Modo de uso<\/strong>: Despu\u00e9s del t\u00f3nico, aplica una cantidad moderada sobre el rostro limpio y seco. Masajea suavemente hasta su completa absorci\u00f3n. Apto para uso diario, ma\u00f1ana y noche.<\/p>\n<p data-start=\"922\" data-end=\"1018\"><strong data-start=\"922\" data-end=\"930\">Apto<\/strong>: Todo tipo de piel, especialmente piel apagada, deshidratada o con textura irregular.<\/p>\n<p data-start=\"1020\" data-end=\"1041\"><strong data-start=\"1020\" data-end=\"1032\">Cantidad<\/strong>: 50 ml<\/p>\n<p data-start=\"1043\" data-end=\"1572\"><strong data-start=\"1043\" data-end=\"1059\">Ingredientes<\/strong>: Bifida Ferment Lysate (42%), Galactomyces Ferment Filtrate (21%), Butylene Glycol, Methyl Gluceth-20, Purified Water, Niacinamide, PEG-90, 1,2-Hexanediol, Glycerin, Squalane, Alteromonas Ferment Extract, Silk Extract, Goat Milk Extract, Sodium Hyaluronate, Panthenol, Adenosine, Glycereth-26, Xanthan Gum, Polyglyceryl-3 Distearate, Glyceryl Stearate SE, Glyceryl Stearate Citrate, Polyglyceryl-3 Methylglucose Distearate, Carbomer, Tromethamine, Ethylhexylglycerin, Caprylyl Glycol, Tropolone, Disodium EDTA.<\/p>","protected":false},"excerpt":{"rendered":"<p>Descripci\u00f3n:\u00a0Numbuzin No.3 Skin Softening Serum es un s\u00e9rum altamente concentrado en ingredientes fermentados que fortalece la barrera cut\u00e1nea y mejora visiblemente la textura de la piel. Con un 42\u202f% de Bifida Ferment Lysate y un 21\u202f% de Galactomyces Ferment Filtrate, hidrata en profundidad, reduce la apariencia de los poros y unifica el tono. Su f\u00f3rmula [&hellip;]<\/p>\n","protected":false},"featured_media":0,"comment_status":"open","ping_status":"closed","template":"","meta":[],"product_brand":[4536],"product_cat":[4403],"product_tag":[8211],"class_list":{"0":"post-64958","1":"product","2":"type-product","3":"status-publish","5":"product_brand-stock-in-korea","6":"product_cat-kstoryespana","7":"product_tag-numbuzin","9":"first","10":"instock","11":"taxable","12":"shipping-taxable","13":"purchasable","14":"product-type-simple"},"jetpack_sharing_enabled":true,"_links":{"self":[{"href":"https:\/\/kstoryespana.com\/es\/wp-json\/wp\/v2\/product\/64958","targetHints":{"allow":["GET"]}}],"collection":[{"href":"https:\/\/kstoryespana.com\/es\/wp-json\/wp\/v2\/product"}],"about":[{"href":"https:\/\/kstoryespana.com\/es\/wp-json\/wp\/v2\/types\/product"}],"replies":[{"embeddable":true,"href":"https:\/\/kstoryespana.com\/es\/wp-json\/wp\/v2\/comments?post=64958"}],"wp:attachment":[{"href":"https:\/\/kstoryespana.com\/es\/wp-json\/wp\/v2\/media?parent=64958"}],"wp:term":[{"taxonomy":"product_brand","embeddable":true,"href":"https:\/\/kstoryespana.com\/es\/wp-json\/wp\/v2\/product_brand?post=64958"},{"taxonomy":"product_cat","embeddable":true,"href":"https:\/\/kstoryespana.com\/es\/wp-json\/wp\/v2\/product_cat?post=64958"},{"taxonomy":"product_tag","embeddable":true,"href":"https:\/\/kstoryespana.com\/es\/wp-json\/wp\/v2\/product_tag?post=64958"}],"curies":[{"name":"wp","href":"https:\/\/api.w.org\/{rel}","templated":true}]}}