{"id":63749,"date":"2025-09-29T12:30:37","date_gmt":"2025-09-29T10:30:37","guid":{"rendered":"https:\/\/kstoryespana.com\/product\/pre-order-the-meaning-of-jungkook-magazine-japan-ver\/"},"modified":"2026-05-02T09:57:57","modified_gmt":"2026-05-02T07:57:57","slug":"pre-order-the-meaning-of-jungkook-magazine-japan-ver","status":"publish","type":"product","link":"https:\/\/kstoryespana.com\/es\/producto\/pre-order-the-meaning-of-jungkook-magazine-japan-ver\/","title":{"rendered":"THE MEANING OF JUNGKOOK Magazine (Japan Ver)"},"content":{"rendered":"<p><!-- split --><\/p>\n<div style=\"text-align: center;\">\n<div>\n<span style=\"color: #000000;\"><strong>Release date: September<\/strong><\/span><span style=\"color: #000000;\"><strong> 26th, 2025<\/strong><\/span><\/p>\n<\/div>\n<\/div>\n<ul>\n<li style=\"text-align: center;\">\n<strong>THE MEANING OF JUNGKOOK Magazine (Japan Ver)<\/strong><strong><\/p>\n<p><\/strong>\n<\/li>\n<li style=\"text-align: center;\"><strong>Language : JAPANESE<br \/><span style=\"color: #a169f3;\"><span style=\"color: #000000;\"><br \/><\/span><\/span><\/strong><\/li>\n<\/ul>\n<p style=\"text-align: center;\">Jungkook de BTS: Todo lo que necesitas saber sobre por qu\u00e9 cautiv\u00f3 al mundo<\/p>\n<p style=\"text-align: center;\">Desde su infancia hasta su estrellato rotundo.<\/p>\n<p style=\"text-align: center;\">Una esperad\u00edsima traducci\u00f3n al japon\u00e9s del aclamado libro, escrita por un editor de Vogue estadounidense, explora los diversos elementos que llevaron al \u00e9xito de Jungkook de BTS.<br \/>El mercado musical del K-pop, la cultura de las redes sociales, la perspectiva del fandom, la propia filosof\u00eda de Jungkook&#8230;<\/p>\n<p style=\"text-align: center;\">Su \u00e9xito no fue casualidad.<br \/>Imprescindible para los fans, este libro desentra\u00f1a el significado de este \u00edcono musical atemporal.<\/p>","protected":false},"excerpt":{"rendered":"<p>Release date: September 26th, 2025 THE MEANING OF JUNGKOOK Magazine (Japan Ver) Language : JAPANESE Jungkook de BTS: Todo lo que necesitas saber sobre por qu\u00e9 cautiv\u00f3 al mundo Desde su infancia hasta su estrellato rotundo. Una esperad\u00edsima traducci\u00f3n al japon\u00e9s del aclamado libro, escrita por un editor de Vogue estadounidense, explora los diversos elementos [&hellip;]<\/p>\n","protected":false},"featured_media":63750,"template":"","meta":[],"product_brand":[4535],"product_cat":[8488,4403],"product_tag":[6784,8251,8275],"class_list":{"0":"post-63749","1":"product","2":"type-product","3":"status-publish","4":"has-post-thumbnail","6":"product_brand-stock-in-spain","7":"product_cat-photobook","8":"product_cat-kstoryespana","9":"product_tag-bts","10":"product_tag-japan","11":"product_tag-jungkook","13":"first","14":"instock","15":"taxable","16":"shipping-taxable","17":"purchasable","18":"product-type-simple"},"jetpack_sharing_enabled":true,"_links":{"self":[{"href":"https:\/\/kstoryespana.com\/es\/wp-json\/wp\/v2\/product\/63749","targetHints":{"allow":["GET"]}}],"collection":[{"href":"https:\/\/kstoryespana.com\/es\/wp-json\/wp\/v2\/product"}],"about":[{"href":"https:\/\/kstoryespana.com\/es\/wp-json\/wp\/v2\/types\/product"}],"wp:featuredmedia":[{"embeddable":true,"href":"https:\/\/kstoryespana.com\/es\/wp-json\/wp\/v2\/media\/63750"}],"wp:attachment":[{"href":"https:\/\/kstoryespana.com\/es\/wp-json\/wp\/v2\/media?parent=63749"}],"wp:term":[{"taxonomy":"product_brand","embeddable":true,"href":"https:\/\/kstoryespana.com\/es\/wp-json\/wp\/v2\/product_brand?post=63749"},{"taxonomy":"product_cat","embeddable":true,"href":"https:\/\/kstoryespana.com\/es\/wp-json\/wp\/v2\/product_cat?post=63749"},{"taxonomy":"product_tag","embeddable":true,"href":"https:\/\/kstoryespana.com\/es\/wp-json\/wp\/v2\/product_tag?post=63749"}],"curies":[{"name":"wp","href":"https:\/\/api.w.org\/{rel}","templated":true}]}}