{"id":57805,"date":"2025-07-01T20:37:52","date_gmt":"2025-07-01T18:37:52","guid":{"rendered":"https:\/\/kstoryespana.com\/product\/nct-dream-dreamiez-plush-doll\/"},"modified":"2026-05-03T22:15:35","modified_gmt":"2026-05-03T20:15:35","slug":"nct-dream-dreamiez-plush-doll","status":"publish","type":"product","link":"https:\/\/kstoryespana.com\/es\/product\/nct-dream-dreamiez-plush-doll\/","title":{"rendered":"NCT DREAM &#8211; DREAMIEZ PLUSH DOLL"},"content":{"rendered":"<p><!-- split --><\/p>\n<div style=\"text-align: center;\">\n<strong><strong><\/strong><\/strong>\n<\/div>\n<div style=\"text-align: center;\">\n<strong><strong><img decoding=\"async\" alt=\"\" src=\"https:\/\/kstoryespana.com\/wp-content\/uploads\/2025\/07\/DREAMIEZ_5fef3445-242a-4db7-8188-92417ff76dd1.jpg\">Release date: September 15th 2025<br \/>Pre-Order due date: June 4th, 2025<br \/><\/strong><\/strong>**This is the period when you can definitely purchase the product.**<strong><strong><\/p>\n<p><\/strong><\/strong>\n<\/div>\n<ul>\n<li style=\"text-align: center;\"><strong>NCT DREAM &#8211; DREAMIEZ PLUSH DOLL BAMJJI\n<p><\/strong><\/li>\n<li style=\"text-align: center;\"><strong>TAMA\u00d1O : Var\u00eda seg\u00fan la opci\u00f3n<\/strong><\/li>\n<\/ul>\n<ul>\n<li style=\"text-align: center;\"><strong>MATERIAL : Poli\u00e9ster\n<p><\/strong><\/li>\n<\/ul>","protected":false},"excerpt":{"rendered":"<p>Release date: September 15th 2025Pre-Order due date: June 4th, 2025**This is the period when you can definitely purchase the product.** NCT DREAM &#8211; DREAMIEZ PLUSH DOLL BAMJJI SIZE : Varies by option MATERIAL : Polyester<\/p>","protected":false},"featured_media":58529,"template":"","meta":[],"product_brand":[4536],"product_cat":[7226,4400],"product_tag":[7754],"class_list":{"0":"post-57805","1":"product","2":"type-product","3":"status-publish","4":"has-post-thumbnail","6":"product_brand-stock-in-korea","7":"product_cat-merch-2","8":"product_cat-kstoryfromkorea","9":"product_tag-nct-dream","11":"first","12":"outofstock","13":"taxable","14":"shipping-taxable","15":"purchasable","16":"product-type-variable"},"_links":{"self":[{"href":"https:\/\/kstoryespana.com\/es\/wp-json\/wp\/v2\/product\/57805","targetHints":{"allow":["GET"]}}],"collection":[{"href":"https:\/\/kstoryespana.com\/es\/wp-json\/wp\/v2\/product"}],"about":[{"href":"https:\/\/kstoryespana.com\/es\/wp-json\/wp\/v2\/types\/product"}],"wp:featuredmedia":[{"embeddable":true,"href":"https:\/\/kstoryespana.com\/es\/wp-json\/wp\/v2\/media\/58529"}],"wp:attachment":[{"href":"https:\/\/kstoryespana.com\/es\/wp-json\/wp\/v2\/media?parent=57805"}],"wp:term":[{"taxonomy":"product_brand","embeddable":true,"href":"https:\/\/kstoryespana.com\/es\/wp-json\/wp\/v2\/product_brand?post=57805"},{"taxonomy":"product_cat","embeddable":true,"href":"https:\/\/kstoryespana.com\/es\/wp-json\/wp\/v2\/product_cat?post=57805"},{"taxonomy":"product_tag","embeddable":true,"href":"https:\/\/kstoryespana.com\/es\/wp-json\/wp\/v2\/product_tag?post=57805"}],"curies":[{"name":"wp","href":"https:\/\/api.w.org\/{rel}","templated":true}]}}