{"id":5757,"date":"2025-05-27T21:41:36","date_gmt":"2025-05-27T21:41:36","guid":{"rendered":"https:\/\/kstoryespana.com\/?product=bt21-baby-newborn-season-2-doll"},"modified":"2026-05-03T21:20:08","modified_gmt":"2026-05-03T19:20:08","slug":"bt21-baby-newborn-season-2-doll","status":"publish","type":"product","link":"https:\/\/kstoryespana.com\/es\/product\/bt21-baby-newborn-season-2-doll\/","title":{"rendered":"BT21 - BEB\u00c9 RECI\u00c9N NACIDO TEMPORADA 2 MU\u00d1ECA"},"excerpt":{"rendered":"<p>BT21 &#8211; BABY NEWBORN SEASON 2 DOLL SIZE : Varies by option MATERIAL : Polyester<\/p>","protected":false},"featured_media":30168,"template":"","meta":[],"product_brand":[4536],"product_cat":[4315,4400],"product_tag":[8259],"class_list":{"0":"post-5757","1":"product","2":"type-product","3":"status-publish","4":"has-post-thumbnail","6":"product_brand-stock-in-korea","7":"product_cat-bt21","8":"product_cat-kstoryfromkorea","9":"product_tag-season-greetings","11":"first","12":"instock","13":"taxable","14":"shipping-taxable","15":"purchasable","16":"product-type-variable"},"jetpack_sharing_enabled":true,"_links":{"self":[{"href":"https:\/\/kstoryespana.com\/es\/wp-json\/wp\/v2\/product\/5757","targetHints":{"allow":["GET"]}}],"collection":[{"href":"https:\/\/kstoryespana.com\/es\/wp-json\/wp\/v2\/product"}],"about":[{"href":"https:\/\/kstoryespana.com\/es\/wp-json\/wp\/v2\/types\/product"}],"wp:featuredmedia":[{"embeddable":true,"href":"https:\/\/kstoryespana.com\/es\/wp-json\/wp\/v2\/media\/30168"}],"wp:attachment":[{"href":"https:\/\/kstoryespana.com\/es\/wp-json\/wp\/v2\/media?parent=5757"}],"wp:term":[{"taxonomy":"product_brand","embeddable":true,"href":"https:\/\/kstoryespana.com\/es\/wp-json\/wp\/v2\/product_brand?post=5757"},{"taxonomy":"product_cat","embeddable":true,"href":"https:\/\/kstoryespana.com\/es\/wp-json\/wp\/v2\/product_cat?post=5757"},{"taxonomy":"product_tag","embeddable":true,"href":"https:\/\/kstoryespana.com\/es\/wp-json\/wp\/v2\/product_tag?post=5757"}],"curies":[{"name":"wp","href":"https:\/\/api.w.org\/{rel}","templated":true}]}}