{"id":5748,"date":"2025-05-27T21:41:34","date_gmt":"2025-05-27T21:41:34","guid":{"rendered":"https:\/\/kstoryespana.com\/?product=bt21-baby-k-edition-2-plush-keyring"},"modified":"2026-05-03T21:59:15","modified_gmt":"2026-05-03T19:59:15","slug":"bt21-baby-k-edition-2-plush-keyring","status":"publish","type":"product","link":"https:\/\/kstoryespana.com\/es\/product\/bt21-baby-k-edition-2-plush-keyring\/","title":{"rendered":"BT21 - LLAVERO DE PELUCHE BABY K EDITION 2"},"content":{"rendered":"<div style=\"text-align: center;\"><strong><strong data-mce-fragment=\"\"><span data-mce-fragment=\"\"><span>Release date: June 21st, <\/span><span>2024<\/span><\/p>\n<p><\/span><\/strong><\/strong><\/div>\n<ul data-mce-fragment=\"\">\n<li><strong><span><span><span><span>BT21 - LLAVERO DE PELUCHE BABY K EDITION 2\n<p><\/span><\/span><\/span><\/span><\/strong><\/li>\n<li><strong>TAMA\u00d1O : Var\u00eda seg\u00fan la opci\u00f3n<\/strong><\/li>\n<li><strong>MATERIAL : Poli\u00e9ster, Metal\n<p><\/strong><\/li>\n<\/ul>\n<p><strong><img decoding=\"async\" alt=\"\" src=\"https:\/\/cdn.shopify.com\/s\/files\/1\/0579\/9454\/3257\/files\/KEYRING_e7967a34-d776-4ef9-9c13-f7daef527ff9.jpg?v=1718958116\"><\/strong><\/p>\n<p><strong><img decoding=\"async\" alt=\"\" src=\"https:\/\/cdn.shopify.com\/s\/files\/1\/0579\/9454\/3257\/files\/bt21-keyring--bt21-mang-baby-k-2-39784077131975_93789ef8-ce1c-49aa-bdf5-81f922699783.jpg?v=1718958115\"><\/strong><\/p>\n<p><strong><img decoding=\"async\" alt=\"\" src=\"https:\/\/cdn.shopify.com\/s\/files\/1\/0579\/9454\/3257\/files\/bt21-keyring--bt21-cooky-baby-k-2-39784077426887_43d43f10-1444-4583-96cb-0df0bf6f383c.jpg?v=1718958115\"><\/strong><\/p>\n<p><strong><img decoding=\"async\" alt=\"\" src=\"https:\/\/cdn.shopify.com\/s\/files\/1\/0579\/9454\/3257\/files\/bt21-keyring--bt21-koya-baby-k-2-39784078049479_b1186fe6-6f81-4398-b169-0025e127b61c.jpg?v=1718958115\"><img decoding=\"async\" alt=\"\" src=\"https:\/\/cdn.shopify.com\/s\/files\/1\/0579\/9454\/3257\/files\/bt21-keyring--bt21-rj-baby-k-2-39784077197511_342027bf-7724-4d21-bb45-0caefaeed1ad.jpg?v=1718958115\"><\/strong><\/p>\n<p><strong><img decoding=\"async\" alt=\"\" src=\"https:\/\/cdn.shopify.com\/s\/files\/1\/0579\/9454\/3257\/files\/bt21-keyring--bt21-rj-baby-k-2-39784077197511_342027bf-7724-4d21-bb45-0caefaeed1ad.jpg?v=1718958115\"><\/strong><\/p>\n<p><strong><img decoding=\"async\" alt=\"\" src=\"https:\/\/cdn.shopify.com\/s\/files\/1\/0579\/9454\/3257\/files\/bt21-keyring--bt21-shooky-baby-k-2-39784078082247_a2fb4bae-9187-4a50-ab5b-916004475098.jpg?v=1718958115\"><\/strong><\/p>\n<p><strong><img decoding=\"async\" alt=\"\" src=\"https:\/\/cdn.shopify.com\/s\/files\/1\/0579\/9454\/3257\/files\/bt21-keyring--bt21-tata-baby-k-2-39784076738759_ff0d0dd5-b774-4a13-973e-2370c076c0a3.jpg?v=1718958115\"><\/strong><\/p>\n<p><strong><img decoding=\"async\" alt=\"\" src=\"https:\/\/cdn.shopify.com\/s\/files\/1\/0579\/9454\/3257\/files\/bt21-keyring--bt21-tata-baby-k-2-39784076738759_e4e69989-7ccc-4d9f-bb75-61eafa223111.jpg?v=1718958102\"><\/strong><\/p>","protected":false},"excerpt":{"rendered":"<p>Release date: June 21st, 2024 BT21 &#8211; BABY K EDITION 2 PLUSH KEYRING SIZE : Varies by option MATERIAL : Polyester, Metal<\/p>","protected":false},"featured_media":30160,"template":"","meta":[],"product_brand":[4536],"product_cat":[4315,4400],"product_tag":[8256,8272],"class_list":{"0":"post-5748","1":"product","2":"type-product","3":"status-publish","4":"has-post-thumbnail","6":"product_brand-stock-in-korea","7":"product_cat-bt21","8":"product_cat-kstoryfromkorea","9":"product_tag-keyring","10":"product_tag-plush","12":"first","13":"instock","14":"taxable","15":"shipping-taxable","16":"purchasable","17":"product-type-variable"},"_links":{"self":[{"href":"https:\/\/kstoryespana.com\/es\/wp-json\/wp\/v2\/product\/5748","targetHints":{"allow":["GET"]}}],"collection":[{"href":"https:\/\/kstoryespana.com\/es\/wp-json\/wp\/v2\/product"}],"about":[{"href":"https:\/\/kstoryespana.com\/es\/wp-json\/wp\/v2\/types\/product"}],"wp:featuredmedia":[{"embeddable":true,"href":"https:\/\/kstoryespana.com\/es\/wp-json\/wp\/v2\/media\/30160"}],"wp:attachment":[{"href":"https:\/\/kstoryespana.com\/es\/wp-json\/wp\/v2\/media?parent=5748"}],"wp:term":[{"taxonomy":"product_brand","embeddable":true,"href":"https:\/\/kstoryespana.com\/es\/wp-json\/wp\/v2\/product_brand?post=5748"},{"taxonomy":"product_cat","embeddable":true,"href":"https:\/\/kstoryespana.com\/es\/wp-json\/wp\/v2\/product_cat?post=5748"},{"taxonomy":"product_tag","embeddable":true,"href":"https:\/\/kstoryespana.com\/es\/wp-json\/wp\/v2\/product_tag?post=5748"}],"curies":[{"name":"wp","href":"https:\/\/api.w.org\/{rel}","templated":true}]}}