{"id":5589,"date":"2025-05-27T21:41:08","date_gmt":"2025-05-27T21:41:08","guid":{"rendered":"https:\/\/kstoryespana.com\/?product=brave-girls-6th-mini-album-thank-you"},"modified":"2026-04-29T19:27:31","modified_gmt":"2026-04-29T17:27:31","slug":"brave-girls-6th-mini-album-thank-you-3246074","status":"publish","type":"product","link":"https:\/\/kstoryespana.com\/es\/producto\/brave-girls-6th-mini-album-thank-you-3246074\/","title":{"rendered":"BRAVE GIRLS &#8211; 6TH MINI ALBUM THANK YOU"},"content":{"rendered":"<div style=\"text-align: center;\">\n<strong><strong><strong><strong>Release date:\u00a0<\/strong><\/strong><\/strong><\/strong><strong data-mce-fragment=\"1\"><span data-mce-fragment=\"1\"><span style=\"color: #ff2a00;\" data-mce-fragment=\"1\">March 15th 2022<\/span>.<br \/><\/span><\/strong> <span style=\"color: #000000;\"><strong><br \/><\/strong><\/span>\n<\/div>\n<div style=\"text-align: center;\">\u00a0<\/div>\n<ul>\n<li><strong>BRAVE GIRLS&#8217;s\u00a06th Mini Album\u00a0&#8211; Thank You\n<p><\/strong><\/li>\n<li>\n<span style=\"color: #ff2a00;\"><strong>FIRST PRESS ONLY\u3163SUPER LIMITED, FIRST COME FIRST SERVE<br \/><\/strong><\/span>&#8211; 1 Poster (Random 1 out of 2, Folded)<br \/><strong><br \/><\/strong>\n<\/li>\n<li>\n<strong><strong><strong>Package :<br \/><\/strong><\/strong><\/strong>&#8211; 1 Album Box<br \/>&#8211; 1 Photo Book (84p)<br \/>&#8211; 1 CD (Random 1 out of 4)<br \/>&#8211; 1 Postcard (Random 1 out of 8)<br \/>&#8211; 1 Photo Card (Random 1 out of 8)<br \/>&#8211; 1 Circle Card (Random 1 out of 4)<br \/>&#8211; 1 Photo Stand (Random 1 out of 4)<\/p>\n<\/li>\n<\/ul>\n<ul>\n<li><b data-mce-fragment=\"1\">Noticia important :\u00a0La caja \/ caja exterior es simplemente para proteger la mercanc\u00eda. (Los da\u00f1os como ara\u00f1azos o decoloraci\u00f3n de la carcasa \/ caja no est\u00e1n cubiertos).<\/b><\/li>\n<\/ul>\n<ul>\n<li data-mce-fragment=\"1\">\n<div data-en-clipboard=\"true\" data-pm-slice=\"0 0 []\">\n<strong><\/strong><img decoding=\"async\" alt=\"\" src=\"https:\/\/cdn.shopify.com\/s\/files\/1\/0559\/4356\/1408\/files\/6_bf8a34bd-d1a3-4a27-b9df-267d14cf58f2.jpg?v=1646638132\">\n<\/div>\n<\/li>\n<\/ul>","protected":false},"excerpt":{"rendered":"<p>Release date:\u00a0March 15th 2022. \u00a0 BRAVE GIRLS&#8217;s\u00a06th Mini Album\u00a0&#8211; Thank You FIRST PRESS ONLY\u3163SUPER LIMITED, FIRST COME FIRST SERVE&#8211; 1 Poster (Random 1 out of 2, Folded) Package :&#8211; 1 Album Box&#8211; 1 Photo Book (84p)&#8211; 1 CD (Random 1 out of 4)&#8211; 1 Postcard (Random 1 out of 8)&#8211; 1 Photo Card (Random 1 [&hellip;]<\/p>\n","protected":false},"featured_media":30003,"template":"","meta":[],"product_brand":[4536],"product_cat":[7225],"product_tag":[7348],"class_list":{"0":"post-5589","1":"product","2":"type-product","3":"status-publish","4":"has-post-thumbnail","6":"product_brand-stock-in-korea","7":"product_cat-album-2","8":"product_tag-brave-girls","10":"first","11":"instock","12":"taxable","13":"shipping-taxable","14":"purchasable","15":"product-type-simple"},"jetpack_sharing_enabled":true,"_links":{"self":[{"href":"https:\/\/kstoryespana.com\/es\/wp-json\/wp\/v2\/product\/5589","targetHints":{"allow":["GET"]}}],"collection":[{"href":"https:\/\/kstoryespana.com\/es\/wp-json\/wp\/v2\/product"}],"about":[{"href":"https:\/\/kstoryespana.com\/es\/wp-json\/wp\/v2\/types\/product"}],"wp:featuredmedia":[{"embeddable":true,"href":"https:\/\/kstoryespana.com\/es\/wp-json\/wp\/v2\/media\/30003"}],"wp:attachment":[{"href":"https:\/\/kstoryespana.com\/es\/wp-json\/wp\/v2\/media?parent=5589"}],"wp:term":[{"taxonomy":"product_brand","embeddable":true,"href":"https:\/\/kstoryespana.com\/es\/wp-json\/wp\/v2\/product_brand?post=5589"},{"taxonomy":"product_cat","embeddable":true,"href":"https:\/\/kstoryespana.com\/es\/wp-json\/wp\/v2\/product_cat?post=5589"},{"taxonomy":"product_tag","embeddable":true,"href":"https:\/\/kstoryespana.com\/es\/wp-json\/wp\/v2\/product_tag?post=5589"}],"curies":[{"name":"wp","href":"https:\/\/api.w.org\/{rel}","templated":true}]}}