{"id":5302,"date":"2025-05-27T21:40:12","date_gmt":"2025-05-27T21:40:12","guid":{"rendered":"https:\/\/kstoryespana.com\/?product=bloody-heart-o-s-t-kbs2-drama"},"modified":"2026-05-04T14:54:59","modified_gmt":"2026-05-04T12:54:59","slug":"pre-order-bloody-heart-o-s-t-kbs2-drama","status":"publish","type":"product","link":"https:\/\/kstoryespana.com\/es\/product\/pre-order-bloody-heart-o-s-t-kbs2-drama\/","title":{"rendered":"BLOODY HEART - O.S.T (KBS2 DRAMA)"},"excerpt":{"rendered":"<p>Release date: June\u00a021, 2022 BLOODY HEART &#8211; O.S.T (KBS2 DRAMA) ** Noticia importante : La caja \/ caja exterior es simplemente para proteger la mercanc\u00eda. (Los da\u00f1os como ara\u00f1azos o decoloraci\u00f3n de la carcasa \/ caja no est\u00e1n cubiertos).<\/p>","protected":false},"featured_media":29874,"template":"","meta":[],"product_brand":[],"product_cat":[8513,4400],"product_tag":[7339],"class_list":{"0":"post-5302","1":"product","2":"type-product","3":"status-publish","4":"has-post-thumbnail","6":"product_cat-ost","7":"product_cat-kstoryfromkorea","8":"product_tag-bloody-heart","10":"first","11":"instock","12":"taxable","13":"shipping-taxable","14":"purchasable","15":"product-type-simple"},"jetpack_sharing_enabled":true,"_links":{"self":[{"href":"https:\/\/kstoryespana.com\/es\/wp-json\/wp\/v2\/product\/5302","targetHints":{"allow":["GET"]}}],"collection":[{"href":"https:\/\/kstoryespana.com\/es\/wp-json\/wp\/v2\/product"}],"about":[{"href":"https:\/\/kstoryespana.com\/es\/wp-json\/wp\/v2\/types\/product"}],"wp:featuredmedia":[{"embeddable":true,"href":"https:\/\/kstoryespana.com\/es\/wp-json\/wp\/v2\/media\/29874"}],"wp:attachment":[{"href":"https:\/\/kstoryespana.com\/es\/wp-json\/wp\/v2\/media?parent=5302"}],"wp:term":[{"taxonomy":"product_brand","embeddable":true,"href":"https:\/\/kstoryespana.com\/es\/wp-json\/wp\/v2\/product_brand?post=5302"},{"taxonomy":"product_cat","embeddable":true,"href":"https:\/\/kstoryespana.com\/es\/wp-json\/wp\/v2\/product_cat?post=5302"},{"taxonomy":"product_tag","embeddable":true,"href":"https:\/\/kstoryespana.com\/es\/wp-json\/wp\/v2\/product_tag?post=5302"}],"curies":[{"name":"wp","href":"https:\/\/api.w.org\/{rel}","templated":true}]}}