{"id":5280,"date":"2025-05-27T21:40:08","date_gmt":"2025-05-27T21:40:08","guid":{"rendered":"https:\/\/kstoryespana.com\/?product=blitzers-ep3-win-dow"},"modified":"2026-04-20T23:14:39","modified_gmt":"2026-04-20T21:14:39","slug":"pre-order-blitzers-ep3-win-dow","status":"publish","type":"product","link":"https:\/\/kstoryespana.com\/es\/producto\/pre-order-blitzers-ep3-win-dow\/","title":{"rendered":"BLITZERS &#8211; EP3 [WIN-DOW]"},"content":{"rendered":"<div style=\"text-align: center;\" data-mce-style=\"text-align: center;\"><\/div>\n<h3 style=\"text-align: center;\" data-mce-style=\"text-align: center;\">Release date: <span color=\"#ff2a00\" style=\"color: #ff2a00;\">July<\/span><span style=\"color: #f10808;\" data-mce-style=\"color: #f10808;\">\u00a021, 2022<\/span><br \/>\n<\/h3>\n<p style=\"text-align: center;\"><strong><span style=\"color: #f10808;\" data-mce-style=\"color: #f10808;\">(Important : After 7th of September, it will be shipped from Spain. <\/span><\/strong><\/p>\n<p style=\"text-align: center;\"><strong><span style=\"color: #f10808;\" data-mce-style=\"color: #f10808;\">In august, there is no shipping due to the vacation)<\/span><\/strong><\/p>\n<ul class=\"ul1\">\n<li class=\"li1\">BLITZERS &#8211; EP3 [WIN-DOW]<\/li>\n<\/ul>\n<p class=\"p2\"><strong>** Noticia importante : La caja \/ caja exterior es simplemente para proteger la mercanc\u00eda. (Los da\u00f1os como ara\u00f1azos o decoloraci\u00f3n de la carcasa \/ caja no est\u00e1n cubiertos)<\/strong>.<\/p>\n<p class=\"p2\"><img decoding=\"async\" alt=\"\" src=\"https:\/\/cdn.shopify.com\/s\/files\/1\/0579\/9454\/3257\/files\/EP3_WINDOW.jpg?v=1656660472\"><\/p>\n<div style=\"text-align: center;\" data-mce-style=\"text-align: center;\"><\/div>\n<div style=\"text-align: center;\" data-mce-style=\"text-align: center;\"><\/div>\n<div style=\"text-align: center;\" data-mce-style=\"text-align: center;\"><\/div>\n","protected":false},"excerpt":{"rendered":"<p>Release date: July\u00a021, 2022 (Important : After 7th of September, it will be shipped from Spain. In august, there is no shipping due to the vacation) BLITZERS &#8211; EP3 [WIN-DOW] ** Noticia importante : La caja \/ caja exterior es simplemente para proteger la mercanc\u00eda. (Los da\u00f1os como ara\u00f1azos o decoloraci\u00f3n de la carcasa \/ [&hellip;]<\/p>\n","protected":false},"featured_media":29867,"template":"","meta":[],"product_brand":[4536],"product_cat":[7225,4400],"product_tag":[7337],"class_list":{"0":"post-5280","1":"product","2":"type-product","3":"status-publish","4":"has-post-thumbnail","6":"product_brand-stock-in-korea","7":"product_cat-album-2","8":"product_cat-kstoryfromkorea","9":"product_tag-blitzers","11":"first","12":"instock","13":"taxable","14":"shipping-taxable","15":"purchasable","16":"product-type-variable"},"jetpack_sharing_enabled":true,"_links":{"self":[{"href":"https:\/\/kstoryespana.com\/es\/wp-json\/wp\/v2\/product\/5280","targetHints":{"allow":["GET"]}}],"collection":[{"href":"https:\/\/kstoryespana.com\/es\/wp-json\/wp\/v2\/product"}],"about":[{"href":"https:\/\/kstoryespana.com\/es\/wp-json\/wp\/v2\/types\/product"}],"wp:featuredmedia":[{"embeddable":true,"href":"https:\/\/kstoryespana.com\/es\/wp-json\/wp\/v2\/media\/29867"}],"wp:attachment":[{"href":"https:\/\/kstoryespana.com\/es\/wp-json\/wp\/v2\/media?parent=5280"}],"wp:term":[{"taxonomy":"product_brand","embeddable":true,"href":"https:\/\/kstoryespana.com\/es\/wp-json\/wp\/v2\/product_brand?post=5280"},{"taxonomy":"product_cat","embeddable":true,"href":"https:\/\/kstoryespana.com\/es\/wp-json\/wp\/v2\/product_cat?post=5280"},{"taxonomy":"product_tag","embeddable":true,"href":"https:\/\/kstoryespana.com\/es\/wp-json\/wp\/v2\/product_tag?post=5280"}],"curies":[{"name":"wp","href":"https:\/\/api.w.org\/{rel}","templated":true}]}}