{"id":5274,"date":"2025-05-27T21:40:06","date_gmt":"2025-05-27T21:40:06","guid":{"rendered":"https:\/\/kstoryespana.com\/?product=blitzers-1st-single-album-bobbin"},"modified":"2026-04-20T23:14:38","modified_gmt":"2026-04-20T21:14:38","slug":"pre-order-blitzers-1st-single-album-bobbin","status":"publish","type":"product","link":"https:\/\/kstoryespana.com\/es\/product\/pre-order-blitzers-1st-single-album-bobbin\/","title":{"rendered":"BLITZERS &#8211; 1ST SINGLE ALBUM BOBBIN"},"content":{"rendered":"<div style=\"text-align: center;\">\n<strong><strong><strong>Release date: <\/strong><\/strong><\/strong><strong style=\"font-family: -apple-system, BlinkMacSystemFont, 'Segoe UI', Roboto, Oxygen, Ubuntu, Cantarell, 'Open Sans', 'Helvetica Neue', sans-serif;\"><span style=\"color: #ff2a00;\">January 4th 2022.<\/span><\/strong><\/p>\n<div>\n<div>\n<div><strong>\u00a0<\/strong><\/div>\n<\/div>\n<\/div>\n<\/div>\n<ul>\n<li><strong>BLITZERS&#8217; 1st Single Album &#8211;\u00a0BOBBIN\n<p><\/strong><\/li>\n<li>\n<span style=\"color: #ff2a00;\"><strong>FIRST PRESS ONLY\u3163SUPER LIMITED, FIRST COME FIRST SERVE<br \/><\/strong><\/span>&#8211; 1 Special card (Random 1 out of 14)\u3163<span style=\"color: #ff2a00;\">Limited quantity (2000ea) will be RANDOMLY distributed. (NOT IN ALL PACKAGES)<\/span><br \/>&#8211; 1 Mini Folded Poster<strong><\/p>\n<p><\/strong>\n<\/li>\n<li>\n<strong><strong><strong>Package :<br \/><\/strong><\/strong><\/strong>&#8211; 1 Cover<br \/>&#8211; 1 Booklet (16p)<br \/>&#8211; 1 Lyric Paper (12p)<br \/>&#8211; 1 CD-R<br \/>&#8211; 1 Photo Card (Random 1 out of 14)<br \/>&#8211; 1 Toon Card (Random 1 out of 7)<\/li>\n<\/ul>\n<ul>\n<li>\n<p class=\"p1\"><span class=\"s1\"><b>Noticia important :\u00a0La caja \/ caja exterior es simplemente para proteger la mercanc\u00eda. (Los da\u00f1os como ara\u00f1azos o decoloraci\u00f3n de la carcasa \/ caja no est\u00e1n cubiertos).<\/b><\/span><\/p>\n<\/li>\n<\/ul>\n<p><span class=\"s1\"><b><img decoding=\"async\" alt=\"\" src=\"https:\/\/cdn.shopify.com\/s\/files\/1\/0579\/9454\/3257\/files\/005829d1b03fe4820f2ac7d57e140bae.jpg?v=1640171036\"><\/b><\/span><\/p>","protected":false},"excerpt":{"rendered":"<p>Release date: January 4th 2022. \u00a0 BLITZERS&#8217; 1st Single Album &#8211;\u00a0BOBBIN FIRST PRESS ONLY\u3163SUPER LIMITED, FIRST COME FIRST SERVE&#8211; 1 Special card (Random 1 out of 14)\u3163Limited quantity (2000ea) will be RANDOMLY distributed. (NOT IN ALL PACKAGES)&#8211; 1 Mini Folded Poster Package :&#8211; 1 Cover&#8211; 1 Booklet (16p)&#8211; 1 Lyric Paper (12p)&#8211; 1 CD-R&#8211; 1 [&hellip;]<\/p>\n","protected":false},"featured_media":29859,"template":"","meta":[],"product_brand":[4536],"product_cat":[7225,4400],"product_tag":[7337],"class_list":{"0":"post-5274","1":"product","2":"type-product","3":"status-publish","4":"has-post-thumbnail","6":"product_brand-stock-in-korea","7":"product_cat-album-2","8":"product_cat-kstoryfromkorea","9":"product_tag-blitzers","11":"first","12":"instock","13":"taxable","14":"shipping-taxable","15":"purchasable","16":"product-type-simple"},"jetpack_sharing_enabled":true,"_links":{"self":[{"href":"https:\/\/kstoryespana.com\/es\/wp-json\/wp\/v2\/product\/5274","targetHints":{"allow":["GET"]}}],"collection":[{"href":"https:\/\/kstoryespana.com\/es\/wp-json\/wp\/v2\/product"}],"about":[{"href":"https:\/\/kstoryespana.com\/es\/wp-json\/wp\/v2\/types\/product"}],"wp:featuredmedia":[{"embeddable":true,"href":"https:\/\/kstoryespana.com\/es\/wp-json\/wp\/v2\/media\/29859"}],"wp:attachment":[{"href":"https:\/\/kstoryespana.com\/es\/wp-json\/wp\/v2\/media?parent=5274"}],"wp:term":[{"taxonomy":"product_brand","embeddable":true,"href":"https:\/\/kstoryespana.com\/es\/wp-json\/wp\/v2\/product_brand?post=5274"},{"taxonomy":"product_cat","embeddable":true,"href":"https:\/\/kstoryespana.com\/es\/wp-json\/wp\/v2\/product_cat?post=5274"},{"taxonomy":"product_tag","embeddable":true,"href":"https:\/\/kstoryespana.com\/es\/wp-json\/wp\/v2\/product_tag?post=5274"}],"curies":[{"name":"wp","href":"https:\/\/api.w.org\/{rel}","templated":true}]}}