{"id":5033,"date":"2025-05-27T21:39:16","date_gmt":"2025-05-27T21:39:16","guid":{"rendered":"https:\/\/kstoryespana.com\/?product=billlie-3rd-mini-album-the-billage-of-perception-chapter-two"},"modified":"2026-05-03T21:19:31","modified_gmt":"2026-05-03T19:19:31","slug":"pre-order-billlie-3rd-mini-album-the-billage-of-perception-chapter-two","status":"publish","type":"product","link":"https:\/\/kstoryespana.com\/es\/product\/pre-order-billlie-3rd-mini-album-the-billage-of-perception-chapter-two\/","title":{"rendered":"Billlie &#8211; 3rd Mini Album [the Billage of perception: chapter two]"},"excerpt":{"rendered":"<p>Release date:\u00a0September\u00a01, 2022 Billlie &#8211; 3rd Mini Album [the Billage of perception: chapter two] [POSTER]\u00a0 Billie -The billage of perception: chapter two ** Noticia importante : La caja \/ caja exterior es simplemente para proteger la mercanc\u00eda. (Los da\u00f1os como ara\u00f1azos o decoloraci\u00f3n de la carcasa \/ caja no est\u00e1n cubiertos).<\/p>\n","protected":false},"featured_media":29670,"template":"","meta":[],"product_brand":[4535],"product_cat":[7225,4403],"product_tag":[6924],"class_list":{"0":"post-5033","1":"product","2":"type-product","3":"status-publish","4":"has-post-thumbnail","6":"product_brand-stock-in-spain","7":"product_cat-album-2","8":"product_cat-kstoryespana","9":"product_tag-billlie","11":"first","12":"instock","13":"taxable","14":"shipping-taxable","15":"purchasable","16":"product-type-variable"},"jetpack_sharing_enabled":true,"_links":{"self":[{"href":"https:\/\/kstoryespana.com\/es\/wp-json\/wp\/v2\/product\/5033","targetHints":{"allow":["GET"]}}],"collection":[{"href":"https:\/\/kstoryespana.com\/es\/wp-json\/wp\/v2\/product"}],"about":[{"href":"https:\/\/kstoryespana.com\/es\/wp-json\/wp\/v2\/types\/product"}],"wp:featuredmedia":[{"embeddable":true,"href":"https:\/\/kstoryespana.com\/es\/wp-json\/wp\/v2\/media\/29670"}],"wp:attachment":[{"href":"https:\/\/kstoryespana.com\/es\/wp-json\/wp\/v2\/media?parent=5033"}],"wp:term":[{"taxonomy":"product_brand","embeddable":true,"href":"https:\/\/kstoryespana.com\/es\/wp-json\/wp\/v2\/product_brand?post=5033"},{"taxonomy":"product_cat","embeddable":true,"href":"https:\/\/kstoryespana.com\/es\/wp-json\/wp\/v2\/product_cat?post=5033"},{"taxonomy":"product_tag","embeddable":true,"href":"https:\/\/kstoryespana.com\/es\/wp-json\/wp\/v2\/product_tag?post=5033"}],"curies":[{"name":"wp","href":"https:\/\/api.w.org\/{rel}","templated":true}]}}