{"id":4970,"date":"2025-05-27T21:39:02","date_gmt":"2025-05-27T21:39:02","guid":{"rendered":"https:\/\/kstoryespana.com\/?product=bdc-1st-single-album-blue-sky-platform-album-ver"},"modified":"2026-04-20T23:14:11","modified_gmt":"2026-04-20T21:14:11","slug":"pre-order-bdc-1st-single-album-blue-sky-platform-album-ver","status":"publish","type":"product","link":"https:\/\/kstoryespana.com\/es\/product\/pre-order-bdc-1st-single-album-blue-sky-platform-album-ver\/","title":{"rendered":"BDC &#8211; 1st Single Album [Blue Sky] (Platform Album ver.)"},"content":{"rendered":"<div style=\"text-align: center;\" data-mce-style=\"text-align: center;\"><\/div>\n<h3 style=\"text-align: center;\" data-mce-style=\"text-align: center;\"><span>Release date: <span style=\"color: #ff2a00;\" data-mce-style=\"color: #ff2a00;\" mce-data-marked=\"1\">June<\/span><span style=\"color: #f10808;\" data-mce-style=\"color: #f10808;\">\u00a016, 2022<\/span><\/span><\/h3>\n<ul class=\"ul1\">\n<li class=\"li1\">BDC &#8211; 1st Single Album [Blue Sky] (Platform Album ver.)<\/li>\n<\/ul>\n<p class=\"p2\"><strong>** Noticia importante : La caja \/ caja exterior es simplemente para proteger la mercanc\u00eda. (Los da\u00f1os como ara\u00f1azos o decoloraci\u00f3n de la carcasa \/ caja no est\u00e1n cubiertos)<\/strong>.<\/p>\n<p class=\"p2\"><img decoding=\"async\" src=\"https:\/\/cdn.shopify.com\/s\/files\/1\/0579\/9454\/3257\/files\/BDC__1__Platform_Album.jpg?v=1654683284\" alt=\"\"><\/p>\n<div style=\"text-align: center;\" data-mce-style=\"text-align: center;\"><\/div>\n<div style=\"text-align: center;\" data-mce-style=\"text-align: center;\"><\/div>\n<div style=\"text-align: center;\" data-mce-style=\"text-align: center;\"><\/div>\n","protected":false},"excerpt":{"rendered":"<p>Release date: June\u00a016, 2022 BDC &#8211; 1st Single Album [Blue Sky] (Platform Album ver.) ** Noticia importante : La caja \/ caja exterior es simplemente para proteger la mercanc\u00eda. (Los da\u00f1os como ara\u00f1azos o decoloraci\u00f3n de la carcasa \/ caja no est\u00e1n cubiertos).<\/p>\n","protected":false},"featured_media":29588,"template":"","meta":[],"product_brand":[4536],"product_cat":[7225,4400],"product_tag":[7320],"class_list":{"0":"post-4970","1":"product","2":"type-product","3":"status-publish","4":"has-post-thumbnail","6":"product_brand-stock-in-korea","7":"product_cat-album-2","8":"product_cat-kstoryfromkorea","9":"product_tag-bdc","11":"first","12":"instock","13":"taxable","14":"shipping-taxable","15":"purchasable","16":"product-type-simple"},"jetpack_sharing_enabled":true,"_links":{"self":[{"href":"https:\/\/kstoryespana.com\/es\/wp-json\/wp\/v2\/product\/4970","targetHints":{"allow":["GET"]}}],"collection":[{"href":"https:\/\/kstoryespana.com\/es\/wp-json\/wp\/v2\/product"}],"about":[{"href":"https:\/\/kstoryespana.com\/es\/wp-json\/wp\/v2\/types\/product"}],"wp:featuredmedia":[{"embeddable":true,"href":"https:\/\/kstoryespana.com\/es\/wp-json\/wp\/v2\/media\/29588"}],"wp:attachment":[{"href":"https:\/\/kstoryespana.com\/es\/wp-json\/wp\/v2\/media?parent=4970"}],"wp:term":[{"taxonomy":"product_brand","embeddable":true,"href":"https:\/\/kstoryespana.com\/es\/wp-json\/wp\/v2\/product_brand?post=4970"},{"taxonomy":"product_cat","embeddable":true,"href":"https:\/\/kstoryespana.com\/es\/wp-json\/wp\/v2\/product_cat?post=4970"},{"taxonomy":"product_tag","embeddable":true,"href":"https:\/\/kstoryespana.com\/es\/wp-json\/wp\/v2\/product_tag?post=4970"}],"curies":[{"name":"wp","href":"https:\/\/api.w.org\/{rel}","templated":true}]}}