{"id":4944,"date":"2025-05-27T21:38:56","date_gmt":"2025-05-27T21:38:56","guid":{"rendered":"https:\/\/kstoryespana.com\/?product=bang-yongguk-ep-album-2"},"modified":"2026-04-20T23:14:09","modified_gmt":"2026-04-20T21:14:09","slug":"pre-order-bang-yongguk-ep-album-2","status":"publish","type":"product","link":"https:\/\/kstoryespana.com\/es\/product\/pre-order-bang-yongguk-ep-album-2\/","title":{"rendered":"BANG YONGGUK &#8211; EP ALBUM 2"},"content":{"rendered":"<div style=\"text-align: center;\">\n<span data-mce-fragment=\"1\">\u00a0<\/span><strong data-mce-fragment=\"1\">Release date:\u00a0<\/strong><strong data-mce-fragment=\"1\"><span data-mce-fragment=\"1\"><span style=\"color: #ff2a00;\">March 2nd 2022<\/span>.<\/span><\/strong><\/p>\n<div>\n<div>\n<div><strong>\u00a0<\/strong><\/div>\n<\/div>\n<\/div>\n<\/div>\n<ul>\n<li><strong>BANG YONGGUK&#8217;s EP Album &#8211; 2<br \/>[<span data-mce-fragment=\"1\">CHAOTIC<\/span> ver. \/ <span data-mce-fragment=\"1\">WANDERING<\/span> ver.]\n<p><\/strong><\/li>\n<li>\n<span style=\"color: #ff2a00;\"><strong data-mce-fragment=\"1\">FIRST PRESS ONLY\u3163SUPER LIMITED, FIRST COME FIRST SERVE<br \/><\/strong><\/span>&#8211; 1\u00a0Poster<br \/>&#8211; 1\u00a0Polaroid or Photoprint (RANDOMLY Included in ONLY 50 LIMITED packages)<\/p>\n<\/li>\n<li>\n<strong data-mce-fragment=\"1\"><span data-mce-fragment=\"1\">Contents for Each Version :<br \/><\/span><\/strong>&#8211; 1\u00a0Sleeve and Photobook (64p)<br \/>&#8211; 1\u00a0CD-R<br \/><span data-mce-fragment=\"1\">&#8211; 1\u00a0Lenticular card<\/span><br \/><span data-mce-fragment=\"1\">&#8211; 1 Photocard\u00a0<\/span><span data-mce-fragment=\"1\">(Random 1 out of 3)<\/span><br \/>&#8211; 1 Paper object cube<br \/>&#8211; 1 Ticket\u00a0<span data-mce-fragment=\"1\">(Random 1 out of 3)<br \/><\/span>\n<\/li>\n<\/ul>\n<ul>\n<li>\n<b>Noticia important :\u00a0La caja \/ caja exterior es simplemente para proteger la mercanc\u00eda. (Los da\u00f1os como ara\u00f1azos o decoloraci\u00f3n de la carcasa \/ caja no est\u00e1n cubiertos).<\/b>\u00a0<\/li>\n<\/ul>\n<p>\u00a0<\/p>\n<p><img decoding=\"async\" src=\"https:\/\/cdn.shopify.com\/s\/files\/1\/0559\/4356\/1408\/files\/2-CHAOTICver-WANDERINGver.jpg?v=1644929431\" alt=\"\"><\/p>\n","protected":false},"excerpt":{"rendered":"<p>\u00a0Release date:\u00a0March 2nd 2022. \u00a0 BANG YONGGUK&#8217;s EP Album &#8211; 2[CHAOTIC ver. \/ WANDERING ver.] FIRST PRESS ONLY\u3163SUPER LIMITED, FIRST COME FIRST SERVE&#8211; 1\u00a0Poster&#8211; 1\u00a0Polaroid or Photoprint (RANDOMLY Included in ONLY 50 LIMITED packages) Contents for Each Version :&#8211; 1\u00a0Sleeve and Photobook (64p)&#8211; 1\u00a0CD-R&#8211; 1\u00a0Lenticular card&#8211; 1 Photocard\u00a0(Random 1 out of 3)&#8211; 1 Paper object [&hellip;]<\/p>\n","protected":false},"featured_media":29572,"template":"","meta":[],"product_brand":[4536],"product_cat":[7225,4400],"product_tag":[7316],"class_list":{"0":"post-4944","1":"product","2":"type-product","3":"status-publish","4":"has-post-thumbnail","6":"product_brand-stock-in-korea","7":"product_cat-album-2","8":"product_cat-kstoryfromkorea","9":"product_tag-bang-yongguk","11":"first","12":"instock","13":"taxable","14":"shipping-taxable","15":"purchasable","16":"product-type-variable"},"jetpack_sharing_enabled":true,"_links":{"self":[{"href":"https:\/\/kstoryespana.com\/es\/wp-json\/wp\/v2\/product\/4944","targetHints":{"allow":["GET"]}}],"collection":[{"href":"https:\/\/kstoryespana.com\/es\/wp-json\/wp\/v2\/product"}],"about":[{"href":"https:\/\/kstoryespana.com\/es\/wp-json\/wp\/v2\/types\/product"}],"wp:featuredmedia":[{"embeddable":true,"href":"https:\/\/kstoryespana.com\/es\/wp-json\/wp\/v2\/media\/29572"}],"wp:attachment":[{"href":"https:\/\/kstoryespana.com\/es\/wp-json\/wp\/v2\/media?parent=4944"}],"wp:term":[{"taxonomy":"product_brand","embeddable":true,"href":"https:\/\/kstoryespana.com\/es\/wp-json\/wp\/v2\/product_brand?post=4944"},{"taxonomy":"product_cat","embeddable":true,"href":"https:\/\/kstoryespana.com\/es\/wp-json\/wp\/v2\/product_cat?post=4944"},{"taxonomy":"product_tag","embeddable":true,"href":"https:\/\/kstoryespana.com\/es\/wp-json\/wp\/v2\/product_tag?post=4944"}],"curies":[{"name":"wp","href":"https:\/\/api.w.org\/{rel}","templated":true}]}}