{"id":4861,"date":"2025-05-27T21:38:38","date_gmt":"2025-05-27T21:38:38","guid":{"rendered":"https:\/\/kstoryespana.com\/?product=bae173-4th-mini-album-odyssey-dash-platform-ver"},"modified":"2026-05-03T21:58:30","modified_gmt":"2026-05-03T19:58:30","slug":"pre-order-bae173-4th-mini-album-odyssey-dash-platform-ver","status":"publish","type":"product","link":"https:\/\/kstoryespana.com\/es\/product\/pre-order-bae173-4th-mini-album-odyssey-dash-platform-ver\/","title":{"rendered":"BAE173 &#8211; 4th Mini Album [ODYSSEY : DASH] (Platform Ver.)"},"excerpt":{"rendered":"<p>Release date:\u00a0August\u00a018, 2022 (Important : After 8th of September, it will be shipped from Spain. In august, there is no shipping due to the vacation) BAE173 &#8211; 4th Mini Album [ODYSSEY : DASH] (Platform Ver.) ** Noticia importante : La caja \/ caja exterior es simplemente para proteger la mercanc\u00eda. (Los da\u00f1os como ara\u00f1azos o [&hellip;]<\/p>\n","protected":false},"featured_media":29508,"template":"","meta":[],"product_brand":[4536],"product_cat":[7225,4400],"product_tag":[7308],"class_list":{"0":"post-4861","1":"product","2":"type-product","3":"status-publish","4":"has-post-thumbnail","6":"product_brand-stock-in-korea","7":"product_cat-album-2","8":"product_cat-kstoryfromkorea","9":"product_tag-bae173","11":"first","12":"instock","13":"taxable","14":"shipping-taxable","15":"purchasable","16":"product-type-simple"},"jetpack_sharing_enabled":true,"_links":{"self":[{"href":"https:\/\/kstoryespana.com\/es\/wp-json\/wp\/v2\/product\/4861","targetHints":{"allow":["GET"]}}],"collection":[{"href":"https:\/\/kstoryespana.com\/es\/wp-json\/wp\/v2\/product"}],"about":[{"href":"https:\/\/kstoryespana.com\/es\/wp-json\/wp\/v2\/types\/product"}],"wp:featuredmedia":[{"embeddable":true,"href":"https:\/\/kstoryespana.com\/es\/wp-json\/wp\/v2\/media\/29508"}],"wp:attachment":[{"href":"https:\/\/kstoryespana.com\/es\/wp-json\/wp\/v2\/media?parent=4861"}],"wp:term":[{"taxonomy":"product_brand","embeddable":true,"href":"https:\/\/kstoryespana.com\/es\/wp-json\/wp\/v2\/product_brand?post=4861"},{"taxonomy":"product_cat","embeddable":true,"href":"https:\/\/kstoryespana.com\/es\/wp-json\/wp\/v2\/product_cat?post=4861"},{"taxonomy":"product_tag","embeddable":true,"href":"https:\/\/kstoryespana.com\/es\/wp-json\/wp\/v2\/product_tag?post=4861"}],"curies":[{"name":"wp","href":"https:\/\/api.w.org\/{rel}","templated":true}]}}