{"id":4860,"date":"2025-05-27T21:38:38","date_gmt":"2025-05-27T21:38:38","guid":{"rendered":"https:\/\/kstoryespana.com\/?product=bae173-4th-mini-album-odyssey-dash"},"modified":"2026-04-20T23:13:58","modified_gmt":"2026-04-20T21:13:58","slug":"pre-order-bae173-4th-mini-album-odyssey-dash","status":"publish","type":"product","link":"https:\/\/kstoryespana.com\/es\/product\/pre-order-bae173-4th-mini-album-odyssey-dash\/","title":{"rendered":"BAE173 &#8211; 4th Mini Album [ODYSSEY : DASH]"},"content":{"rendered":"<div style=\"text-align: center;\" data-mce-style=\"text-align: center;\"><\/div>\n<h3 style=\"text-align: center;\">Release date:<span>\u00a0<\/span><span style=\"color: #ff2a00;\" color=\"#ff2a00\">August<\/span><span style=\"color: #f10808;\">\u00a018, 2022<\/span><br \/>\n<\/h3>\n<div style=\"text-align: center;\"><span style=\"color: #ff2a00;\"><strong>(Important : After 8th of September, it will be shipped from Spain.<\/strong><\/span><\/div>\n<div style=\"text-align: center;\"><span style=\"color: #ff2a00;\"><strong>In august, there is no shipping due to the vacation)<\/strong><\/span><\/div>\n<div style=\"text-align: center;\"><strong><span style=\"color: #f10808;\"><\/span><\/strong><\/div>\n<div style=\"text-align: center;\"><strong><span style=\"color: #f10808;\"><\/span><\/strong><\/div>\n<ul class=\"ul1\">\n<li class=\"li1\">BAE173 &#8211; 4th Mini Album [ODYSSEY : DASH]<\/li>\n<\/ul>\n<p class=\"p2\"><strong>** Noticia importante : La caja \/ caja exterior es simplemente para proteger la mercanc\u00eda. (Los da\u00f1os como ara\u00f1azos o decoloraci\u00f3n de la carcasa \/ caja no est\u00e1n cubiertos)<\/strong>.<\/p>\n<p class=\"p2\"><img decoding=\"async\" alt=\"\" src=\"https:\/\/cdn.shopify.com\/s\/files\/1\/0579\/9454\/3257\/files\/BAE173-_4_85c06aef-919d-4306-9dbb-7b5e7551bacd.jpg?v=1659664576\"><\/p>\n<div style=\"text-align: center;\" data-mce-style=\"text-align: center;\"><\/div>\n<div style=\"text-align: center;\" data-mce-style=\"text-align: center;\"><\/div>\n<div style=\"text-align: center;\" data-mce-style=\"text-align: center;\"><\/div>\n","protected":false},"excerpt":{"rendered":"<p>Release date:\u00a0August\u00a018, 2022 (Important : After 8th of September, it will be shipped from Spain. In august, there is no shipping due to the vacation) BAE173 &#8211; 4th Mini Album [ODYSSEY : DASH] ** Noticia importante : La caja \/ caja exterior es simplemente para proteger la mercanc\u00eda. (Los da\u00f1os como ara\u00f1azos o decoloraci\u00f3n de [&hellip;]<\/p>\n","protected":false},"featured_media":29507,"template":"","meta":[],"product_brand":[4536],"product_cat":[7225,4400],"product_tag":[7308],"class_list":{"0":"post-4860","1":"product","2":"type-product","3":"status-publish","4":"has-post-thumbnail","6":"product_brand-stock-in-korea","7":"product_cat-album-2","8":"product_cat-kstoryfromkorea","9":"product_tag-bae173","11":"first","12":"instock","13":"taxable","14":"shipping-taxable","15":"purchasable","16":"product-type-simple"},"jetpack_sharing_enabled":true,"_links":{"self":[{"href":"https:\/\/kstoryespana.com\/es\/wp-json\/wp\/v2\/product\/4860","targetHints":{"allow":["GET"]}}],"collection":[{"href":"https:\/\/kstoryespana.com\/es\/wp-json\/wp\/v2\/product"}],"about":[{"href":"https:\/\/kstoryespana.com\/es\/wp-json\/wp\/v2\/types\/product"}],"wp:featuredmedia":[{"embeddable":true,"href":"https:\/\/kstoryespana.com\/es\/wp-json\/wp\/v2\/media\/29507"}],"wp:attachment":[{"href":"https:\/\/kstoryespana.com\/es\/wp-json\/wp\/v2\/media?parent=4860"}],"wp:term":[{"taxonomy":"product_brand","embeddable":true,"href":"https:\/\/kstoryespana.com\/es\/wp-json\/wp\/v2\/product_brand?post=4860"},{"taxonomy":"product_cat","embeddable":true,"href":"https:\/\/kstoryespana.com\/es\/wp-json\/wp\/v2\/product_cat?post=4860"},{"taxonomy":"product_tag","embeddable":true,"href":"https:\/\/kstoryespana.com\/es\/wp-json\/wp\/v2\/product_tag?post=4860"}],"curies":[{"name":"wp","href":"https:\/\/api.w.org\/{rel}","templated":true}]}}