{"id":4710,"date":"2025-05-27T21:38:08","date_gmt":"2025-05-27T21:38:08","guid":{"rendered":"https:\/\/kstoryespana.com\/?product=babylon-mood-6th-album-lp"},"modified":"2026-05-03T21:19:15","modified_gmt":"2026-05-03T19:19:15","slug":"babylon-mood-6th-album-lp","status":"publish","type":"product","link":"https:\/\/kstoryespana.com\/es\/product\/babylon-mood-6th-album-lp\/","title":{"rendered":"BABYLON &#8211; MOOD (6TH ALBUM) LP"},"excerpt":{"rendered":"<p>BABYLON &#8211; MOOD (6\u00ba \u00c1LBUM) LP Este es un art\u00edculo de pre-pedido y saldr\u00e1 a la venta el 09 de julio de 2024 en Corea del Sur. El env\u00edo se realizar\u00e1 a finales de julio. Su pedido s\u00f3lo se enviar\u00e1 cuando todos los art\u00edculos de su pedido hayan llegado a nuestro almac\u00e9n. Volumen de suministro: [&hellip;]<\/p>\n","protected":false},"featured_media":103214,"template":"","meta":[],"product_brand":[4536],"product_cat":[7225,4400],"product_tag":[7305,8258],"class_list":{"0":"post-4710","1":"product","2":"type-product","3":"status-publish","4":"has-post-thumbnail","6":"product_brand-stock-in-korea","7":"product_cat-album-2","8":"product_cat-kstoryfromkorea","9":"product_tag-babylon","10":"product_tag-vinyl","12":"first","13":"instock","14":"taxable","15":"shipping-taxable","16":"purchasable","17":"product-type-simple"},"jetpack_sharing_enabled":true,"_links":{"self":[{"href":"https:\/\/kstoryespana.com\/es\/wp-json\/wp\/v2\/product\/4710","targetHints":{"allow":["GET"]}}],"collection":[{"href":"https:\/\/kstoryespana.com\/es\/wp-json\/wp\/v2\/product"}],"about":[{"href":"https:\/\/kstoryespana.com\/es\/wp-json\/wp\/v2\/types\/product"}],"wp:featuredmedia":[{"embeddable":true,"href":"https:\/\/kstoryespana.com\/es\/wp-json\/wp\/v2\/media\/103214"}],"wp:attachment":[{"href":"https:\/\/kstoryespana.com\/es\/wp-json\/wp\/v2\/media?parent=4710"}],"wp:term":[{"taxonomy":"product_brand","embeddable":true,"href":"https:\/\/kstoryespana.com\/es\/wp-json\/wp\/v2\/product_brand?post=4710"},{"taxonomy":"product_cat","embeddable":true,"href":"https:\/\/kstoryespana.com\/es\/wp-json\/wp\/v2\/product_cat?post=4710"},{"taxonomy":"product_tag","embeddable":true,"href":"https:\/\/kstoryespana.com\/es\/wp-json\/wp\/v2\/product_tag?post=4710"}],"curies":[{"name":"wp","href":"https:\/\/api.w.org\/{rel}","templated":true}]}}