{"id":4276,"date":"2025-05-27T21:36:56","date_gmt":"2025-05-27T21:36:56","guid":{"rendered":"https:\/\/kstoryespana.com\/?product=ateez-the-fellowship-beginning-of-the-end-seoul-dvd-2-discs"},"modified":"2026-04-20T23:13:21","modified_gmt":"2026-04-20T21:13:21","slug":"pre-order-ateez-the-fellowship-beginning-of-the-end-seoul-dvd-2-discs","status":"publish","type":"product","link":"https:\/\/kstoryespana.com\/es\/product\/pre-order-ateez-the-fellowship-beginning-of-the-end-seoul-dvd-2-discs\/","title":{"rendered":"ATEEZ &#8211; THE FELLOWSHIP : BEGINNING OF THE END SEOUL DVD [2 DISCS]"},"content":{"rendered":"<div style=\"text-align: center;\" data-mce-style=\"text-align: center;\">\n<strong data-mce-fragment=\"1\">Release date\u00a0<\/strong><strong data-mce-fragment=\"1\"><span style=\"color: #ff2a00;\" data-mce-style=\"color: #ff2a00;\">May 30th<\/span><span data-mce-fragment=\"1\"><span style=\"color: #ff2a00;\" data-mce-fragment=\"1\" data-mce-style=\"color: #ff2a00;\">\u00a02022<\/span><\/span><\/strong>\n<\/div>\n<div style=\"text-align: center;\" data-mce-style=\"text-align: center;\"><strong data-mce-fragment=\"1\"><span data-mce-fragment=\"1\"><span style=\"color: #ff2a00;\" data-mce-fragment=\"1\" data-mce-style=\"color: #ff2a00;\"><br \/><\/span><\/span><\/strong><\/div>\n<div style=\"text-align: center;\" data-mce-style=\"text-align: center;\"><strong data-mce-fragment=\"1\"><span data-mce-fragment=\"1\"><span style=\"color: #ff2a00;\" data-mce-fragment=\"1\" data-mce-style=\"color: #ff2a00;\"><\/span><\/span><\/strong><\/div>\n<div style=\"text-align: center;\" data-mce-style=\"text-align: center;\">\n<div data-mce-fragment=\"1\">\n<div data-mce-fragment=\"1\">\n<div data-mce-fragment=\"1\"><strong data-mce-fragment=\"1\"><\/strong><\/div>\n<div data-mce-fragment=\"1\"><strong>ATEEZ &#8211; THE FELLOWSHIP : BEGINNING OF THE END SEOUL DVD [2 DISCS]<\/strong><\/div>\n<\/div>\n<\/div>\n<\/div>\n<ul style=\"text-align: left;\" data-mce-fragment=\"1\">\n<li data-mce-fragment=\"1\">\n<strong>Noticia importante<\/strong><span>\u00a0<\/span><span>:\u00a0La caja \/ caja exterior es simplemente para proteger la mercanc\u00eda. (Los da\u00f1os como ara\u00f1azos o decoloraci\u00f3n de la carcasa \/ caja no est\u00e1n cubiertos).<\/span>\n<\/li>\n<\/ul>\n<p><img decoding=\"async\" alt=\"\" src=\"https:\/\/cdn.shopify.com\/s\/files\/1\/0579\/9454\/3257\/files\/THE-FELLOWSHIP-BEGINNING-OF-THE-END-SEOUL-DVD.jpg?v=1651571772\"><\/p>\n<p><\/p>\n","protected":false},"excerpt":{"rendered":"<p>Release date\u00a0May 30th\u00a02022 ATEEZ &#8211; THE FELLOWSHIP : BEGINNING OF THE END SEOUL DVD [2 DISCS] Noticia importante\u00a0:\u00a0La caja \/ caja exterior es simplemente para proteger la mercanc\u00eda. (Los da\u00f1os como ara\u00f1azos o decoloraci\u00f3n de la carcasa \/ caja no est\u00e1n cubiertos).<\/p>\n","protected":false},"featured_media":29256,"template":"","meta":[],"product_brand":[4536],"product_cat":[7225,4403],"product_tag":[7245],"class_list":{"0":"post-4276","1":"product","2":"type-product","3":"status-publish","4":"has-post-thumbnail","6":"product_brand-stock-in-korea","7":"product_cat-album-2","8":"product_cat-kstoryespana","9":"product_tag-ateez","11":"first","12":"outofstock","13":"taxable","14":"shipping-taxable","15":"purchasable","16":"product-type-simple"},"jetpack_sharing_enabled":true,"_links":{"self":[{"href":"https:\/\/kstoryespana.com\/es\/wp-json\/wp\/v2\/product\/4276","targetHints":{"allow":["GET"]}}],"collection":[{"href":"https:\/\/kstoryespana.com\/es\/wp-json\/wp\/v2\/product"}],"about":[{"href":"https:\/\/kstoryespana.com\/es\/wp-json\/wp\/v2\/types\/product"}],"wp:featuredmedia":[{"embeddable":true,"href":"https:\/\/kstoryespana.com\/es\/wp-json\/wp\/v2\/media\/29256"}],"wp:attachment":[{"href":"https:\/\/kstoryespana.com\/es\/wp-json\/wp\/v2\/media?parent=4276"}],"wp:term":[{"taxonomy":"product_brand","embeddable":true,"href":"https:\/\/kstoryespana.com\/es\/wp-json\/wp\/v2\/product_brand?post=4276"},{"taxonomy":"product_cat","embeddable":true,"href":"https:\/\/kstoryespana.com\/es\/wp-json\/wp\/v2\/product_cat?post=4276"},{"taxonomy":"product_tag","embeddable":true,"href":"https:\/\/kstoryespana.com\/es\/wp-json\/wp\/v2\/product_tag?post=4276"}],"curies":[{"name":"wp","href":"https:\/\/api.w.org\/{rel}","templated":true}]}}