{"id":3793,"date":"2025-05-27T21:35:35","date_gmt":"2025-05-27T21:35:35","guid":{"rendered":"https:\/\/kstoryespana.com\/?product=atbo-debut-album-the-beginning"},"modified":"2026-05-03T21:57:54","modified_gmt":"2026-05-03T19:57:54","slug":"pre-order-atbo-debut-album-the-beginning","status":"publish","type":"product","link":"https:\/\/kstoryespana.com\/es\/product\/pre-order-atbo-debut-album-the-beginning\/","title":{"rendered":"ATBO &#8211; DEBUT ALBUM [The Beginning]"},"excerpt":{"rendered":"<p>Release date:\u00a0Julio\u00a028, 2022 (Important : After 7th of September, it will be shipped from Spain. In august, there is no shipping due to the vacation) ATBO &#8211; DEBUT ALBUM [The Beginning] Pre-Order Gift &#8211; 1\u00a0Random\u00a0Poster ** Noticia importante : La caja \/ caja exterior es simplemente para proteger la mercanc\u00eda. (Los da\u00f1os como ara\u00f1azos o [&hellip;]<\/p>\n","protected":false},"featured_media":29074,"template":"","meta":[],"product_brand":[],"product_cat":[7225,4403],"product_tag":[7297],"class_list":{"0":"post-3793","1":"product","2":"type-product","3":"status-publish","4":"has-post-thumbnail","6":"product_cat-album-2","7":"product_cat-kstoryespana","8":"product_tag-atbo","10":"first","11":"instock","12":"taxable","13":"shipping-taxable","14":"purchasable","15":"product-type-variable"},"jetpack_sharing_enabled":true,"_links":{"self":[{"href":"https:\/\/kstoryespana.com\/es\/wp-json\/wp\/v2\/product\/3793","targetHints":{"allow":["GET"]}}],"collection":[{"href":"https:\/\/kstoryespana.com\/es\/wp-json\/wp\/v2\/product"}],"about":[{"href":"https:\/\/kstoryespana.com\/es\/wp-json\/wp\/v2\/types\/product"}],"wp:featuredmedia":[{"embeddable":true,"href":"https:\/\/kstoryespana.com\/es\/wp-json\/wp\/v2\/media\/29074"}],"wp:attachment":[{"href":"https:\/\/kstoryespana.com\/es\/wp-json\/wp\/v2\/media?parent=3793"}],"wp:term":[{"taxonomy":"product_brand","embeddable":true,"href":"https:\/\/kstoryespana.com\/es\/wp-json\/wp\/v2\/product_brand?post=3793"},{"taxonomy":"product_cat","embeddable":true,"href":"https:\/\/kstoryespana.com\/es\/wp-json\/wp\/v2\/product_cat?post=3793"},{"taxonomy":"product_tag","embeddable":true,"href":"https:\/\/kstoryespana.com\/es\/wp-json\/wp\/v2\/product_tag?post=3793"}],"curies":[{"name":"wp","href":"https:\/\/api.w.org\/{rel}","templated":true}]}}