{"id":3787,"date":"2025-05-27T21:35:34","date_gmt":"2025-05-27T21:35:34","guid":{"rendered":"https:\/\/kstoryespana.com\/?product=at-a-distance-spring-is-green-book-set"},"modified":"2026-04-20T23:12:44","modified_gmt":"2026-04-20T21:12:44","slug":"at-a-distance-spring-is-green-book-set","status":"publish","type":"product","link":"https:\/\/kstoryespana.com\/es\/product\/at-a-distance-spring-is-green-book-set\/","title":{"rendered":"At a Distance, Spring is Green Book Set"},"content":{"rendered":"<p><span style=\"color: #ff2a00;\" data-mce-fragment=\"1\"><strong data-mce-fragment=\"1\">Expected release date is on July 17, 2021.<\/strong><\/span><\/p>\n<ul>\n<li>Component: 1\u00a0At a Distance, Spring is Green Book Set (Book 1 &#8211; Book 3)<\/li>\n<li>Pages: 824p<\/li>\n<li>Size:\u00a0<span data-mce-fragment=\"1\">144 * 200 mm<\/span>\n<\/li>\n<\/ul>\n<p><span data-mce-fragment=\"1\"><meta charset=\"utf-8\"><br \/>\n<b>* Noticia important :\u00a0La caja \/ caja exterior es simplemente para proteger la mercanc\u00eda. (Los da\u00f1os como ara\u00f1azos o decoloraci\u00f3n de la carcasa \/ caja no est\u00e1n cubiertos).<\/b><\/span><\/p>\n<p><img decoding=\"async\" src=\"http:\/\/image.kyobobook.co.kr\/images\/book\/illustrate\/396\/i9791187604396.jpg\" alt=\"Blue Spring Set (All 3 Books) Book Detail Image from afar\"><\/p>","protected":false},"excerpt":{"rendered":"<p>Expected release date is on July 17, 2021. Component: 1\u00a0At a Distance, Spring is Green Book Set (Book 1 &#8211; Book 3) Pages: 824p Size:\u00a0144 * 200 mm * Noticia important :\u00a0La caja \/ caja exterior es simplemente para proteger la mercanc\u00eda. (Los da\u00f1os como ara\u00f1azos o decoloraci\u00f3n de la carcasa \/ caja no est\u00e1n [&hellip;]<\/p>\n","protected":false},"featured_media":29072,"template":"","meta":[],"product_brand":[4536],"product_cat":[4872,4348,4400],"product_tag":[7296],"class_list":{"0":"post-3787","1":"product","2":"type-product","3":"status-publish","4":"has-post-thumbnail","6":"product_brand-stock-in-korea","7":"product_cat-iva-reducida","8":"product_cat-k-product","9":"product_cat-kstoryfromkorea","10":"product_tag-at","12":"first","13":"instock","14":"sale","15":"taxable","16":"shipping-taxable","17":"purchasable","18":"product-type-simple"},"jetpack_sharing_enabled":true,"_links":{"self":[{"href":"https:\/\/kstoryespana.com\/es\/wp-json\/wp\/v2\/product\/3787","targetHints":{"allow":["GET"]}}],"collection":[{"href":"https:\/\/kstoryespana.com\/es\/wp-json\/wp\/v2\/product"}],"about":[{"href":"https:\/\/kstoryespana.com\/es\/wp-json\/wp\/v2\/types\/product"}],"wp:featuredmedia":[{"embeddable":true,"href":"https:\/\/kstoryespana.com\/es\/wp-json\/wp\/v2\/media\/29072"}],"wp:attachment":[{"href":"https:\/\/kstoryespana.com\/es\/wp-json\/wp\/v2\/media?parent=3787"}],"wp:term":[{"taxonomy":"product_brand","embeddable":true,"href":"https:\/\/kstoryespana.com\/es\/wp-json\/wp\/v2\/product_brand?post=3787"},{"taxonomy":"product_cat","embeddable":true,"href":"https:\/\/kstoryespana.com\/es\/wp-json\/wp\/v2\/product_cat?post=3787"},{"taxonomy":"product_tag","embeddable":true,"href":"https:\/\/kstoryespana.com\/es\/wp-json\/wp\/v2\/product_tag?post=3787"}],"curies":[{"name":"wp","href":"https:\/\/api.w.org\/{rel}","templated":true}]}}