{"id":3774,"date":"2025-05-27T21:35:31","date_gmt":"2025-05-27T21:35:31","guid":{"rendered":"https:\/\/kstoryespana.com\/?product=astro-moonbin-sanha-2nd-mini-album-refuge"},"modified":"2026-04-20T23:12:45","modified_gmt":"2026-04-20T21:12:45","slug":"pre-order-astro-moonbin-sanha-2nd-mini-album-refuge","status":"publish","type":"product","link":"https:\/\/kstoryespana.com\/es\/product\/pre-order-astro-moonbin-sanha-2nd-mini-album-refuge\/","title":{"rendered":"ASTRO MOONBIN &#038; SANHA &#8211; 2ND MINI ALBUM REFUGE"},"content":{"rendered":"<div style=\"text-align: center;\">\n<span style=\"color: #000000;\"><span style=\"color: #000000;\"><strong data-mce-fragment=\"1\">Release date:\u00a0<\/strong><\/span><\/span><strong data-mce-fragment=\"1\"><span data-mce-fragment=\"1\"><span style=\"color: #ff2a00;\">March 16th\u00a02022<\/span>.<\/span><\/strong><\/p>\n<div data-mce-fragment=\"1\">\n<div data-mce-fragment=\"1\">\n<div data-mce-fragment=\"1\">\u00a0<\/div>\n<\/div>\n<\/div>\n<\/div>\n<ul>\n<li><strong>ASTRO MOONBIN &#038; SANHA&#8217;s 2nd Mini Album &#8211; REFUGE<br \/>[\u00a0THE WEST ver. \/ THE EAST ver. ]\n<p><\/strong><\/li>\n<\/ul>\n<ul>\n<li>\n<span style=\"color: #ff2a00;\"><strong data-mce-fragment=\"1\">FIRST PRESS ONLY\u3163SUPER LIMITED, FIRST COME FIRST SERVE<br data-mce-fragment=\"1\"><\/strong><\/span>&#8211; 1\u00a0<span data-mce-fragment=\"1\">P<\/span>oster (<span data-mce-fragment=\"1\">By version, Folded<\/span>)<br \/>&#8211; 1\u00a0Limited Photo Ticket (<span style=\"color: #ff2a00;\">RANDOMLY<\/span> Included in ONLY 111 LIMITED packages)<br \/><strong><br \/><\/strong>\n<\/li>\n<li>\n<strong data-mce-fragment=\"1\"><span data-mce-fragment=\"1\">Contents for Each Version :<\/span><\/strong><br \/>&#8211; 1 Sleeve Case<br \/>&#8211; 1 Photo Book (80p)<br \/>&#8211; 1 Stand Photo (Random 1 out of 2)<br \/>&#8211; 1 CD-R<br \/>&#8211; 1 Postcard Set (2ea)<br \/>&#8211; 2 Photo Card (Random 2 out of 16)<\/p>\n<\/li>\n<\/ul>\n<ul>\n<li data-mce-fragment=\"1\">\n<meta charset=\"utf-8\"><\/p>\n<p data-mce-fragment=\"1\"><b data-mce-fragment=\"1\">Noticia important :\u00a0La caja \/ caja exterior es simplemente para proteger la mercanc\u00eda. (Los da\u00f1os como ara\u00f1azos o decoloraci\u00f3n de la carcasa \/ caja no est\u00e1n cubiertos).<\/b><\/p>\n<div data-mce-fragment=\"1\"><\/div>\n<p><img decoding=\"async\" alt=\"\" src=\"https:\/\/cdn.shopify.com\/s\/files\/1\/0559\/4356\/1408\/files\/ASTRO_-_2_REFUG.jpg?v=1645513907\">\n<\/li>\n<\/ul>\n","protected":false},"excerpt":{"rendered":"<p>Release date:\u00a0March 16th\u00a02022. \u00a0 ASTRO MOONBIN &#038; SANHA&#8217;s 2nd Mini Album &#8211; REFUGE[\u00a0THE WEST ver. \/ THE EAST ver. ] FIRST PRESS ONLY\u3163SUPER LIMITED, FIRST COME FIRST SERVE&#8211; 1\u00a0Poster (By version, Folded)&#8211; 1\u00a0Limited Photo Ticket (RANDOMLY Included in ONLY 111 LIMITED packages) Contents for Each Version :&#8211; 1 Sleeve Case&#8211; 1 Photo Book (80p)&#8211; 1 [&hellip;]<\/p>\n","protected":false},"featured_media":29062,"template":"","meta":[],"product_brand":[4535],"product_cat":[7225,4400],"product_tag":[7293],"class_list":{"0":"post-3774","1":"product","2":"type-product","3":"status-publish","4":"has-post-thumbnail","6":"product_brand-stock-in-spain","7":"product_cat-album-2","8":"product_cat-kstoryfromkorea","9":"product_tag-astro-moonbin-sanha","11":"first","12":"instock","13":"taxable","14":"shipping-taxable","15":"purchasable","16":"product-type-variable"},"jetpack_sharing_enabled":true,"_links":{"self":[{"href":"https:\/\/kstoryespana.com\/es\/wp-json\/wp\/v2\/product\/3774","targetHints":{"allow":["GET"]}}],"collection":[{"href":"https:\/\/kstoryespana.com\/es\/wp-json\/wp\/v2\/product"}],"about":[{"href":"https:\/\/kstoryespana.com\/es\/wp-json\/wp\/v2\/types\/product"}],"wp:featuredmedia":[{"embeddable":true,"href":"https:\/\/kstoryespana.com\/es\/wp-json\/wp\/v2\/media\/29062"}],"wp:attachment":[{"href":"https:\/\/kstoryespana.com\/es\/wp-json\/wp\/v2\/media?parent=3774"}],"wp:term":[{"taxonomy":"product_brand","embeddable":true,"href":"https:\/\/kstoryespana.com\/es\/wp-json\/wp\/v2\/product_brand?post=3774"},{"taxonomy":"product_cat","embeddable":true,"href":"https:\/\/kstoryespana.com\/es\/wp-json\/wp\/v2\/product_cat?post=3774"},{"taxonomy":"product_tag","embeddable":true,"href":"https:\/\/kstoryespana.com\/es\/wp-json\/wp\/v2\/product_tag?post=3774"}],"curies":[{"name":"wp","href":"https:\/\/api.w.org\/{rel}","templated":true}]}}