{"id":2950,"date":"2025-05-27T21:32:53","date_gmt":"2025-05-27T21:32:53","guid":{"rendered":"https:\/\/kstoryespana.com\/?product=2021-drama-lost-script-book-set2ea-limited-version"},"modified":"2026-04-20T23:11:15","modified_gmt":"2026-04-20T21:11:15","slug":"2021-drama-lost-script-book-set2ea","status":"publish","type":"product","link":"https:\/\/kstoryespana.com\/es\/product\/2021-drama-lost-script-book-set2ea\/","title":{"rendered":"2021 Drama Lost Script Book Set(2ea) Limited Version"},"content":{"rendered":"<p><strong>2021 Drama Lost Script Book Set(2ea)<\/strong><br data-mce-fragment=\"1\"><\/p>\n<p><\/p>\n<ul>\n<li>\n<p><b>Noticia important :\u00a0La caja \/ caja exterior es simplemente para proteger la mercanc\u00eda. (Los da\u00f1os como ara\u00f1azos o decoloraci\u00f3n de la carcasa \/ caja no est\u00e1n cubiertos).<\/b><\/p>\n<\/li>\n<\/ul>\n<p>\u00a0<img decoding=\"async\" src=\"https:\/\/cdn.shopify.com\/s\/files\/1\/0579\/9454\/3257\/files\/2022-02-27_7.13.16.png?v=1645946138\" alt=\"\" data-mce-fragment=\"1\" data-mce-src=\"https:\/\/cdn.shopify.com\/s\/files\/1\/0579\/9454\/3257\/files\/2022-02-27_7.13.16.png?v=1645946138\"><\/p>","protected":false},"excerpt":{"rendered":"<p>2021 Drama Lost Script Book Set(2ea) Noticia important :\u00a0La caja \/ caja exterior es simplemente para proteger la mercanc\u00eda. (Los da\u00f1os como ara\u00f1azos o decoloraci\u00f3n de la carcasa \/ caja no est\u00e1n cubiertos). \u00a0<\/p>","protected":false},"featured_media":28599,"template":"","meta":[],"product_brand":[4536],"product_cat":[4872,4348,4400],"product_tag":[7242],"class_list":{"0":"post-2950","1":"product","2":"type-product","3":"status-publish","4":"has-post-thumbnail","6":"product_brand-stock-in-korea","7":"product_cat-iva-reducida","8":"product_cat-k-product","9":"product_cat-kstoryfromkorea","10":"product_tag-drama","12":"first","13":"instock","14":"taxable","15":"shipping-taxable","16":"purchasable","17":"product-type-simple"},"jetpack_sharing_enabled":true,"_links":{"self":[{"href":"https:\/\/kstoryespana.com\/es\/wp-json\/wp\/v2\/product\/2950","targetHints":{"allow":["GET"]}}],"collection":[{"href":"https:\/\/kstoryespana.com\/es\/wp-json\/wp\/v2\/product"}],"about":[{"href":"https:\/\/kstoryespana.com\/es\/wp-json\/wp\/v2\/types\/product"}],"wp:featuredmedia":[{"embeddable":true,"href":"https:\/\/kstoryespana.com\/es\/wp-json\/wp\/v2\/media\/28599"}],"wp:attachment":[{"href":"https:\/\/kstoryespana.com\/es\/wp-json\/wp\/v2\/media?parent=2950"}],"wp:term":[{"taxonomy":"product_brand","embeddable":true,"href":"https:\/\/kstoryespana.com\/es\/wp-json\/wp\/v2\/product_brand?post=2950"},{"taxonomy":"product_cat","embeddable":true,"href":"https:\/\/kstoryespana.com\/es\/wp-json\/wp\/v2\/product_cat?post=2950"},{"taxonomy":"product_tag","embeddable":true,"href":"https:\/\/kstoryespana.com\/es\/wp-json\/wp\/v2\/product_tag?post=2950"}],"curies":[{"name":"wp","href":"https:\/\/api.w.org\/{rel}","templated":true}]}}