{"id":2949,"date":"2025-05-27T21:32:52","date_gmt":"2025-05-27T21:32:52","guid":{"rendered":"https:\/\/kstoryespana.com\/?product=2021-drama-lost-ost-album-photobook-cd"},"modified":"2026-04-20T23:11:15","modified_gmt":"2026-04-20T21:11:15","slug":"2021-drama-lost-ost-album-photobook-cd","status":"publish","type":"product","link":"https:\/\/kstoryespana.com\/es\/product\/2021-drama-lost-ost-album-photobook-cd\/","title":{"rendered":"2021 Drama Lost OST Album (Photobook + CD)"},"content":{"rendered":"<p><strong>2021 Drama Lost OST Album (Photobook + CD)<\/strong><br data-mce-fragment=\"1\"><br data-mce-fragment=\"1\"><strong><span data-mce-fragment=\"1\">Package :<\/span><\/strong><\/p>\n<ul>\n<li>Out Box +\u00a0Photobook (60p) + CD-R + Postcard Set + Photocard Set<\/li>\n<\/ul>\n<ul>\n<li>\n<p><b>Noticia important :\u00a0La caja \/ caja exterior es simplemente para proteger la mercanc\u00eda. (Los da\u00f1os como ara\u00f1azos o decoloraci\u00f3n de la carcasa \/ caja no est\u00e1n cubiertos).<\/b><\/p>\n<\/li>\n<\/ul>\n<p>\u00a0<img decoding=\"async\" alt=\"\" src=\"https:\/\/cdn.shopify.com\/s\/files\/1\/0579\/9454\/3257\/files\/366809136.jpg?v=1645945878\" data-mce-src=\"https:\/\/cdn.shopify.com\/s\/files\/1\/0579\/9454\/3257\/files\/366809136.jpg?v=1645945878\" data-mce-fragment=\"1\"><\/p>","protected":false},"excerpt":{"rendered":"<p>2021 Drama Lost OST Album (Photobook + CD)Package : Out Box +\u00a0Photobook (60p) + CD-R + Postcard Set + Photocard Set Noticia important :\u00a0La caja \/ caja exterior es simplemente para proteger la mercanc\u00eda. (Los da\u00f1os como ara\u00f1azos o decoloraci\u00f3n de la carcasa \/ caja no est\u00e1n cubiertos). \u00a0<\/p>","protected":false},"featured_media":28598,"comment_status":"open","ping_status":"closed","template":"","meta":[],"product_brand":[4536],"product_cat":[4872,4348,4400],"product_tag":[7242],"class_list":{"0":"post-2949","1":"product","2":"type-product","3":"status-publish","4":"has-post-thumbnail","6":"product_brand-stock-in-korea","7":"product_cat-iva-reducida","8":"product_cat-k-product","9":"product_cat-kstoryfromkorea","10":"product_tag-drama","12":"first","13":"instock","14":"taxable","15":"shipping-taxable","16":"purchasable","17":"product-type-simple"},"jetpack_sharing_enabled":true,"_links":{"self":[{"href":"https:\/\/kstoryespana.com\/es\/wp-json\/wp\/v2\/product\/2949","targetHints":{"allow":["GET"]}}],"collection":[{"href":"https:\/\/kstoryespana.com\/es\/wp-json\/wp\/v2\/product"}],"about":[{"href":"https:\/\/kstoryespana.com\/es\/wp-json\/wp\/v2\/types\/product"}],"replies":[{"embeddable":true,"href":"https:\/\/kstoryespana.com\/es\/wp-json\/wp\/v2\/comments?post=2949"}],"wp:featuredmedia":[{"embeddable":true,"href":"https:\/\/kstoryespana.com\/es\/wp-json\/wp\/v2\/media\/28598"}],"wp:attachment":[{"href":"https:\/\/kstoryespana.com\/es\/wp-json\/wp\/v2\/media?parent=2949"}],"wp:term":[{"taxonomy":"product_brand","embeddable":true,"href":"https:\/\/kstoryespana.com\/es\/wp-json\/wp\/v2\/product_brand?post=2949"},{"taxonomy":"product_cat","embeddable":true,"href":"https:\/\/kstoryespana.com\/es\/wp-json\/wp\/v2\/product_cat?post=2949"},{"taxonomy":"product_tag","embeddable":true,"href":"https:\/\/kstoryespana.com\/es\/wp-json\/wp\/v2\/product_tag?post=2949"}],"curies":[{"name":"wp","href":"https:\/\/api.w.org\/{rel}","templated":true}]}}