{"id":28480,"date":"2025-05-27T23:17:58","date_gmt":"2025-05-27T23:17:58","guid":{"rendered":"https:\/\/kstoryespana.com\/?product=tocobo-vita-berry-pore-toner-150ml"},"modified":"2026-05-03T20:46:06","modified_gmt":"2026-05-03T18:46:06","slug":"tocobo-vita-berry-pore-toner-150ml","status":"publish","type":"product","link":"https:\/\/kstoryespana.com\/es\/product\/tocobo-vita-berry-pore-toner-150ml\/","title":{"rendered":"[TOCOBO] Vita Berry Pore Toner &#8211; 150ml"},"excerpt":{"rendered":"<p>Descripci\u00f3n: TOCOBO Vita Berry Pore Toner es un t\u00f3nico sin alcohol con 50 000 ppm de agua de bayas que exfolia suavemente la piel, elimina las c\u00e9lulas muertas y cierra los poros. Tambi\u00e9n ayuda a mejorar la textura de la piel y reducir la apariencia de poros dilatados. C\u00f3mo utilizar: Remoje un algod\u00f3n con una [&hellip;]<\/p>\n","protected":false},"featured_media":43874,"template":"","meta":[],"product_brand":[4535],"product_cat":[4403],"product_tag":[],"class_list":{"0":"post-28480","1":"product","2":"type-product","3":"status-publish","4":"has-post-thumbnail","6":"product_brand-stock-in-spain","7":"product_cat-kstoryespana","9":"first","10":"outofstock","11":"sale","12":"taxable","13":"shipping-taxable","14":"purchasable","15":"product-type-simple"},"jetpack_sharing_enabled":true,"_links":{"self":[{"href":"https:\/\/kstoryespana.com\/es\/wp-json\/wp\/v2\/product\/28480","targetHints":{"allow":["GET"]}}],"collection":[{"href":"https:\/\/kstoryespana.com\/es\/wp-json\/wp\/v2\/product"}],"about":[{"href":"https:\/\/kstoryespana.com\/es\/wp-json\/wp\/v2\/types\/product"}],"wp:featuredmedia":[{"embeddable":true,"href":"https:\/\/kstoryespana.com\/es\/wp-json\/wp\/v2\/media\/43874"}],"wp:attachment":[{"href":"https:\/\/kstoryespana.com\/es\/wp-json\/wp\/v2\/media?parent=28480"}],"wp:term":[{"taxonomy":"product_brand","embeddable":true,"href":"https:\/\/kstoryespana.com\/es\/wp-json\/wp\/v2\/product_brand?post=28480"},{"taxonomy":"product_cat","embeddable":true,"href":"https:\/\/kstoryespana.com\/es\/wp-json\/wp\/v2\/product_cat?post=28480"},{"taxonomy":"product_tag","embeddable":true,"href":"https:\/\/kstoryespana.com\/es\/wp-json\/wp\/v2\/product_tag?post=28480"}],"curies":[{"name":"wp","href":"https:\/\/api.w.org\/{rel}","templated":true}]}}