{"id":28476,"date":"2025-05-27T23:17:57","date_gmt":"2025-05-27T23:17:57","guid":{"rendered":"https:\/\/kstoryespana.com\/?product=tocobo-powder-cream-lip-balm-3-5g"},"modified":"2026-05-03T21:35:53","modified_gmt":"2026-05-03T19:35:53","slug":"tocobo-powder-cream-lip-balm-3-5g","status":"publish","type":"product","link":"https:\/\/kstoryespana.com\/es\/product\/tocobo-powder-cream-lip-balm-3-5g\/","title":{"rendered":"[TOCOBO] Powder Cream Lip Balm &#8211; 3.5g"},"excerpt":{"rendered":"<p>Descripci\u00f3n: El b\u00e1lsamo labial en crema en polvo TOCOBO es un b\u00e1lsamo labial vegano con color mate que se aplica suavemente como una crema en los labios con un acabado suave y empolvado. El b\u00e1lsamo labial tiene aceites nutritivos que se adhieren a los labios para lograr un color e hidrataci\u00f3n duraderos. C\u00f3mo utilizar: Aplicar [&hellip;]<\/p>\n","protected":false},"featured_media":43859,"template":"","meta":[],"product_brand":[4535],"product_cat":[4403],"product_tag":[],"class_list":{"0":"post-28476","1":"product","2":"type-product","3":"status-publish","4":"has-post-thumbnail","6":"product_brand-stock-in-spain","7":"product_cat-kstoryespana","9":"first","10":"instock","11":"sale","12":"taxable","13":"shipping-taxable","14":"purchasable","15":"product-type-variable"},"jetpack_sharing_enabled":true,"_links":{"self":[{"href":"https:\/\/kstoryespana.com\/es\/wp-json\/wp\/v2\/product\/28476","targetHints":{"allow":["GET"]}}],"collection":[{"href":"https:\/\/kstoryespana.com\/es\/wp-json\/wp\/v2\/product"}],"about":[{"href":"https:\/\/kstoryespana.com\/es\/wp-json\/wp\/v2\/types\/product"}],"wp:featuredmedia":[{"embeddable":true,"href":"https:\/\/kstoryespana.com\/es\/wp-json\/wp\/v2\/media\/43859"}],"wp:attachment":[{"href":"https:\/\/kstoryespana.com\/es\/wp-json\/wp\/v2\/media?parent=28476"}],"wp:term":[{"taxonomy":"product_brand","embeddable":true,"href":"https:\/\/kstoryespana.com\/es\/wp-json\/wp\/v2\/product_brand?post=28476"},{"taxonomy":"product_cat","embeddable":true,"href":"https:\/\/kstoryespana.com\/es\/wp-json\/wp\/v2\/product_cat?post=28476"},{"taxonomy":"product_tag","embeddable":true,"href":"https:\/\/kstoryespana.com\/es\/wp-json\/wp\/v2\/product_tag?post=28476"}],"curies":[{"name":"wp","href":"https:\/\/api.w.org\/{rel}","templated":true}]}}